{"id":1495,"date":"2023-03-09T04:15:02","date_gmt":"2023-03-09T07:15:02","guid":{"rendered":"https:\/\/ineqlab.cl\/?page_id=1495"},"modified":"2023-03-10T03:48:16","modified_gmt":"2023-03-10T06:48:16","slug":"nuestra-empresa","status":"publish","type":"page","link":"https:\/\/ineqlab.cl\/en\/nuestra-empresa\/","title":{"rendered":"Nuestra Empresa"},"content":{"rendered":"<div data-elementor-type=\"wp-page\" data-elementor-id=\"1495\" class=\"elementor elementor-1495\">\n\t\t\t\t\t\t<section class=\"elementor-section elementor-top-section elementor-element elementor-element-befd0cb elementor-section-content-middle elementor-section-boxed elementor-section-height-default elementor-section-height-default\" data-id=\"befd0cb\" data-element_type=\"section\" data-e-type=\"section\">\n\t\t\t\t\t\t<div class=\"elementor-container elementor-column-gap-no\">\n\t\t\t\t\t<div class=\"elementor-column elementor-col-50 elementor-top-column elementor-element elementor-element-35f0ea0\" data-id=\"35f0ea0\" data-element_type=\"column\" data-e-type=\"column\">\n\t\t\t<div class=\"elementor-widget-wrap elementor-element-populated\">\n\t\t\t\t\t\t<div class=\"elementor-element elementor-element-f55bf8f elementor-widget elementor-widget-heading\" data-id=\"f55bf8f\" data-element_type=\"widget\" data-e-type=\"widget\" data-widget_type=\"heading.default\">\n\t\t\t\t<div class=\"elementor-widget-container\">\n\t\t\t\t\t<h2 class=\"elementor-heading-title elementor-size-default\">Misi\u00f3n <\/h2>\t\t\t\t<\/div>\n\t\t\t\t<\/div>\n\t\t\t\t<div class=\"elementor-element elementor-element-e74a624 elementor-widget elementor-widget-image\" data-id=\"e74a624\" data-element_type=\"widget\" data-e-type=\"widget\" data-widget_type=\"image.default\">\n\t\t\t\t<div class=\"elementor-widget-container\">\n\t\t\t\t\t\t\t\t\t\t\t\t\t\t\t<img fetchpriority=\"high\" decoding=\"async\" width=\"2560\" height=\"1707\" src=\"https:\/\/ineqlab.cl\/wp-content\/uploads\/2023\/03\/trnava-university-_9xRHrMOjeg-unsplash-scaled.jpg\" class=\"elementor-animation-grow attachment-full size-full wp-image-1434\" alt=\"\" srcset=\"https:\/\/ineqlab.cl\/wp-content\/uploads\/2023\/03\/trnava-university-_9xRHrMOjeg-unsplash-scaled.jpg 2560w, https:\/\/ineqlab.cl\/wp-content\/uploads\/2023\/03\/trnava-university-_9xRHrMOjeg-unsplash-scaled-600x400.jpg 600w, https:\/\/ineqlab.cl\/wp-content\/uploads\/2023\/03\/trnava-university-_9xRHrMOjeg-unsplash-300x200.jpg 300w, https:\/\/ineqlab.cl\/wp-content\/uploads\/2023\/03\/trnava-university-_9xRHrMOjeg-unsplash-1024x683.jpg 1024w, https:\/\/ineqlab.cl\/wp-content\/uploads\/2023\/03\/trnava-university-_9xRHrMOjeg-unsplash-768x512.jpg 768w, https:\/\/ineqlab.cl\/wp-content\/uploads\/2023\/03\/trnava-university-_9xRHrMOjeg-unsplash-1536x1024.jpg 1536w, https:\/\/ineqlab.cl\/wp-content\/uploads\/2023\/03\/trnava-university-_9xRHrMOjeg-unsplash-2048x1365.jpg 2048w\" sizes=\"(max-width: 2560px) 100vw, 2560px\" \/>\t\t\t\t\t\t\t\t\t\t\t\t\t\t\t<\/div>\n\t\t\t\t<\/div>\n\t\t\t\t<div class=\"elementor-element elementor-element-37d6744 elementor-widget elementor-widget-text-editor\" data-id=\"37d6744\" data-element_type=\"widget\" data-e-type=\"widget\" data-widget_type=\"text-editor.default\">\n\t\t\t\t<div class=\"elementor-widget-container\">\n\t\t\t\t\t\t\t\t\t<p>Representar las mejores marcas dentro de la industria y ser l\u00edder en la importaci\u00f3n y distribuci\u00f3n cumpliendo con los m\u00e1s altos est\u00e1ndares de calidad del mercado nacional. Satisfaciendo las amplias necesidades y expectativas de nuestros clientes.<\/p>\t\t\t\t\t\t\t\t<\/div>\n\t\t\t\t<\/div>\n\t\t\t\t\t<\/div>\n\t\t<\/div>\n\t\t\t\t<div class=\"elementor-column elementor-col-50 elementor-top-column elementor-element elementor-element-ce49563\" data-id=\"ce49563\" data-element_type=\"column\" data-e-type=\"column\">\n\t\t\t<div class=\"elementor-widget-wrap elementor-element-populated\">\n\t\t\t\t\t\t<div class=\"elementor-element elementor-element-45b3d97 elementor-widget elementor-widget-heading\" data-id=\"45b3d97\" data-element_type=\"widget\" data-e-type=\"widget\" data-widget_type=\"heading.default\">\n\t\t\t\t<div class=\"elementor-widget-container\">\n\t\t\t\t\t<h2 class=\"elementor-heading-title elementor-size-default\">Visi\u00f3n <\/h2>\t\t\t\t<\/div>\n\t\t\t\t<\/div>\n\t\t\t\t<div class=\"elementor-element elementor-element-b3ebf47 elementor-widget elementor-widget-text-editor\" data-id=\"b3ebf47\" data-element_type=\"widget\" data-e-type=\"widget\" data-widget_type=\"text-editor.default\">\n\t\t\t\t<div class=\"elementor-widget-container\">\n\t\t\t\t\t\t\t\t\t<p>Queremos satisfacer un modelo ajustado al vol\u00e1til contexto actual que cumpla con precios competitivos, plazos de entrega estimados, compromisos y servicios post venta, atento ante cualquier inquietud de nuestros clientes hasta convertirnos en una empresa ejemplar en servicios en la regi\u00f3n y el pa\u00eds.<\/p>\t\t\t\t\t\t\t\t<\/div>\n\t\t\t\t<\/div>\n\t\t\t\t<div class=\"elementor-element elementor-element-3592d38 elementor-widget elementor-widget-image\" data-id=\"3592d38\" data-element_type=\"widget\" data-e-type=\"widget\" data-widget_type=\"image.default\">\n\t\t\t\t<div class=\"elementor-widget-container\">\n\t\t\t\t\t\t\t\t\t\t\t\t\t\t\t<img decoding=\"async\" width=\"2560\" height=\"1455\" src=\"https:\/\/ineqlab.cl\/wp-content\/uploads\/2023\/03\/shutterstock_538352002-scaled.jpg\" class=\"elementor-animation-grow attachment-full size-full wp-image-1426\" alt=\"\" srcset=\"https:\/\/ineqlab.cl\/wp-content\/uploads\/2023\/03\/shutterstock_538352002-scaled.jpg 2560w, https:\/\/ineqlab.cl\/wp-content\/uploads\/2023\/03\/shutterstock_538352002-scaled-600x341.jpg 600w, https:\/\/ineqlab.cl\/wp-content\/uploads\/2023\/03\/shutterstock_538352002-300x171.jpg 300w, https:\/\/ineqlab.cl\/wp-content\/uploads\/2023\/03\/shutterstock_538352002-1024x582.jpg 1024w, https:\/\/ineqlab.cl\/wp-content\/uploads\/2023\/03\/shutterstock_538352002-768x437.jpg 768w, https:\/\/ineqlab.cl\/wp-content\/uploads\/2023\/03\/shutterstock_538352002-1536x873.jpg 1536w, https:\/\/ineqlab.cl\/wp-content\/uploads\/2023\/03\/shutterstock_538352002-2048x1164.jpg 2048w\" sizes=\"(max-width: 2560px) 100vw, 2560px\" \/>\t\t\t\t\t\t\t\t\t\t\t\t\t\t\t<\/div>\n\t\t\t\t<\/div>\n\t\t\t\t\t<\/div>\n\t\t<\/div>\n\t\t\t\t\t<\/div>\n\t\t<\/section>\n\t\t\t\t<\/div>","protected":false},"excerpt":{"rendered":"<p>Misi\u00f3n Representar las mejores marcas dentro de la industria y ser l\u00edder en la importaci\u00f3n y distribuci\u00f3n cumpliendo con los m\u00e1s altos est\u00e1ndares de calidad del mercado nacional. Satisfaciendo las amplias necesidades y expectativas de nuestros clientes. Visi\u00f3n Queremos satisfacer un modelo ajustado al vol\u00e1til contexto actual que cumpla con precios competitivos, plazos de entrega [&hellip;]<\/p>\n","protected":false},"author":2,"featured_media":0,"parent":0,"menu_order":0,"comment_status":"closed","ping_status":"closed","template":"","meta":{"site-sidebar-layout":"no-sidebar","site-content-layout":"page-builder","ast-site-content-layout":"default","site-content-style":"default","site-sidebar-style":"default","ast-global-header-display":"","ast-banner-title-visibility":"","ast-main-header-display":"","ast-hfb-above-header-display":"","ast-hfb-below-header-display":"","ast-hfb-mobile-header-display":"","site-post-title":"disabled","ast-breadcrumbs-content":"","ast-featured-img":"disabled","footer-sml-layout":"","ast-disable-related-posts":"","theme-transparent-header-meta":"","adv-header-id-meta":"","stick-header-meta":"","header-above-stick-meta":"","header-main-stick-meta":"","header-below-stick-meta":"","astra-migrate-meta-layouts":"default","ast-page-background-enabled":"default","ast-page-background-meta":{"desktop":{"background-color":"var(--ast-global-color-4)","background-image":"","background-repeat":"repeat","background-position":"center center","background-size":"auto","background-attachment":"scroll","background-type":"","background-media":"","overlay-type":"","overlay-color":"","overlay-opacity":"","overlay-gradient":""},"tablet":{"background-color":"","background-image":"","background-repeat":"repeat","background-position":"center center","background-size":"auto","background-attachment":"scroll","background-type":"","background-media":"","overlay-type":"","overlay-color":"","overlay-opacity":"","overlay-gradient":""},"mobile":{"background-color":"","background-image":"","background-repeat":"repeat","background-position":"center center","background-size":"auto","background-attachment":"scroll","background-type":"","background-media":"","overlay-type":"","overlay-color":"","overlay-opacity":"","overlay-gradient":""}},"ast-content-background-meta":{"desktop":{"background-color":"var(--ast-global-color-5)","background-image":"","background-repeat":"repeat","background-position":"center center","background-size":"auto","background-attachment":"scroll","background-type":"","background-media":"","overlay-type":"","overlay-color":"","overlay-opacity":"","overlay-gradient":""},"tablet":{"background-color":"var(--ast-global-color-5)","background-image":"","background-repeat":"repeat","background-position":"center center","background-size":"auto","background-attachment":"scroll","background-type":"","background-media":"","overlay-type":"","overlay-color":"","overlay-opacity":"","overlay-gradient":""},"mobile":{"background-color":"var(--ast-global-color-5)","background-image":"","background-repeat":"repeat","background-position":"center center","background-size":"auto","background-attachment":"scroll","background-type":"","background-media":"","overlay-type":"","overlay-color":"","overlay-opacity":"","overlay-gradient":""}},"footnotes":""},"class_list":["post-1495","page","type-page","status-publish","hentry"],"_links":{"self":[{"href":"https:\/\/ineqlab.cl\/en\/wp-json\/wp\/v2\/pages\/1495","targetHints":{"allow":["GET"]}}],"collection":[{"href":"https:\/\/ineqlab.cl\/en\/wp-json\/wp\/v2\/pages"}],"about":[{"href":"https:\/\/ineqlab.cl\/en\/wp-json\/wp\/v2\/types\/page"}],"author":[{"embeddable":true,"href":"https:\/\/ineqlab.cl\/en\/wp-json\/wp\/v2\/users\/2"}],"replies":[{"embeddable":true,"href":"https:\/\/ineqlab.cl\/en\/wp-json\/wp\/v2\/comments?post=1495"}],"version-history":[{"count":5,"href":"https:\/\/ineqlab.cl\/en\/wp-json\/wp\/v2\/pages\/1495\/revisions"}],"predecessor-version":[{"id":1734,"href":"https:\/\/ineqlab.cl\/en\/wp-json\/wp\/v2\/pages\/1495\/revisions\/1734"}],"wp:attachment":[{"href":"https:\/\/ineqlab.cl\/en\/wp-json\/wp\/v2\/media?parent=1495"}],"curies":[{"name":"wp","href":"https:\/\/api.w.org\/{rel}","templated":true}]}}