{"id":110,"date":"2022-10-10T21:45:09","date_gmt":"2022-10-11T00:45:09","guid":{"rendered":"https:\/\/ineqlab.cl\/?post_type=product&#038;p=110"},"modified":"2023-03-12T19:34:14","modified_gmt":"2023-03-12T22:34:14","slug":"cabina-de-pcr-con-flujo-laminar-3","status":"publish","type":"product","link":"https:\/\/ineqlab.cl\/en\/product\/cabina-de-pcr-con-flujo-laminar-3\/","title":{"rendered":"Cabina de pcr con flujo laminar"},"content":{"rendered":"<p>Caracteristicas Tecnicas: El gabinete de flujo laminar Modelo Purair PCR-48 emplea la tecnolog\u00eda de filtraci\u00f3n de aire ciencia Multiplex \u2122 HEPA para crear un ambiente seguro y eficiente, libre de contaminantes. Es ideal para el uso de contaminantes no peligrosos y cuando se requiere un acceso flexible a la instrumentaci\u00f3n en el gabinete. \u2022 Excelente protecci\u00f3n interior de contaminaci\u00f3n de part\u00edculas. \u2022 M\u00faltiples opciones para aplicaciones personalizadas. \u2022 F\u00e1cil cambio filtraci\u00f3n HEPA. \u2022 Flujo laminar vertical. \u2022 Potente l\u00e1mpara UV incorporada. \u2022 360 grados de visibilidad: clara posteriores y los paneles laterales permiten la iluminaci\u00f3n ambiente en la c\u00e1mara y proporcionar a los usuarios una vista sin obst\u00e1culos de sus contenidos. \u2022 Cumple las normas: Construcci\u00f3n y especificaciones de rendimiento cumplen o exceden OSHA, ANSI y las normas internacionales pertinentes para garantizar la seguridad del operador. \u2022 Marco de acero soporte: La estructura de acero recubierto de epoxi resistente a productos qu\u00edmicos agrega fuerza mec\u00e1nica. A. Equipo de Iluminaci\u00f3n: L\u00e1mpara fluorescente armario situado lejos de la zona de flujo laminar B. Ultravioleta de luz: l\u00e1mpara de luz ultravioleta incorporado con permisos temporizador de descontaminaci\u00f3n entre los ciclos de PCR. Incluye una cubierta de seguridad de doble leng\u00fceta de 0,2 UV &#8220;5 mm de absorci\u00f3n de policarbonato resistente a 254 nm radiaci\u00f3n beta, proporciona una protecci\u00f3n superior para el operador al tiempo que permite un f\u00e1cil acceso a la zona de trabajo del temporizador puede ajustarse en todo el rango de 0 a 60 minutos o ajustado C. Confort: frontal angular ergon\u00f3mico mejora el acceso y la comodidad del usuario. D. Descontaminaci\u00f3n \u00fatil: Montado en la pared del fondo est\u00e1 pr\u00f3xima a la l\u00e1mpara UV para la exposici\u00f3n m\u00e1xima. E. Filtro: filtro HEPA principal Camfil con una eficiencia del 99,99% para part\u00edculas de 0,3 micras. El pre-filtro se puede cambiar mientras la unidad est\u00e1 funcionando para evitar la exposici\u00f3n del operador a los vapores qu\u00edmicos. F. Paso a trav\u00e9s de puertos: Conveniente pared posterior pase a trav\u00e9s de los puertos de enrutamiento seguro de los cables de instrumentos, cables y l\u00edneas. G. Doble bisagra autoblocante delantero Banda: Con la superposici\u00f3n cerrada, la banda del gabinete protege muestras en la superficie de trabajo de la contaminaci\u00f3n con el flujo de aire de 100 pies por minuto. La banda se cierra por completo la unidad cuando no est\u00e9 en uso y es f\u00e1cil de abrir y el pestillo. H. Fan: ventilador centr\u00edfugo de alto rendimiento ebmpapst \u2122. J. Superficie de trabajo: Ampliaci\u00f3n de la superficie de trabajo de polipropileno, est\u00e1ndar de color blanco o negro, con la superficie de trabajo de acero inoxidable opcional disponible. K. Filtro de bloqueo de la puerta: Previene supresi\u00f3n no autorizada o la exposici\u00f3n accidental a los filtros sucios. Especificaciones Tecnicas: &#8211; Dimensiones internas : 1219*610*679mm &#8211; Dimensiones externas :1219*686*889 &#8211; Flujo de aire : descendente vertical 0,45 ms &#8211; Pre-filtro: fibras de poli\u00e9ster desechables con 85% arrestancia &#8211; Eficiencia HEPA, el 99,99% a 0.3\u00b5m &#8211; Apriete : Abrazadera de tornillo de compresi\u00f3n &#8211; Iluminaci\u00f3n : bombilla fluorescente compacta, retirado de la corriente de aire. &#8211; L\u00e1mpara UV : 1 x 253,7 nan\u00f3metros de 15V &#8211; Construcci\u00f3n :policarbonato. &#8211; Visibles Opacidad :transparente, incoloro &#8211; UV Opacidad : que absorbe rayos UV. &#8211; Peso : 88 kg NORMAS Y COMPLIMIENTOS Calidad Sistemas de Gesti\u00f3n ISO 9001: 2008 Medio Ambiente ISO 14001: 2004 ENERGY STAR\u00ae Gabinete Rendimiento IEST-RP-CC002.2 AS 2252.6 Calidad del aire en la norma ISO 14644-1, Clase 4 Filtraci\u00f3n IEST-RP-CC034.1 IEST-RP-CC001.3 IEST-RP-CC007.1 EN 1822 Seguridad El\u00e9ctrica UL-C-61010-1 marca CE RoHS Exento bajo la AEE Categor\u00eda 9<\/p>","protected":false},"excerpt":{"rendered":"<p><label class=\"label\">Marca<\/label>\u00a0AIR SCIENCE<\/p>\n<div class=\"product-information\">\n<div id=\"product-description-short-107\">Cabina de pcr con flujo laminar<\/div>\n<\/div>","protected":false},"featured_media":111,"template":"","meta":{"site-sidebar-layout":"default","site-content-layout":"","ast-site-content-layout":"default","site-content-style":"default","site-sidebar-style":"default","ast-global-header-display":"","ast-banner-title-visibility":"","ast-main-header-display":"","ast-hfb-above-header-display":"","ast-hfb-below-header-display":"","ast-hfb-mobile-header-display":"","site-post-title":"","ast-breadcrumbs-content":"","ast-featured-img":"","footer-sml-layout":"","ast-disable-related-posts":"","theme-transparent-header-meta":"","adv-header-id-meta":"","stick-header-meta":"","header-above-stick-meta":"","header-main-stick-meta":"","header-below-stick-meta":"","astra-migrate-meta-layouts":"default","ast-page-background-enabled":"default","ast-page-background-meta":{"desktop":{"background-color":"var(--ast-global-color-4)","background-image":"","background-repeat":"repeat","background-position":"center center","background-size":"auto","background-attachment":"scroll","background-type":"","background-media":"","overlay-type":"","overlay-color":"","overlay-opacity":"","overlay-gradient":""},"tablet":{"background-color":"","background-image":"","background-repeat":"repeat","background-position":"center center","background-size":"auto","background-attachment":"scroll","background-type":"","background-media":"","overlay-type":"","overlay-color":"","overlay-opacity":"","overlay-gradient":""},"mobile":{"background-color":"","background-image":"","background-repeat":"repeat","background-position":"center center","background-size":"auto","background-attachment":"scroll","background-type":"","background-media":"","overlay-type":"","overlay-color":"","overlay-opacity":"","overlay-gradient":""}},"ast-content-background-meta":{"desktop":{"background-color":"var(--ast-global-color-5)","background-image":"","background-repeat":"repeat","background-position":"center center","background-size":"auto","background-attachment":"scroll","background-type":"","background-media":"","overlay-type":"","overlay-color":"","overlay-opacity":"","overlay-gradient":""},"tablet":{"background-color":"var(--ast-global-color-5)","background-image":"","background-repeat":"repeat","background-position":"center center","background-size":"auto","background-attachment":"scroll","background-type":"","background-media":"","overlay-type":"","overlay-color":"","overlay-opacity":"","overlay-gradient":""},"mobile":{"background-color":"var(--ast-global-color-5)","background-image":"","background-repeat":"repeat","background-position":"center center","background-size":"auto","background-attachment":"scroll","background-type":"","background-media":"","overlay-type":"","overlay-color":"","overlay-opacity":"","overlay-gradient":""}}},"product_brand":[],"product_cat":[20],"product_tag":[],"class_list":{"0":"post-110","1":"product","2":"type-product","3":"status-publish","4":"has-post-thumbnail","6":"product_cat-gabinetes-campanas","7":"desktop-align-left","8":"tablet-align-left","9":"mobile-align-left","11":"first","12":"instock","13":"shipping-taxable","14":"purchasable","15":"product-type-simple"},"_links":{"self":[{"href":"https:\/\/ineqlab.cl\/en\/wp-json\/wp\/v2\/product\/110","targetHints":{"allow":["GET"]}}],"collection":[{"href":"https:\/\/ineqlab.cl\/en\/wp-json\/wp\/v2\/product"}],"about":[{"href":"https:\/\/ineqlab.cl\/en\/wp-json\/wp\/v2\/types\/product"}],"wp:featuredmedia":[{"embeddable":true,"href":"https:\/\/ineqlab.cl\/en\/wp-json\/wp\/v2\/media\/111"}],"wp:attachment":[{"href":"https:\/\/ineqlab.cl\/en\/wp-json\/wp\/v2\/media?parent=110"}],"wp:term":[{"taxonomy":"product_brand","embeddable":true,"href":"https:\/\/ineqlab.cl\/en\/wp-json\/wp\/v2\/product_brand?post=110"},{"taxonomy":"product_cat","embeddable":true,"href":"https:\/\/ineqlab.cl\/en\/wp-json\/wp\/v2\/product_cat?post=110"},{"taxonomy":"product_tag","embeddable":true,"href":"https:\/\/ineqlab.cl\/en\/wp-json\/wp\/v2\/product_tag?post=110"}],"curies":[{"name":"wp","href":"https:\/\/api.w.org\/{rel}","templated":true}]}}