{"id":118,"date":"2022-10-10T21:51:30","date_gmt":"2022-10-11T00:51:30","guid":{"rendered":"https:\/\/ineqlab.cl\/?post_type=product&#038;p=118"},"modified":"2023-03-12T19:34:14","modified_gmt":"2023-03-12T22:34:14","slug":"gabinete-de-bioseguridad-clase-ii-tipo-a2600-mm","status":"publish","type":"product","link":"https:\/\/ineqlab.cl\/en\/product\/gabinete-de-bioseguridad-clase-ii-tipo-a2600-mm\/","title":{"rendered":"Gabinete de bioseguridad clase II tipo A2600 MM"},"content":{"rendered":"<p>Caracteristicas : Clase II tipo A2. Modelo 11231 BBC86 Segunda Generaci\u00f3n La Cabina de seguridad biol\u00f3gica Clase II proporcionar\u00e1 seguridad al personal, el medio ambiente y a la protecci\u00f3n de la muestra. 1.Dise\u00f1o compacto para espacios peque\u00f1os. 2. \u00c1rea de trabajo presi\u00f3n negativa 3. Funci\u00f3n de temporizador 4. Pantalla LCD 5. Informaci\u00f3n de vida \u00fatil del filtro 6. Puerta frontal guillotina, con control motorizado. 7. Alarmas sonoras . Incluye 2 filtros HEPA. 99,999% para part\u00edculas a partir de los 0,3 micrones. El valor en la pantalla indica la p\u00e9rdida de presi\u00f3n del filtro con un error del sensor de presi\u00f3n diferencial de no m\u00e1s del 5%. Cuando la velocidad del flujo descendente y de entrada fluct\u00faa m\u00e1s del 20% del valor normal, el gabinete activa una alarma. Temporizador UV: Desde la activacion despues de 30 minutos, la l\u00e1mpara de UV se apaga autom\u00e1ticamente. Ajuste autom\u00e1ticamente de la velocidad del Blower. Cuando el equipo se encuentra en situaci\u00f3n de espera, el ventilador puede seguir funcionando a baja velocidad durante 3 horas, de modo que se puede volver a utilizar sin necesidad de esterilizar la zona de trabajo. Si ninguna operaci\u00f3n se sucede durante m\u00e1s de tres horas, el ventilador se apaga autom\u00e1ticamente. Todas las funciones son operadas a trav\u00e9s de una gran pantalla en la que el usuario puede encontrar detalles del estado de la cabina, como el flujo de aire ascendente y descendente, temperatura y humedad del \u00e1rea de trabajo, presi\u00f3n en los filtros, tiempo de trabajo de la l\u00e1mpara UV, tiempo de uso de los filtros y aviso de cambio de filtros. La puerta guillotina de la campana tambi\u00e9n se opera desde el display y desde el control remoto. Incorpora un control remoto con el que puede operarse el equipo a 6 metros de distancia posibilitando proteger al operario en caso de emergencia. Especificaciones : &#8211; Apertura de operaci\u00f3n: Altura de seguridad &lt; 200 mm &#8211; M\u00e1xima apertura: 400 mm &#8211; Velocidad del flujo de entrada inflow: 0.53 ms &#8211; Velocidad del flujo descendente downflow: 0.33 ms &#8211; Filtros: 2 filtros HEPA 99.999 %&amp; de eficiencia 0.3 \u00b5 &#8211; Puerta Frontal: vidrio templado doble capa de 5 mm &#8211; L\u00e1mpara UV: 18 W &#8211; L\u00e1mpara Fluorescente: 14 W &#8211; Iluminaci\u00f3n: 800 lux &#8211; Ruido: &lt; 60 dB &#8211; Consumo: 500W &#8211; Tomacorrientes: x 2, a prueba de salpicaduras, m\u00e1x. 500W &#8211; Pantalla: LCD &#8211; Sistema de control: microprocesador &#8211; Material de construcci\u00f3n: &#8211; Zona de trabajo: acero inoxidable 304 &#8211; Cuerpo: acero laminado en fr\u00edo con pintura anti-bacterial &#8211; Alimentaci\u00f3n el\u00e9ctrica: 240 V 50 Hz &#8211; Configuraci\u00f3n est\u00e1ndar: Cuerpo, control remoto, l\u00e1mpara UV y l\u00e1mpara fluorescente. &#8211; Peso Neto: 80 Kg &#8212; Medidas internas: 600 x 500 x 540 mm &#8211; Medidas externas: 700 x 650 x 1230 mm<\/p>","protected":false},"excerpt":{"rendered":"<p><label class=\"label\">Marca<\/label>\u00a0BIOBASE<\/p>\n<div class=\"product-information\">\n<div id=\"product-description-short-170\">Gabinete de bioseguridad clase II tipo A2600 MM<\/div>\n<div class=\"product-actions\">\n<form id=\"add-to-cart-or-refresh\" action=\"https:\/\/ltech.cl\/carrito\" method=\"post\">\n<div class=\"product-variants\"><\/div>\n<\/form>\n<\/div>\n<\/div>","protected":false},"featured_media":116,"template":"","meta":{"site-sidebar-layout":"default","site-content-layout":"","ast-site-content-layout":"default","site-content-style":"default","site-sidebar-style":"default","ast-global-header-display":"","ast-banner-title-visibility":"","ast-main-header-display":"","ast-hfb-above-header-display":"","ast-hfb-below-header-display":"","ast-hfb-mobile-header-display":"","site-post-title":"","ast-breadcrumbs-content":"","ast-featured-img":"","footer-sml-layout":"","ast-disable-related-posts":"","theme-transparent-header-meta":"","adv-header-id-meta":"","stick-header-meta":"","header-above-stick-meta":"","header-main-stick-meta":"","header-below-stick-meta":"","astra-migrate-meta-layouts":"default","ast-page-background-enabled":"default","ast-page-background-meta":{"desktop":{"background-color":"var(--ast-global-color-4)","background-image":"","background-repeat":"repeat","background-position":"center center","background-size":"auto","background-attachment":"scroll","background-type":"","background-media":"","overlay-type":"","overlay-color":"","overlay-opacity":"","overlay-gradient":""},"tablet":{"background-color":"","background-image":"","background-repeat":"repeat","background-position":"center center","background-size":"auto","background-attachment":"scroll","background-type":"","background-media":"","overlay-type":"","overlay-color":"","overlay-opacity":"","overlay-gradient":""},"mobile":{"background-color":"","background-image":"","background-repeat":"repeat","background-position":"center center","background-size":"auto","background-attachment":"scroll","background-type":"","background-media":"","overlay-type":"","overlay-color":"","overlay-opacity":"","overlay-gradient":""}},"ast-content-background-meta":{"desktop":{"background-color":"var(--ast-global-color-5)","background-image":"","background-repeat":"repeat","background-position":"center center","background-size":"auto","background-attachment":"scroll","background-type":"","background-media":"","overlay-type":"","overlay-color":"","overlay-opacity":"","overlay-gradient":""},"tablet":{"background-color":"var(--ast-global-color-5)","background-image":"","background-repeat":"repeat","background-position":"center center","background-size":"auto","background-attachment":"scroll","background-type":"","background-media":"","overlay-type":"","overlay-color":"","overlay-opacity":"","overlay-gradient":""},"mobile":{"background-color":"var(--ast-global-color-5)","background-image":"","background-repeat":"repeat","background-position":"center center","background-size":"auto","background-attachment":"scroll","background-type":"","background-media":"","overlay-type":"","overlay-color":"","overlay-opacity":"","overlay-gradient":""}}},"product_brand":[],"product_cat":[20],"product_tag":[],"class_list":{"0":"post-118","1":"product","2":"type-product","3":"status-publish","4":"has-post-thumbnail","6":"product_cat-gabinetes-campanas","7":"desktop-align-left","8":"tablet-align-left","9":"mobile-align-left","11":"first","12":"instock","13":"shipping-taxable","14":"purchasable","15":"product-type-simple"},"_links":{"self":[{"href":"https:\/\/ineqlab.cl\/en\/wp-json\/wp\/v2\/product\/118","targetHints":{"allow":["GET"]}}],"collection":[{"href":"https:\/\/ineqlab.cl\/en\/wp-json\/wp\/v2\/product"}],"about":[{"href":"https:\/\/ineqlab.cl\/en\/wp-json\/wp\/v2\/types\/product"}],"wp:featuredmedia":[{"embeddable":true,"href":"https:\/\/ineqlab.cl\/en\/wp-json\/wp\/v2\/media\/116"}],"wp:attachment":[{"href":"https:\/\/ineqlab.cl\/en\/wp-json\/wp\/v2\/media?parent=118"}],"wp:term":[{"taxonomy":"product_brand","embeddable":true,"href":"https:\/\/ineqlab.cl\/en\/wp-json\/wp\/v2\/product_brand?post=118"},{"taxonomy":"product_cat","embeddable":true,"href":"https:\/\/ineqlab.cl\/en\/wp-json\/wp\/v2\/product_cat?post=118"},{"taxonomy":"product_tag","embeddable":true,"href":"https:\/\/ineqlab.cl\/en\/wp-json\/wp\/v2\/product_tag?post=118"}],"curies":[{"name":"wp","href":"https:\/\/api.w.org\/{rel}","templated":true}]}}