{"id":124,"date":"2022-10-10T22:28:36","date_gmt":"2022-10-11T01:28:36","guid":{"rendered":"https:\/\/ineqlab.cl\/?post_type=product&#038;p=124"},"modified":"2023-03-12T19:34:14","modified_gmt":"2023-03-12T22:34:14","slug":"campana-de-flujo-laminar-vertical-800mm","status":"publish","type":"product","link":"https:\/\/ineqlab.cl\/en\/product\/campana-de-flujo-laminar-vertical-800mm\/","title":{"rendered":"Campana de flujo laminar vertical 800mm"},"content":{"rendered":"<p>Caracteristicas Tecnicas : &#8211; Control microprocesado con Pantalla LED &#8211; Velocidad del aire ajustable &#8211; Apertura m\u00e1xima: 490 mm &#8211; Dimensiones internas : Ancho 800 x Fondo 600 x Altura 540mm &#8211; Dimensiones externas : Ancho 802 x Fondo 650 x Altura 1550mm &#8211; Altura de mesa de trabajo con respecto al piso: 660 mm &#8211; Velocidad del flujo del aire: promedio de 0.3 a 0.5 ms &#8211; Material del cuerpo : acero laminado en fr\u00edo con capa de pintura anti-bacterial. &#8211; Material mesa de trabajo: acero inoxidable 304 &#8211; Puerta guillotina frontal manual, con vidrio reforzado de 5 mm y protecci\u00f3n anti-UV &#8211; Prefiltro: lavable, en fibra de poli\u00e9ster. &#8211; Eficiencia del filtro HEPA: 99.999% a 0,3 \u00b5m &#8211; Nivel de ruido: &lt;60 dB &#8211; Base universal con ruedas con freno y pie elevador &#8211; L\u00e1mpara fluorescente : 14W &#8211; L\u00e1mpara UV: emisi\u00f3n de 253.7nm &#8211; Consumo: 350W &#8211; Alimentaci\u00f3n: 220 V 50-60 HZ &#8211; Peso : 116 kg &#8211; Proporciona protecci\u00f3n al producto, garantizando que el trabajo en el banco s\u00f3lo se expone al aire filtrado por el filtro HEPA. &#8211; Incluye: base, l\u00e1mpara fluorescente y UV &#8211; Cumple con normas CE.<\/p>","protected":false},"excerpt":{"rendered":"<p><label class=\"label\">Marca<\/label>\u00a0BIOBASE<\/p>\n<div class=\"product-information\">\n<div id=\"product-description-short-212\">Campana de flujo laminar vertical 800mm<\/div>\n<\/div>","protected":false},"featured_media":123,"template":"","meta":{"site-sidebar-layout":"default","site-content-layout":"","ast-site-content-layout":"default","site-content-style":"default","site-sidebar-style":"default","ast-global-header-display":"","ast-banner-title-visibility":"","ast-main-header-display":"","ast-hfb-above-header-display":"","ast-hfb-below-header-display":"","ast-hfb-mobile-header-display":"","site-post-title":"","ast-breadcrumbs-content":"","ast-featured-img":"","footer-sml-layout":"","ast-disable-related-posts":"","theme-transparent-header-meta":"","adv-header-id-meta":"","stick-header-meta":"","header-above-stick-meta":"","header-main-stick-meta":"","header-below-stick-meta":"","astra-migrate-meta-layouts":"default","ast-page-background-enabled":"default","ast-page-background-meta":{"desktop":{"background-color":"var(--ast-global-color-4)","background-image":"","background-repeat":"repeat","background-position":"center center","background-size":"auto","background-attachment":"scroll","background-type":"","background-media":"","overlay-type":"","overlay-color":"","overlay-opacity":"","overlay-gradient":""},"tablet":{"background-color":"","background-image":"","background-repeat":"repeat","background-position":"center center","background-size":"auto","background-attachment":"scroll","background-type":"","background-media":"","overlay-type":"","overlay-color":"","overlay-opacity":"","overlay-gradient":""},"mobile":{"background-color":"","background-image":"","background-repeat":"repeat","background-position":"center center","background-size":"auto","background-attachment":"scroll","background-type":"","background-media":"","overlay-type":"","overlay-color":"","overlay-opacity":"","overlay-gradient":""}},"ast-content-background-meta":{"desktop":{"background-color":"var(--ast-global-color-5)","background-image":"","background-repeat":"repeat","background-position":"center center","background-size":"auto","background-attachment":"scroll","background-type":"","background-media":"","overlay-type":"","overlay-color":"","overlay-opacity":"","overlay-gradient":""},"tablet":{"background-color":"var(--ast-global-color-5)","background-image":"","background-repeat":"repeat","background-position":"center center","background-size":"auto","background-attachment":"scroll","background-type":"","background-media":"","overlay-type":"","overlay-color":"","overlay-opacity":"","overlay-gradient":""},"mobile":{"background-color":"var(--ast-global-color-5)","background-image":"","background-repeat":"repeat","background-position":"center center","background-size":"auto","background-attachment":"scroll","background-type":"","background-media":"","overlay-type":"","overlay-color":"","overlay-opacity":"","overlay-gradient":""}}},"product_brand":[],"product_cat":[20],"product_tag":[],"class_list":{"0":"post-124","1":"product","2":"type-product","3":"status-publish","4":"has-post-thumbnail","6":"product_cat-gabinetes-campanas","7":"desktop-align-left","8":"tablet-align-left","9":"mobile-align-left","11":"first","12":"instock","13":"shipping-taxable","14":"purchasable","15":"product-type-simple"},"_links":{"self":[{"href":"https:\/\/ineqlab.cl\/en\/wp-json\/wp\/v2\/product\/124","targetHints":{"allow":["GET"]}}],"collection":[{"href":"https:\/\/ineqlab.cl\/en\/wp-json\/wp\/v2\/product"}],"about":[{"href":"https:\/\/ineqlab.cl\/en\/wp-json\/wp\/v2\/types\/product"}],"wp:featuredmedia":[{"embeddable":true,"href":"https:\/\/ineqlab.cl\/en\/wp-json\/wp\/v2\/media\/123"}],"wp:attachment":[{"href":"https:\/\/ineqlab.cl\/en\/wp-json\/wp\/v2\/media?parent=124"}],"wp:term":[{"taxonomy":"product_brand","embeddable":true,"href":"https:\/\/ineqlab.cl\/en\/wp-json\/wp\/v2\/product_brand?post=124"},{"taxonomy":"product_cat","embeddable":true,"href":"https:\/\/ineqlab.cl\/en\/wp-json\/wp\/v2\/product_cat?post=124"},{"taxonomy":"product_tag","embeddable":true,"href":"https:\/\/ineqlab.cl\/en\/wp-json\/wp\/v2\/product_tag?post=124"}],"curies":[{"name":"wp","href":"https:\/\/api.w.org\/{rel}","templated":true}]}}