{"id":140,"date":"2022-10-10T22:43:10","date_gmt":"2022-10-11T01:43:10","guid":{"rendered":"https:\/\/ineqlab.cl\/?post_type=product&#038;p=140"},"modified":"2023-03-12T19:34:14","modified_gmt":"2023-03-12T22:34:14","slug":"armario-de-seguridad-acidos-fuertes-y-alcalis-170lt","status":"publish","type":"product","link":"https:\/\/ineqlab.cl\/en\/product\/armario-de-seguridad-acidos-fuertes-y-alcalis-170lt\/","title":{"rendered":"Armario de seguridad acidos fuertes y alcalis 170lt"},"content":{"rendered":"<p>Caracter\u00edsticas Tecnicas: Los armarios de seguridad permiten el almacenamiento de sustancias quimicas e inflamables, seg\u00fan practicas internacionales, se identifican en 4 colores, el amarillo se utiliza para la seguridad de los productos inflamables, los materiales combustibles del theredfor, los materiales corrosivos d\u00e9biles del thebluefor para los materiales de fuertes corrosivos pueden solamente ser cabina de almacenaje material salvada de PP polipropileno, tal como \u00e1cido sulf\u00farico, \u00e1cido n\u00edtrico, \u00e1cido hidroflu\u00f3rico y otros, y el blanco se utilizan para salvar los materiales t\u00f3xicos El efecto com\u00fan del cada tipo cabina de seguridad est\u00e1 para la prevenci\u00f3n contra los incendios, el aislante de calor y el almacenaje seguro. &#8211; Placa de acero del anti-fuego de la Dos-capa con 38m m entre dos placas de acero para el aislante &#8211; Material de la carrocer\u00eda principal: placa de acero de 1.2m m pintada con la resina de epoxy &#8211; Seguridad: bloqueo del tres-acoplamiento. La puerta tiene dos claves y est\u00e1 disponible utilizar el candado que realicen la gerencia segura de double-locked con dos sostenedores dominantes &#8211; Tanque l\u00edquido de la anti-salida con la altura de 50m m no asegura ning\u00fan desbordamiento l\u00edquido &#8211; Etiquetas de advertencia espec\u00edficas para diferentes tipos de armario de almacenaje de la seguridad &#8211; Instalado con salidas de aire dobles que se fijan con los dispositivos del anti-fuego &#8211; Estantes ajustables de la anti-salida. Capacidad: 45 galones170L Material: Acero laminado en fr\u00edo anti-fuego de doble capa Estante ajustable: 2 PC Puerta: Doble manual Tama\u00f1o externo W * D * H mm: 1090*460*1650 Peso: 102KG<\/p>","protected":false},"excerpt":{"rendered":"<p><label class=\"label\">Marca<\/label>\u00a0BIOBASE<\/p>\n<div class=\"product-information\">\n<div id=\"product-description-short-343\">Armario de seguridad acidos fuertes y alcalis 170lt<\/div>\n<\/div>","protected":false},"featured_media":142,"template":"","meta":{"site-sidebar-layout":"default","site-content-layout":"","ast-site-content-layout":"default","site-content-style":"default","site-sidebar-style":"default","ast-global-header-display":"","ast-banner-title-visibility":"","ast-main-header-display":"","ast-hfb-above-header-display":"","ast-hfb-below-header-display":"","ast-hfb-mobile-header-display":"","site-post-title":"","ast-breadcrumbs-content":"","ast-featured-img":"","footer-sml-layout":"","ast-disable-related-posts":"","theme-transparent-header-meta":"","adv-header-id-meta":"","stick-header-meta":"","header-above-stick-meta":"","header-main-stick-meta":"","header-below-stick-meta":"","astra-migrate-meta-layouts":"default","ast-page-background-enabled":"default","ast-page-background-meta":{"desktop":{"background-color":"var(--ast-global-color-4)","background-image":"","background-repeat":"repeat","background-position":"center center","background-size":"auto","background-attachment":"scroll","background-type":"","background-media":"","overlay-type":"","overlay-color":"","overlay-opacity":"","overlay-gradient":""},"tablet":{"background-color":"","background-image":"","background-repeat":"repeat","background-position":"center center","background-size":"auto","background-attachment":"scroll","background-type":"","background-media":"","overlay-type":"","overlay-color":"","overlay-opacity":"","overlay-gradient":""},"mobile":{"background-color":"","background-image":"","background-repeat":"repeat","background-position":"center center","background-size":"auto","background-attachment":"scroll","background-type":"","background-media":"","overlay-type":"","overlay-color":"","overlay-opacity":"","overlay-gradient":""}},"ast-content-background-meta":{"desktop":{"background-color":"var(--ast-global-color-5)","background-image":"","background-repeat":"repeat","background-position":"center center","background-size":"auto","background-attachment":"scroll","background-type":"","background-media":"","overlay-type":"","overlay-color":"","overlay-opacity":"","overlay-gradient":""},"tablet":{"background-color":"var(--ast-global-color-5)","background-image":"","background-repeat":"repeat","background-position":"center center","background-size":"auto","background-attachment":"scroll","background-type":"","background-media":"","overlay-type":"","overlay-color":"","overlay-opacity":"","overlay-gradient":""},"mobile":{"background-color":"var(--ast-global-color-5)","background-image":"","background-repeat":"repeat","background-position":"center center","background-size":"auto","background-attachment":"scroll","background-type":"","background-media":"","overlay-type":"","overlay-color":"","overlay-opacity":"","overlay-gradient":""}}},"product_brand":[],"product_cat":[20],"product_tag":[],"class_list":{"0":"post-140","1":"product","2":"type-product","3":"status-publish","4":"has-post-thumbnail","6":"product_cat-gabinetes-campanas","7":"desktop-align-left","8":"tablet-align-left","9":"mobile-align-left","11":"first","12":"instock","13":"shipping-taxable","14":"purchasable","15":"product-type-simple"},"_links":{"self":[{"href":"https:\/\/ineqlab.cl\/en\/wp-json\/wp\/v2\/product\/140","targetHints":{"allow":["GET"]}}],"collection":[{"href":"https:\/\/ineqlab.cl\/en\/wp-json\/wp\/v2\/product"}],"about":[{"href":"https:\/\/ineqlab.cl\/en\/wp-json\/wp\/v2\/types\/product"}],"wp:featuredmedia":[{"embeddable":true,"href":"https:\/\/ineqlab.cl\/en\/wp-json\/wp\/v2\/media\/142"}],"wp:attachment":[{"href":"https:\/\/ineqlab.cl\/en\/wp-json\/wp\/v2\/media?parent=140"}],"wp:term":[{"taxonomy":"product_brand","embeddable":true,"href":"https:\/\/ineqlab.cl\/en\/wp-json\/wp\/v2\/product_brand?post=140"},{"taxonomy":"product_cat","embeddable":true,"href":"https:\/\/ineqlab.cl\/en\/wp-json\/wp\/v2\/product_cat?post=140"},{"taxonomy":"product_tag","embeddable":true,"href":"https:\/\/ineqlab.cl\/en\/wp-json\/wp\/v2\/product_tag?post=140"}],"curies":[{"name":"wp","href":"https:\/\/api.w.org\/{rel}","templated":true}]}}