{"id":166,"date":"2022-10-10T22:51:26","date_gmt":"2022-10-11T01:51:26","guid":{"rendered":"https:\/\/ineqlab.cl\/?post_type=product&#038;p=166"},"modified":"2023-03-12T19:34:15","modified_gmt":"2023-03-12T22:34:15","slug":"armario-de-seguridad-pcorrosivos-15lts","status":"publish","type":"product","link":"https:\/\/ineqlab.cl\/en\/product\/armario-de-seguridad-pcorrosivos-15lts\/","title":{"rendered":"Armario de seguridad pcorrosivos 15lts"},"content":{"rendered":"<p>Caracter\u00edsticas Tecnicas: Armarios de seguridad para corrosivos , seg\u00fan practicas internacionales, se identifican en 4 colores, el amarillo se utiliza para la seguridad de los productos inflamables, los materiales combustibles del theredfor, los materiales corrosivos d\u00e9biles del thebluefor . El efecto com\u00fan del cada tipo cabina de seguridad est\u00e1 para la prevenci\u00f3n contra los incendios, el aislante de calor y el almacenaje seguro. &#8211; Placa de acero del anti-fuego de la Dos-capa con 38m m entre dos placas de acero para el aislante &#8211; Material de la carrocer\u00eda principal: placa de acero de 1.2m m pintada con la resina de epoxy &#8211; Seguridad: bloqueo del tres-acoplamiento. La puerta tiene dos claves y est\u00e1 disponible utilizar el candado que realicen la gerencia segura de double-locked con dos sostenedores dominantes &#8211; Tanque l\u00edquido de la anti-salida con la altura de 50m m no asegura ning\u00fan desbordamiento l\u00edquido &#8211; Escrituras de la etiqueta espec\u00edficas para diversas clases de cabina de almacenaje de la seguridad &#8211; Instalado con las salidas de aire dobles que se fijan con los dispositivos del anti-fuego Especificaciones Tecnicas: &#8211; Capacidad de almacenaje : 15 litros 4 galones &#8211; Color azul para productos qu\u00edmicos alcalinos, acidos corrosivos &#8211; Material en acero laminado en fr\u00edo, anti-incendios de doble capa. &#8211; Un estantes ajustables &#8211; Una puerta individual. &#8211; Dimensiones externas : 430 x 430 x 560mm &#8211; Peso : 34 kg<\/p>","protected":false},"excerpt":{"rendered":"<p><label class=\"label\">Marca<\/label>\u00a0<a href=\"https:\/\/ltech.cl\/brand\/16-biobase\">BIOBASE<\/a><\/p>\n<div class=\"product-information\">\n<div id=\"product-description-short-351\">Armario de seguridad pcorrosivos 15lts<\/div>\n<\/div>","protected":false},"featured_media":169,"template":"","meta":{"site-sidebar-layout":"default","site-content-layout":"","ast-site-content-layout":"default","site-content-style":"default","site-sidebar-style":"default","ast-global-header-display":"","ast-banner-title-visibility":"","ast-main-header-display":"","ast-hfb-above-header-display":"","ast-hfb-below-header-display":"","ast-hfb-mobile-header-display":"","site-post-title":"","ast-breadcrumbs-content":"","ast-featured-img":"","footer-sml-layout":"","ast-disable-related-posts":"","theme-transparent-header-meta":"","adv-header-id-meta":"","stick-header-meta":"","header-above-stick-meta":"","header-main-stick-meta":"","header-below-stick-meta":"","astra-migrate-meta-layouts":"default","ast-page-background-enabled":"default","ast-page-background-meta":{"desktop":{"background-color":"var(--ast-global-color-4)","background-image":"","background-repeat":"repeat","background-position":"center center","background-size":"auto","background-attachment":"scroll","background-type":"","background-media":"","overlay-type":"","overlay-color":"","overlay-opacity":"","overlay-gradient":""},"tablet":{"background-color":"","background-image":"","background-repeat":"repeat","background-position":"center center","background-size":"auto","background-attachment":"scroll","background-type":"","background-media":"","overlay-type":"","overlay-color":"","overlay-opacity":"","overlay-gradient":""},"mobile":{"background-color":"","background-image":"","background-repeat":"repeat","background-position":"center center","background-size":"auto","background-attachment":"scroll","background-type":"","background-media":"","overlay-type":"","overlay-color":"","overlay-opacity":"","overlay-gradient":""}},"ast-content-background-meta":{"desktop":{"background-color":"var(--ast-global-color-5)","background-image":"","background-repeat":"repeat","background-position":"center center","background-size":"auto","background-attachment":"scroll","background-type":"","background-media":"","overlay-type":"","overlay-color":"","overlay-opacity":"","overlay-gradient":""},"tablet":{"background-color":"var(--ast-global-color-5)","background-image":"","background-repeat":"repeat","background-position":"center center","background-size":"auto","background-attachment":"scroll","background-type":"","background-media":"","overlay-type":"","overlay-color":"","overlay-opacity":"","overlay-gradient":""},"mobile":{"background-color":"var(--ast-global-color-5)","background-image":"","background-repeat":"repeat","background-position":"center center","background-size":"auto","background-attachment":"scroll","background-type":"","background-media":"","overlay-type":"","overlay-color":"","overlay-opacity":"","overlay-gradient":""}}},"product_brand":[],"product_cat":[20],"product_tag":[],"class_list":{"0":"post-166","1":"product","2":"type-product","3":"status-publish","4":"has-post-thumbnail","6":"product_cat-gabinetes-campanas","7":"desktop-align-left","8":"tablet-align-left","9":"mobile-align-left","11":"first","12":"instock","13":"shipping-taxable","14":"purchasable","15":"product-type-simple"},"_links":{"self":[{"href":"https:\/\/ineqlab.cl\/en\/wp-json\/wp\/v2\/product\/166","targetHints":{"allow":["GET"]}}],"collection":[{"href":"https:\/\/ineqlab.cl\/en\/wp-json\/wp\/v2\/product"}],"about":[{"href":"https:\/\/ineqlab.cl\/en\/wp-json\/wp\/v2\/types\/product"}],"wp:featuredmedia":[{"embeddable":true,"href":"https:\/\/ineqlab.cl\/en\/wp-json\/wp\/v2\/media\/169"}],"wp:attachment":[{"href":"https:\/\/ineqlab.cl\/en\/wp-json\/wp\/v2\/media?parent=166"}],"wp:term":[{"taxonomy":"product_brand","embeddable":true,"href":"https:\/\/ineqlab.cl\/en\/wp-json\/wp\/v2\/product_brand?post=166"},{"taxonomy":"product_cat","embeddable":true,"href":"https:\/\/ineqlab.cl\/en\/wp-json\/wp\/v2\/product_cat?post=166"},{"taxonomy":"product_tag","embeddable":true,"href":"https:\/\/ineqlab.cl\/en\/wp-json\/wp\/v2\/product_tag?post=166"}],"curies":[{"name":"wp","href":"https:\/\/api.w.org\/{rel}","templated":true}]}}