{"id":170,"date":"2022-10-10T22:52:44","date_gmt":"2022-10-11T01:52:44","guid":{"rendered":"https:\/\/ineqlab.cl\/?post_type=product&#038;p=170"},"modified":"2023-03-12T19:34:15","modified_gmt":"2023-03-12T22:34:15","slug":"cabina-para-pcr","status":"publish","type":"product","link":"https:\/\/ineqlab.cl\/en\/product\/cabina-para-pcr\/","title":{"rendered":"Cabina para pcr"},"content":{"rendered":"<p>Modelo MODELO PCR1000 Cabina PCR es un equipo que provee un ambiente de aire limpio, su corriente de aire es vertical y se utiliza el UV de manera efectiva en esta cabina. El aire limpio del flujo descendente protege contra la contaminaci\u00f3n por el ba\u00f1o de los aparatos PCR en aire est\u00e9ril y limita el riesgo de contaminaci\u00f3n por los brazos del operador, o de cualquiera de los equipos insertados en el de otra manera, ambiente est\u00e9ril. La presi\u00f3n positiva asegura que no haya ingreso de contaminantes aerotransportados de los alrededores del ambiente del laboratorio. Las ventanas de vidrio templado ofrecen visi\u00f3n excepcionalmente clara y no permite la transmisi\u00f3n de UV. Caracter\u00edsticas: *Dimension interna : 900x595x560mm *Diemnsion Externa :1000x705x1770mm * Sistema de esterilizaci\u00f3n UV * Filtro HEPA de eficiencia 99.999% a 0.3um * Pantalla LCD * Alarma de audio * Funci\u00f3n de bloqueo: la l\u00e1mpara UV s\u00f3lo se puede cambiar cuando la ventana delantera est\u00e1 cerrada, asegurando la seguridad del operador. * Temporizador UV 1-99 minutos: una vez que el tiempo expira, la l\u00e1mpara UV se apaga autom\u00e1ticamente en preparaci\u00f3n para el siguiente experimento<\/p>","protected":false},"excerpt":{"rendered":"<p><label class=\"label\">Marca<\/label>\u00a0BIOBASE<\/p>\n<div class=\"product-information\">\n<div id=\"product-description-short-363\">Cabina para pcr<\/div>\n<\/div>","protected":false},"featured_media":172,"template":"","meta":{"site-sidebar-layout":"default","site-content-layout":"","ast-site-content-layout":"default","site-content-style":"default","site-sidebar-style":"default","ast-global-header-display":"","ast-banner-title-visibility":"","ast-main-header-display":"","ast-hfb-above-header-display":"","ast-hfb-below-header-display":"","ast-hfb-mobile-header-display":"","site-post-title":"","ast-breadcrumbs-content":"","ast-featured-img":"","footer-sml-layout":"","ast-disable-related-posts":"","theme-transparent-header-meta":"","adv-header-id-meta":"","stick-header-meta":"","header-above-stick-meta":"","header-main-stick-meta":"","header-below-stick-meta":"","astra-migrate-meta-layouts":"default","ast-page-background-enabled":"default","ast-page-background-meta":{"desktop":{"background-color":"var(--ast-global-color-4)","background-image":"","background-repeat":"repeat","background-position":"center center","background-size":"auto","background-attachment":"scroll","background-type":"","background-media":"","overlay-type":"","overlay-color":"","overlay-opacity":"","overlay-gradient":""},"tablet":{"background-color":"","background-image":"","background-repeat":"repeat","background-position":"center center","background-size":"auto","background-attachment":"scroll","background-type":"","background-media":"","overlay-type":"","overlay-color":"","overlay-opacity":"","overlay-gradient":""},"mobile":{"background-color":"","background-image":"","background-repeat":"repeat","background-position":"center center","background-size":"auto","background-attachment":"scroll","background-type":"","background-media":"","overlay-type":"","overlay-color":"","overlay-opacity":"","overlay-gradient":""}},"ast-content-background-meta":{"desktop":{"background-color":"var(--ast-global-color-5)","background-image":"","background-repeat":"repeat","background-position":"center center","background-size":"auto","background-attachment":"scroll","background-type":"","background-media":"","overlay-type":"","overlay-color":"","overlay-opacity":"","overlay-gradient":""},"tablet":{"background-color":"var(--ast-global-color-5)","background-image":"","background-repeat":"repeat","background-position":"center center","background-size":"auto","background-attachment":"scroll","background-type":"","background-media":"","overlay-type":"","overlay-color":"","overlay-opacity":"","overlay-gradient":""},"mobile":{"background-color":"var(--ast-global-color-5)","background-image":"","background-repeat":"repeat","background-position":"center center","background-size":"auto","background-attachment":"scroll","background-type":"","background-media":"","overlay-type":"","overlay-color":"","overlay-opacity":"","overlay-gradient":""}}},"product_brand":[],"product_cat":[20],"product_tag":[],"class_list":{"0":"post-170","1":"product","2":"type-product","3":"status-publish","4":"has-post-thumbnail","6":"product_cat-gabinetes-campanas","7":"desktop-align-left","8":"tablet-align-left","9":"mobile-align-left","11":"first","12":"instock","13":"shipping-taxable","14":"purchasable","15":"product-type-simple"},"_links":{"self":[{"href":"https:\/\/ineqlab.cl\/en\/wp-json\/wp\/v2\/product\/170","targetHints":{"allow":["GET"]}}],"collection":[{"href":"https:\/\/ineqlab.cl\/en\/wp-json\/wp\/v2\/product"}],"about":[{"href":"https:\/\/ineqlab.cl\/en\/wp-json\/wp\/v2\/types\/product"}],"wp:featuredmedia":[{"embeddable":true,"href":"https:\/\/ineqlab.cl\/en\/wp-json\/wp\/v2\/media\/172"}],"wp:attachment":[{"href":"https:\/\/ineqlab.cl\/en\/wp-json\/wp\/v2\/media?parent=170"}],"wp:term":[{"taxonomy":"product_brand","embeddable":true,"href":"https:\/\/ineqlab.cl\/en\/wp-json\/wp\/v2\/product_brand?post=170"},{"taxonomy":"product_cat","embeddable":true,"href":"https:\/\/ineqlab.cl\/en\/wp-json\/wp\/v2\/product_cat?post=170"},{"taxonomy":"product_tag","embeddable":true,"href":"https:\/\/ineqlab.cl\/en\/wp-json\/wp\/v2\/product_tag?post=170"}],"curies":[{"name":"wp","href":"https:\/\/api.w.org\/{rel}","templated":true}]}}