{"id":180,"date":"2022-10-10T22:56:14","date_gmt":"2022-10-11T01:56:14","guid":{"rendered":"https:\/\/ineqlab.cl\/?post_type=product&#038;p=180"},"modified":"2023-03-12T19:34:15","modified_gmt":"2023-03-12T22:34:15","slug":"camara-de-crecimiento-con-luz-300lts","status":"publish","type":"product","link":"https:\/\/ineqlab.cl\/en\/product\/camara-de-crecimiento-con-luz-300lts\/","title":{"rendered":"C\u00e1mara de crecimiento con luz, 300lts"},"content":{"rendered":"<p>Caracter\u00edsticas: &#8211; Controlador programable de 30 pasos de temperatura, que puede establecer diferentes temperaturas con intensidad de luz diferentes. &#8211; Tipo de iluminaci\u00f3n: por 2 lados &#8211; Control de iluminaci\u00f3n: iluminacion de seis niveles, con control de iluminaci\u00f3n relativa. &#8211; Control PID, regrigeraante libre de CFC. -Tres laminas de vidrio para proporcionar homogenidad. &#8211; Ssstema de alarma, mal funcionamemiento. Especificaciones: &#8211; Volumen: 300L &#8211; Rango de Temperatura: con iluminaci\u00f3n 10 ~50 \u00b0C, sin encender 4 ~ 50\u00b0C &#8211; Control de temperatura: 0,1\u00b0C &#8211; Estabilidad de la temperatura: \u00b1 1\u00b0C &#8211; Uniformidad de temperatura: \u00b1 1\u00b0C &#8211; Intensidad de iluminaci\u00f3n: 0-6000 LUX, 6 ajuste de luminocidad. &#8211; Energ\u00eda de entrada: 2000W &#8211; Requisito el\u00e9ctrico: 220V, 50Hz &#8211; Timer de no menos de 180h &#8211; Tama\u00f1o interno cm: 49*47.5*128 &#8211; Tama\u00f1o externo cm: 68.5*78*192 &#8211; Estantes No. PCS: 2<\/p>","protected":false},"excerpt":{"rendered":"<p><label class=\"label\">Marca<\/label>\u00a0BIOBASE<\/p>\n<div class=\"product-information\">\n<div id=\"product-description-short-366\">C\u00e1mara de crecimiento con luz, 300lt<\/div>\n<\/div>","protected":false},"featured_media":175,"template":"","meta":{"site-sidebar-layout":"default","site-content-layout":"","ast-site-content-layout":"default","site-content-style":"default","site-sidebar-style":"default","ast-global-header-display":"","ast-banner-title-visibility":"","ast-main-header-display":"","ast-hfb-above-header-display":"","ast-hfb-below-header-display":"","ast-hfb-mobile-header-display":"","site-post-title":"","ast-breadcrumbs-content":"","ast-featured-img":"","footer-sml-layout":"","ast-disable-related-posts":"","theme-transparent-header-meta":"","adv-header-id-meta":"","stick-header-meta":"","header-above-stick-meta":"","header-main-stick-meta":"","header-below-stick-meta":"","astra-migrate-meta-layouts":"default","ast-page-background-enabled":"default","ast-page-background-meta":{"desktop":{"background-color":"var(--ast-global-color-4)","background-image":"","background-repeat":"repeat","background-position":"center center","background-size":"auto","background-attachment":"scroll","background-type":"","background-media":"","overlay-type":"","overlay-color":"","overlay-opacity":"","overlay-gradient":""},"tablet":{"background-color":"","background-image":"","background-repeat":"repeat","background-position":"center center","background-size":"auto","background-attachment":"scroll","background-type":"","background-media":"","overlay-type":"","overlay-color":"","overlay-opacity":"","overlay-gradient":""},"mobile":{"background-color":"","background-image":"","background-repeat":"repeat","background-position":"center center","background-size":"auto","background-attachment":"scroll","background-type":"","background-media":"","overlay-type":"","overlay-color":"","overlay-opacity":"","overlay-gradient":""}},"ast-content-background-meta":{"desktop":{"background-color":"var(--ast-global-color-5)","background-image":"","background-repeat":"repeat","background-position":"center center","background-size":"auto","background-attachment":"scroll","background-type":"","background-media":"","overlay-type":"","overlay-color":"","overlay-opacity":"","overlay-gradient":""},"tablet":{"background-color":"var(--ast-global-color-5)","background-image":"","background-repeat":"repeat","background-position":"center center","background-size":"auto","background-attachment":"scroll","background-type":"","background-media":"","overlay-type":"","overlay-color":"","overlay-opacity":"","overlay-gradient":""},"mobile":{"background-color":"var(--ast-global-color-5)","background-image":"","background-repeat":"repeat","background-position":"center center","background-size":"auto","background-attachment":"scroll","background-type":"","background-media":"","overlay-type":"","overlay-color":"","overlay-opacity":"","overlay-gradient":""}}},"product_brand":[],"product_cat":[20],"product_tag":[],"class_list":{"0":"post-180","1":"product","2":"type-product","3":"status-publish","4":"has-post-thumbnail","6":"product_cat-gabinetes-campanas","7":"desktop-align-left","8":"tablet-align-left","9":"mobile-align-left","11":"first","12":"instock","13":"shipping-taxable","14":"purchasable","15":"product-type-simple"},"_links":{"self":[{"href":"https:\/\/ineqlab.cl\/en\/wp-json\/wp\/v2\/product\/180","targetHints":{"allow":["GET"]}}],"collection":[{"href":"https:\/\/ineqlab.cl\/en\/wp-json\/wp\/v2\/product"}],"about":[{"href":"https:\/\/ineqlab.cl\/en\/wp-json\/wp\/v2\/types\/product"}],"wp:featuredmedia":[{"embeddable":true,"href":"https:\/\/ineqlab.cl\/en\/wp-json\/wp\/v2\/media\/175"}],"wp:attachment":[{"href":"https:\/\/ineqlab.cl\/en\/wp-json\/wp\/v2\/media?parent=180"}],"wp:term":[{"taxonomy":"product_brand","embeddable":true,"href":"https:\/\/ineqlab.cl\/en\/wp-json\/wp\/v2\/product_brand?post=180"},{"taxonomy":"product_cat","embeddable":true,"href":"https:\/\/ineqlab.cl\/en\/wp-json\/wp\/v2\/product_cat?post=180"},{"taxonomy":"product_tag","embeddable":true,"href":"https:\/\/ineqlab.cl\/en\/wp-json\/wp\/v2\/product_tag?post=180"}],"curies":[{"name":"wp","href":"https:\/\/api.w.org\/{rel}","templated":true}]}}