{"id":188,"date":"2022-10-10T22:59:28","date_gmt":"2022-10-11T01:59:28","guid":{"rendered":"https:\/\/ineqlab.cl\/?post_type=product&#038;p=188"},"modified":"2023-03-12T19:34:15","modified_gmt":"2023-03-12T22:34:15","slug":"campana-flujo-laminar-vertical-980mm","status":"publish","type":"product","link":"https:\/\/ineqlab.cl\/en\/product\/campana-flujo-laminar-vertical-980mm\/","title":{"rendered":"Campana flujo laminar vertical 980mm"},"content":{"rendered":"<p>Caracteristicas Tecnicas : Clase 100, provee un ambiente libre de part\u00edculas gracias a su Filtro HEPA de alta eficiencia lo que brinda una adecuada protecci\u00f3n a la muestra. Especificaciones: *Dimensiones Ext: 1040*660*1770mm *Dimensiones Int: 940*560*545mm *Superficie de Trabajo: 750mm. *Material: Cuerpo principal: acero laminado en frio con recubrimiento de polvo anti-bacterias. *Mesa de Trabajo: acero inoxidable 304 *Monitor : Pantalla LED *Pre-Filtro: Fibra de poliester, lavable *Filtro HEPA: Eficiencia de 99,99% a 0,3\u00b5m. *Velocidad del Flujo de Aire: 0,3~0.5ms adjustable. *Display digital *Ventana Frontal: Manual, vidrio reforzado de 5mm, Anti-UV. *M\u00e1xima apertura: 350mm *Ruido : 60dB *L\u00e1mpara Fluorescente: 21W *L\u00e1mpara UV: 18W, emisi\u00f3n de 253.7 nm. *Castor : Lanzador universal con patas niveladas. *Opera a 220 volt. 50HZ *Consumo: 350W *Peso Neto: 150Kg Incluye : * Lampara Fluorescente * Lampara UV*2 * Base Soporte.<\/p>","protected":false},"excerpt":{"rendered":"<p><label class=\"label\">Marca<\/label>\u00a0BIOBASE<\/p>\n<div class=\"product-information\">\n<div id=\"product-description-short-369\">Campana flujo laminar vertical 980mm<\/div>\n<\/div>","protected":false},"featured_media":189,"template":"","meta":{"site-sidebar-layout":"default","site-content-layout":"","ast-site-content-layout":"default","site-content-style":"default","site-sidebar-style":"default","ast-global-header-display":"","ast-banner-title-visibility":"","ast-main-header-display":"","ast-hfb-above-header-display":"","ast-hfb-below-header-display":"","ast-hfb-mobile-header-display":"","site-post-title":"","ast-breadcrumbs-content":"","ast-featured-img":"","footer-sml-layout":"","ast-disable-related-posts":"","theme-transparent-header-meta":"","adv-header-id-meta":"","stick-header-meta":"","header-above-stick-meta":"","header-main-stick-meta":"","header-below-stick-meta":"","astra-migrate-meta-layouts":"default","ast-page-background-enabled":"default","ast-page-background-meta":{"desktop":{"background-color":"var(--ast-global-color-4)","background-image":"","background-repeat":"repeat","background-position":"center center","background-size":"auto","background-attachment":"scroll","background-type":"","background-media":"","overlay-type":"","overlay-color":"","overlay-opacity":"","overlay-gradient":""},"tablet":{"background-color":"","background-image":"","background-repeat":"repeat","background-position":"center center","background-size":"auto","background-attachment":"scroll","background-type":"","background-media":"","overlay-type":"","overlay-color":"","overlay-opacity":"","overlay-gradient":""},"mobile":{"background-color":"","background-image":"","background-repeat":"repeat","background-position":"center center","background-size":"auto","background-attachment":"scroll","background-type":"","background-media":"","overlay-type":"","overlay-color":"","overlay-opacity":"","overlay-gradient":""}},"ast-content-background-meta":{"desktop":{"background-color":"var(--ast-global-color-5)","background-image":"","background-repeat":"repeat","background-position":"center center","background-size":"auto","background-attachment":"scroll","background-type":"","background-media":"","overlay-type":"","overlay-color":"","overlay-opacity":"","overlay-gradient":""},"tablet":{"background-color":"var(--ast-global-color-5)","background-image":"","background-repeat":"repeat","background-position":"center center","background-size":"auto","background-attachment":"scroll","background-type":"","background-media":"","overlay-type":"","overlay-color":"","overlay-opacity":"","overlay-gradient":""},"mobile":{"background-color":"var(--ast-global-color-5)","background-image":"","background-repeat":"repeat","background-position":"center center","background-size":"auto","background-attachment":"scroll","background-type":"","background-media":"","overlay-type":"","overlay-color":"","overlay-opacity":"","overlay-gradient":""}}},"product_brand":[],"product_cat":[20],"product_tag":[],"class_list":{"0":"post-188","1":"product","2":"type-product","3":"status-publish","4":"has-post-thumbnail","6":"product_cat-gabinetes-campanas","7":"desktop-align-left","8":"tablet-align-left","9":"mobile-align-left","11":"first","12":"instock","13":"shipping-taxable","14":"purchasable","15":"product-type-simple"},"_links":{"self":[{"href":"https:\/\/ineqlab.cl\/en\/wp-json\/wp\/v2\/product\/188","targetHints":{"allow":["GET"]}}],"collection":[{"href":"https:\/\/ineqlab.cl\/en\/wp-json\/wp\/v2\/product"}],"about":[{"href":"https:\/\/ineqlab.cl\/en\/wp-json\/wp\/v2\/types\/product"}],"wp:featuredmedia":[{"embeddable":true,"href":"https:\/\/ineqlab.cl\/en\/wp-json\/wp\/v2\/media\/189"}],"wp:attachment":[{"href":"https:\/\/ineqlab.cl\/en\/wp-json\/wp\/v2\/media?parent=188"}],"wp:term":[{"taxonomy":"product_brand","embeddable":true,"href":"https:\/\/ineqlab.cl\/en\/wp-json\/wp\/v2\/product_brand?post=188"},{"taxonomy":"product_cat","embeddable":true,"href":"https:\/\/ineqlab.cl\/en\/wp-json\/wp\/v2\/product_cat?post=188"},{"taxonomy":"product_tag","embeddable":true,"href":"https:\/\/ineqlab.cl\/en\/wp-json\/wp\/v2\/product_tag?post=188"}],"curies":[{"name":"wp","href":"https:\/\/api.w.org\/{rel}","templated":true}]}}