{"id":197,"date":"2022-10-10T23:02:05","date_gmt":"2022-10-11T02:02:05","guid":{"rendered":"https:\/\/ineqlab.cl\/?post_type=product&#038;p=197"},"modified":"2023-03-12T19:34:15","modified_gmt":"2023-03-12T22:34:15","slug":"gabinete-de-bioseguridad-clase-ii-a21800-mm","status":"publish","type":"product","link":"https:\/\/ineqlab.cl\/en\/product\/gabinete-de-bioseguridad-clase-ii-a21800-mm\/","title":{"rendered":"Gabinete de bioseguridad clase II a21800 mm"},"content":{"rendered":"<p>Caracter\u00edsticas Tecnicas: Modelo BSC-1800IIA2-X Protecci\u00f3n de tres tipos: operador, muestra y el medio ambiente con presi\u00f3n negativa. Sistema de flujo de aire 70 % de recirculaci\u00f3n de aire , 30 % de salida de aire . A2 gabinete es adecuado para trabajar con la investigaci\u00f3n microbiol\u00f3gica en ausencia de productos qu\u00edmicos y de radion\u00faclidos vol\u00e1tiles o t\u00f3xicos. Display de gran tama\u00f1o para visualizar los par\u00e1metros programados, superficie de trabajo de acero inoxidable, dos toma corrientes internos para peque\u00f1os equipos a utilizar. Posee control remoto para operar a distancia todas las funciones. Incorpora luz Uv y Fluorescente. Especificaciones Tecnicas: * Velocidad de Flujo: 0.53\u00b10.025 ms * Filtro Hepa H14: Dos, 99.999% 0.3m. con Luz indicador de uso. * Vidrio: Motorizado. Dos capas laminadas 5mm. Anti UV. * Ruido: EN12469 58 dB NSF49 61 dB * L\u00e1mpara UV: 15W*1, con timer. * Luz Fluorescente: 21W*2 *Sistema de alarma: reemplazo del filtro, ventana sobre la altura, la velocidad del flujo de aire anormal *Dimensiones internas: 1700* 600*630mm *Dimensiones externas: 1873*775*2290mm *Voltaje220 volt<\/p>","protected":false},"excerpt":{"rendered":"<p><label class=\"label\">Marca<\/label>\u00a0BIOBASE<\/p>\n<div class=\"product-information\">\n<div id=\"product-description-short-382\">Gabinete de bioseguridad clase II a21800 mm<\/div>\n<\/div>","protected":false},"featured_media":193,"template":"","meta":{"site-sidebar-layout":"default","site-content-layout":"","ast-site-content-layout":"default","site-content-style":"default","site-sidebar-style":"default","ast-global-header-display":"","ast-banner-title-visibility":"","ast-main-header-display":"","ast-hfb-above-header-display":"","ast-hfb-below-header-display":"","ast-hfb-mobile-header-display":"","site-post-title":"","ast-breadcrumbs-content":"","ast-featured-img":"","footer-sml-layout":"","ast-disable-related-posts":"","theme-transparent-header-meta":"","adv-header-id-meta":"","stick-header-meta":"","header-above-stick-meta":"","header-main-stick-meta":"","header-below-stick-meta":"","astra-migrate-meta-layouts":"default","ast-page-background-enabled":"default","ast-page-background-meta":{"desktop":{"background-color":"var(--ast-global-color-4)","background-image":"","background-repeat":"repeat","background-position":"center center","background-size":"auto","background-attachment":"scroll","background-type":"","background-media":"","overlay-type":"","overlay-color":"","overlay-opacity":"","overlay-gradient":""},"tablet":{"background-color":"","background-image":"","background-repeat":"repeat","background-position":"center center","background-size":"auto","background-attachment":"scroll","background-type":"","background-media":"","overlay-type":"","overlay-color":"","overlay-opacity":"","overlay-gradient":""},"mobile":{"background-color":"","background-image":"","background-repeat":"repeat","background-position":"center center","background-size":"auto","background-attachment":"scroll","background-type":"","background-media":"","overlay-type":"","overlay-color":"","overlay-opacity":"","overlay-gradient":""}},"ast-content-background-meta":{"desktop":{"background-color":"var(--ast-global-color-5)","background-image":"","background-repeat":"repeat","background-position":"center center","background-size":"auto","background-attachment":"scroll","background-type":"","background-media":"","overlay-type":"","overlay-color":"","overlay-opacity":"","overlay-gradient":""},"tablet":{"background-color":"var(--ast-global-color-5)","background-image":"","background-repeat":"repeat","background-position":"center center","background-size":"auto","background-attachment":"scroll","background-type":"","background-media":"","overlay-type":"","overlay-color":"","overlay-opacity":"","overlay-gradient":""},"mobile":{"background-color":"var(--ast-global-color-5)","background-image":"","background-repeat":"repeat","background-position":"center center","background-size":"auto","background-attachment":"scroll","background-type":"","background-media":"","overlay-type":"","overlay-color":"","overlay-opacity":"","overlay-gradient":""}}},"product_brand":[],"product_cat":[20],"product_tag":[],"class_list":{"0":"post-197","1":"product","2":"type-product","3":"status-publish","4":"has-post-thumbnail","6":"product_cat-gabinetes-campanas","7":"desktop-align-left","8":"tablet-align-left","9":"mobile-align-left","11":"first","12":"instock","13":"shipping-taxable","14":"purchasable","15":"product-type-simple"},"_links":{"self":[{"href":"https:\/\/ineqlab.cl\/en\/wp-json\/wp\/v2\/product\/197","targetHints":{"allow":["GET"]}}],"collection":[{"href":"https:\/\/ineqlab.cl\/en\/wp-json\/wp\/v2\/product"}],"about":[{"href":"https:\/\/ineqlab.cl\/en\/wp-json\/wp\/v2\/types\/product"}],"wp:featuredmedia":[{"embeddable":true,"href":"https:\/\/ineqlab.cl\/en\/wp-json\/wp\/v2\/media\/193"}],"wp:attachment":[{"href":"https:\/\/ineqlab.cl\/en\/wp-json\/wp\/v2\/media?parent=197"}],"wp:term":[{"taxonomy":"product_brand","embeddable":true,"href":"https:\/\/ineqlab.cl\/en\/wp-json\/wp\/v2\/product_brand?post=197"},{"taxonomy":"product_cat","embeddable":true,"href":"https:\/\/ineqlab.cl\/en\/wp-json\/wp\/v2\/product_cat?post=197"},{"taxonomy":"product_tag","embeddable":true,"href":"https:\/\/ineqlab.cl\/en\/wp-json\/wp\/v2\/product_tag?post=197"}],"curies":[{"name":"wp","href":"https:\/\/api.w.org\/{rel}","templated":true}]}}