{"id":198,"date":"2022-10-10T23:03:19","date_gmt":"2022-10-11T02:03:19","guid":{"rendered":"https:\/\/ineqlab.cl\/?post_type=product&#038;p=198"},"modified":"2023-03-12T19:34:15","modified_gmt":"2023-03-12T22:34:15","slug":"lavador-de-gases-vertical-1-campana","status":"publish","type":"product","link":"https:\/\/ineqlab.cl\/en\/product\/lavador-de-gases-vertical-1-campana\/","title":{"rendered":"Lavador de gases vertical 1 campana"},"content":{"rendered":"<p>Modelo Q1000 *Dise\u00f1o compacto, con gran capacidad de adaptaci\u00f3n a las necesidades del cliente, tanto el lavador como el dep\u00f3sito. &#8211; Los equipos est\u00e1n fabricados casi \u00edntegramente en polipropileno PPH, esto les da gran capacidad de resistencia a la corrosi\u00f3n y durabilidad. &#8211; Simple sistema de control, requiere un nivel bajo de mantenimiento. -Capacidad de lavado del equipo: 750-1500m\u00b3h. -Control autom\u00e1tico de nivel del dep\u00f3sito. &#8211; Control de ph. &#8211; Llenado Manual Inicial &#8211; Vaciado del dep\u00f3sito mediante la bomba de recirculaci\u00f3n. &#8211; 3 Niveles: M\u00e1ximo, m\u00ednimo y seguridad. &#8211; pH-metro. &#8211; Bomba de recirculaci\u00f3n. &#8211; Alimentaci\u00f3n del lavador: 230v 16A 50Hz &#8211; Electr\u00f3nica gobernada mediante PLC. &#8211; Dep\u00f3sito con toma de muestras y registro en la parte trasera. Dimensiones del equipo: Lavador: Largo: 800mm Prof: 750mm,Alto: 2170mm Capacidad del dep\u00f3sito: 110 l aprox. &#8211; Peso del Lavador: 300 kg &#8211; Peso del Dep\u00f3sito lleno: 270 kg Conexiones Lavador &#8211; Conexi\u00f3n impulsi\u00f3n agua. &#8211; Conexi\u00f3n desag\u00fce. &#8211; Conexi\u00f3n salida vitrina: Doble salida DN250mm &#8211; Salida lavador: DN315mm valores de absorcion \u00c1cido Clorh\u00eddrico: 94% \u00c1cido n\u00edtrico: 92% Amoniaco: 81.5% \u00c1cido sulf\u00farico: 96% \u00c1cido fluorh\u00eddrico: 96% Acido percl\u00f3rico: 94%<\/p>","protected":false},"excerpt":{"rendered":"<p><label class=\"label\">Marca<\/label>\u00a0Quimipol<\/p>\n<div class=\"product-information\">\n<div id=\"product-description-short-419\">Lavador de gases vertical 1 campana<\/div>\n<\/div>","protected":false},"featured_media":201,"template":"","meta":{"site-sidebar-layout":"default","site-content-layout":"","ast-site-content-layout":"default","site-content-style":"default","site-sidebar-style":"default","ast-global-header-display":"","ast-banner-title-visibility":"","ast-main-header-display":"","ast-hfb-above-header-display":"","ast-hfb-below-header-display":"","ast-hfb-mobile-header-display":"","site-post-title":"","ast-breadcrumbs-content":"","ast-featured-img":"","footer-sml-layout":"","ast-disable-related-posts":"","theme-transparent-header-meta":"","adv-header-id-meta":"","stick-header-meta":"","header-above-stick-meta":"","header-main-stick-meta":"","header-below-stick-meta":"","astra-migrate-meta-layouts":"default","ast-page-background-enabled":"default","ast-page-background-meta":{"desktop":{"background-color":"var(--ast-global-color-4)","background-image":"","background-repeat":"repeat","background-position":"center center","background-size":"auto","background-attachment":"scroll","background-type":"","background-media":"","overlay-type":"","overlay-color":"","overlay-opacity":"","overlay-gradient":""},"tablet":{"background-color":"","background-image":"","background-repeat":"repeat","background-position":"center center","background-size":"auto","background-attachment":"scroll","background-type":"","background-media":"","overlay-type":"","overlay-color":"","overlay-opacity":"","overlay-gradient":""},"mobile":{"background-color":"","background-image":"","background-repeat":"repeat","background-position":"center center","background-size":"auto","background-attachment":"scroll","background-type":"","background-media":"","overlay-type":"","overlay-color":"","overlay-opacity":"","overlay-gradient":""}},"ast-content-background-meta":{"desktop":{"background-color":"var(--ast-global-color-5)","background-image":"","background-repeat":"repeat","background-position":"center center","background-size":"auto","background-attachment":"scroll","background-type":"","background-media":"","overlay-type":"","overlay-color":"","overlay-opacity":"","overlay-gradient":""},"tablet":{"background-color":"var(--ast-global-color-5)","background-image":"","background-repeat":"repeat","background-position":"center center","background-size":"auto","background-attachment":"scroll","background-type":"","background-media":"","overlay-type":"","overlay-color":"","overlay-opacity":"","overlay-gradient":""},"mobile":{"background-color":"var(--ast-global-color-5)","background-image":"","background-repeat":"repeat","background-position":"center center","background-size":"auto","background-attachment":"scroll","background-type":"","background-media":"","overlay-type":"","overlay-color":"","overlay-opacity":"","overlay-gradient":""}}},"product_brand":[],"product_cat":[20],"product_tag":[],"class_list":{"0":"post-198","1":"product","2":"type-product","3":"status-publish","4":"has-post-thumbnail","6":"product_cat-gabinetes-campanas","7":"desktop-align-left","8":"tablet-align-left","9":"mobile-align-left","11":"first","12":"instock","13":"shipping-taxable","14":"purchasable","15":"product-type-simple"},"_links":{"self":[{"href":"https:\/\/ineqlab.cl\/en\/wp-json\/wp\/v2\/product\/198","targetHints":{"allow":["GET"]}}],"collection":[{"href":"https:\/\/ineqlab.cl\/en\/wp-json\/wp\/v2\/product"}],"about":[{"href":"https:\/\/ineqlab.cl\/en\/wp-json\/wp\/v2\/types\/product"}],"wp:featuredmedia":[{"embeddable":true,"href":"https:\/\/ineqlab.cl\/en\/wp-json\/wp\/v2\/media\/201"}],"wp:attachment":[{"href":"https:\/\/ineqlab.cl\/en\/wp-json\/wp\/v2\/media?parent=198"}],"wp:term":[{"taxonomy":"product_brand","embeddable":true,"href":"https:\/\/ineqlab.cl\/en\/wp-json\/wp\/v2\/product_brand?post=198"},{"taxonomy":"product_cat","embeddable":true,"href":"https:\/\/ineqlab.cl\/en\/wp-json\/wp\/v2\/product_cat?post=198"},{"taxonomy":"product_tag","embeddable":true,"href":"https:\/\/ineqlab.cl\/en\/wp-json\/wp\/v2\/product_tag?post=198"}],"curies":[{"name":"wp","href":"https:\/\/api.w.org\/{rel}","templated":true}]}}