{"id":202,"date":"2022-10-10T23:04:25","date_gmt":"2022-10-11T02:04:25","guid":{"rendered":"https:\/\/ineqlab.cl\/?post_type=product&#038;p=202"},"modified":"2023-03-12T19:34:15","modified_gmt":"2023-03-12T22:34:15","slug":"camara-de-guantes-y-vacio-bactron","status":"publish","type":"product","link":"https:\/\/ineqlab.cl\/en\/product\/camara-de-guantes-y-vacio-bactron\/","title":{"rendered":"Camara de guantes y vacio bactron"},"content":{"rendered":"<p>MODELO BACTRONEZ Los sistemas BACTRON tienen una construcci\u00f3n herm\u00e9tica de acero inoxidable y vidrio acr\u00edlico r\u00edgido para una visi\u00f3n e integridad sin obstrucciones. Los pu\u00f1os forman un sello c\u00f3modo alrededor de los brazos del operador, lo que permite la manipulaci\u00f3n manual de las placas y las muestras dentro de la c\u00e1mara de trabajo, lo que hace que el trabajo sea m\u00e1s c\u00f3modo y eficiente. \u2022 Alarma de bajo suministro de gas &#8211; La nueva alarma sonora y visual notifica al usuario que el suministro de AMG es bajo. &#8211; Los operadores pueden cambiar el cilindro mientras la c\u00e1mara El ambiente se mantiene anaer\u00f3bico. \u2022 Bomba de vac\u00edo integrada &#8211; Operaci\u00f3n m\u00e1s silenciosa. &#8211; Elimina las conexiones de la bomba de vac\u00edo durante la instalaci\u00f3n.<\/p>","protected":false},"excerpt":{"rendered":"<p><label class=\"label\">Marca<\/label>\u00a0Shellab<\/p>\n<div class=\"product-information\">\n<div id=\"product-description-short-424\">Camara de guantes y vacio bactron<\/div>\n<\/div>","protected":false},"featured_media":203,"template":"","meta":{"site-sidebar-layout":"default","site-content-layout":"","ast-site-content-layout":"default","site-content-style":"default","site-sidebar-style":"default","ast-global-header-display":"","ast-banner-title-visibility":"","ast-main-header-display":"","ast-hfb-above-header-display":"","ast-hfb-below-header-display":"","ast-hfb-mobile-header-display":"","site-post-title":"","ast-breadcrumbs-content":"","ast-featured-img":"","footer-sml-layout":"","ast-disable-related-posts":"","theme-transparent-header-meta":"","adv-header-id-meta":"","stick-header-meta":"","header-above-stick-meta":"","header-main-stick-meta":"","header-below-stick-meta":"","astra-migrate-meta-layouts":"default","ast-page-background-enabled":"default","ast-page-background-meta":{"desktop":{"background-color":"var(--ast-global-color-4)","background-image":"","background-repeat":"repeat","background-position":"center center","background-size":"auto","background-attachment":"scroll","background-type":"","background-media":"","overlay-type":"","overlay-color":"","overlay-opacity":"","overlay-gradient":""},"tablet":{"background-color":"","background-image":"","background-repeat":"repeat","background-position":"center center","background-size":"auto","background-attachment":"scroll","background-type":"","background-media":"","overlay-type":"","overlay-color":"","overlay-opacity":"","overlay-gradient":""},"mobile":{"background-color":"","background-image":"","background-repeat":"repeat","background-position":"center center","background-size":"auto","background-attachment":"scroll","background-type":"","background-media":"","overlay-type":"","overlay-color":"","overlay-opacity":"","overlay-gradient":""}},"ast-content-background-meta":{"desktop":{"background-color":"var(--ast-global-color-5)","background-image":"","background-repeat":"repeat","background-position":"center center","background-size":"auto","background-attachment":"scroll","background-type":"","background-media":"","overlay-type":"","overlay-color":"","overlay-opacity":"","overlay-gradient":""},"tablet":{"background-color":"var(--ast-global-color-5)","background-image":"","background-repeat":"repeat","background-position":"center center","background-size":"auto","background-attachment":"scroll","background-type":"","background-media":"","overlay-type":"","overlay-color":"","overlay-opacity":"","overlay-gradient":""},"mobile":{"background-color":"var(--ast-global-color-5)","background-image":"","background-repeat":"repeat","background-position":"center center","background-size":"auto","background-attachment":"scroll","background-type":"","background-media":"","overlay-type":"","overlay-color":"","overlay-opacity":"","overlay-gradient":""}}},"product_brand":[],"product_cat":[20],"product_tag":[],"class_list":{"0":"post-202","1":"product","2":"type-product","3":"status-publish","4":"has-post-thumbnail","6":"product_cat-gabinetes-campanas","7":"desktop-align-left","8":"tablet-align-left","9":"mobile-align-left","11":"first","12":"instock","13":"shipping-taxable","14":"purchasable","15":"product-type-simple"},"_links":{"self":[{"href":"https:\/\/ineqlab.cl\/en\/wp-json\/wp\/v2\/product\/202","targetHints":{"allow":["GET"]}}],"collection":[{"href":"https:\/\/ineqlab.cl\/en\/wp-json\/wp\/v2\/product"}],"about":[{"href":"https:\/\/ineqlab.cl\/en\/wp-json\/wp\/v2\/types\/product"}],"wp:featuredmedia":[{"embeddable":true,"href":"https:\/\/ineqlab.cl\/en\/wp-json\/wp\/v2\/media\/203"}],"wp:attachment":[{"href":"https:\/\/ineqlab.cl\/en\/wp-json\/wp\/v2\/media?parent=202"}],"wp:term":[{"taxonomy":"product_brand","embeddable":true,"href":"https:\/\/ineqlab.cl\/en\/wp-json\/wp\/v2\/product_brand?post=202"},{"taxonomy":"product_cat","embeddable":true,"href":"https:\/\/ineqlab.cl\/en\/wp-json\/wp\/v2\/product_cat?post=202"},{"taxonomy":"product_tag","embeddable":true,"href":"https:\/\/ineqlab.cl\/en\/wp-json\/wp\/v2\/product_tag?post=202"}],"curies":[{"name":"wp","href":"https:\/\/api.w.org\/{rel}","templated":true}]}}