{"id":220,"date":"2022-10-10T23:10:20","date_gmt":"2022-10-11T02:10:20","guid":{"rendered":"https:\/\/ineqlab.cl\/?post_type=product&#038;p=220"},"modified":"2023-03-12T19:34:16","modified_gmt":"2023-03-12T22:34:16","slug":"shaker-incubador-cagitacion-refrig-mod-bjpx-2012r","status":"publish","type":"product","link":"https:\/\/ineqlab.cl\/en\/product\/shaker-incubador-cagitacion-refrig-mod-bjpx-2012r\/","title":{"rendered":"Shaker incubador cagitaci\u00f3n refrig. Mod.bjpx-2012R"},"content":{"rendered":"<p>Caracteristicas Tecnicas: &#8211; Shaker modelo BJPX-2012R, integrado con incubadora y agitaci\u00f3n, con puerta de vidrio templado, y superficie de c\u00e1mara en acero inoxidable. &#8211; Pantalla LCD para mostrar la temperatura y la velocidad de agitaci\u00f3n. &#8211; Funci\u00f3n de almacenamiento de parametros para una f\u00e1cil operacion. &#8211; Renovacion autom\u00e1tica despues de una interrupcion de energ\u00eda segun lo programado originalmente. &#8211; Parada automatica al abrir la puerta para la protecci\u00f3n de muestra. &#8211; Funcion de seguridad alarma ac\u00fastica y visual de exceso de temperatura y velocidad. &#8211; Protector de parada apertura de puerta independiente por sobrecalentamiento, fuga o sobre carga de corriente. Especificaciones Tecnicas : &#8211; Control microprocesador PID &#8211; Modo de circulaci\u00f3n : convecci\u00f3n forzada. &#8211; Modo de agitaci\u00f3n : rotatorio &#8211; Rango de temperatura : 4\u00baC ~ 60\u00baC &#8211; Refrigerante: CFC free, 134A &#8211; Control de temperatura : +-0.1\u00baC &#8211; temperatura uniforme : \u00b1 0.25\u00baC &#8211; Velocidad de rotaci\u00f3n : 50 ~ 300 rpm &#8211; Precisi\u00f3n de rotaci\u00f3n : 1 rpm \u00b1 &#8211; Rango de vibraci\u00f3n : 25mm diam. &#8211; Consumo calefacci\u00f3n :1120 W &#8211; Maxima capacidad de Clamp opcionales : 40x250ml 35x500ml 20x1000ml,12x2000ml &#8211; Dimensiones externas :1300 x 910 x 980mm. -220volts50 HZ.<\/p>","protected":false},"excerpt":{"rendered":"<p><label class=\"label\">Marca<\/label>\u00a0BIOBASE<\/p>\n<div class=\"product-information\">\n<div id=\"product-description-short-215\">Shaker incubador cagitaci\u00f3n refrig. Mod.bjpx-2012R<\/div>\n<\/div>","protected":false},"featured_media":223,"template":"","meta":{"site-sidebar-layout":"default","site-content-layout":"","ast-site-content-layout":"default","site-content-style":"default","site-sidebar-style":"default","ast-global-header-display":"","ast-banner-title-visibility":"","ast-main-header-display":"","ast-hfb-above-header-display":"","ast-hfb-below-header-display":"","ast-hfb-mobile-header-display":"","site-post-title":"","ast-breadcrumbs-content":"","ast-featured-img":"","footer-sml-layout":"","ast-disable-related-posts":"","theme-transparent-header-meta":"","adv-header-id-meta":"","stick-header-meta":"","header-above-stick-meta":"","header-main-stick-meta":"","header-below-stick-meta":"","astra-migrate-meta-layouts":"default","ast-page-background-enabled":"default","ast-page-background-meta":{"desktop":{"background-color":"var(--ast-global-color-4)","background-image":"","background-repeat":"repeat","background-position":"center center","background-size":"auto","background-attachment":"scroll","background-type":"","background-media":"","overlay-type":"","overlay-color":"","overlay-opacity":"","overlay-gradient":""},"tablet":{"background-color":"","background-image":"","background-repeat":"repeat","background-position":"center center","background-size":"auto","background-attachment":"scroll","background-type":"","background-media":"","overlay-type":"","overlay-color":"","overlay-opacity":"","overlay-gradient":""},"mobile":{"background-color":"","background-image":"","background-repeat":"repeat","background-position":"center center","background-size":"auto","background-attachment":"scroll","background-type":"","background-media":"","overlay-type":"","overlay-color":"","overlay-opacity":"","overlay-gradient":""}},"ast-content-background-meta":{"desktop":{"background-color":"var(--ast-global-color-5)","background-image":"","background-repeat":"repeat","background-position":"center center","background-size":"auto","background-attachment":"scroll","background-type":"","background-media":"","overlay-type":"","overlay-color":"","overlay-opacity":"","overlay-gradient":""},"tablet":{"background-color":"var(--ast-global-color-5)","background-image":"","background-repeat":"repeat","background-position":"center center","background-size":"auto","background-attachment":"scroll","background-type":"","background-media":"","overlay-type":"","overlay-color":"","overlay-opacity":"","overlay-gradient":""},"mobile":{"background-color":"var(--ast-global-color-5)","background-image":"","background-repeat":"repeat","background-position":"center center","background-size":"auto","background-attachment":"scroll","background-type":"","background-media":"","overlay-type":"","overlay-color":"","overlay-opacity":"","overlay-gradient":""}}},"product_brand":[],"product_cat":[21],"product_tag":[],"class_list":{"0":"post-220","1":"product","2":"type-product","3":"status-publish","4":"has-post-thumbnail","6":"product_cat-agitadores-mixer","7":"desktop-align-left","8":"tablet-align-left","9":"mobile-align-left","11":"first","12":"instock","13":"shipping-taxable","14":"purchasable","15":"product-type-simple"},"_links":{"self":[{"href":"https:\/\/ineqlab.cl\/en\/wp-json\/wp\/v2\/product\/220","targetHints":{"allow":["GET"]}}],"collection":[{"href":"https:\/\/ineqlab.cl\/en\/wp-json\/wp\/v2\/product"}],"about":[{"href":"https:\/\/ineqlab.cl\/en\/wp-json\/wp\/v2\/types\/product"}],"wp:featuredmedia":[{"embeddable":true,"href":"https:\/\/ineqlab.cl\/en\/wp-json\/wp\/v2\/media\/223"}],"wp:attachment":[{"href":"https:\/\/ineqlab.cl\/en\/wp-json\/wp\/v2\/media?parent=220"}],"wp:term":[{"taxonomy":"product_brand","embeddable":true,"href":"https:\/\/ineqlab.cl\/en\/wp-json\/wp\/v2\/product_brand?post=220"},{"taxonomy":"product_cat","embeddable":true,"href":"https:\/\/ineqlab.cl\/en\/wp-json\/wp\/v2\/product_cat?post=220"},{"taxonomy":"product_tag","embeddable":true,"href":"https:\/\/ineqlab.cl\/en\/wp-json\/wp\/v2\/product_tag?post=220"}],"curies":[{"name":"wp","href":"https:\/\/api.w.org\/{rel}","templated":true}]}}