{"id":238,"date":"2022-10-10T23:19:48","date_gmt":"2022-10-11T02:19:48","guid":{"rendered":"https:\/\/ineqlab.cl\/?post_type=product&#038;p=238"},"modified":"2023-03-12T19:34:16","modified_gmt":"2023-03-12T22:34:16","slug":"placa-calefactora-c-mag-hp-10","status":"publish","type":"product","link":"https:\/\/ineqlab.cl\/en\/product\/placa-calefactora-c-mag-hp-10\/","title":{"rendered":"Placa calefactora c-mag hp 10"},"content":{"rendered":"<p>Nueva placa calefactora de vitrocer\u00e1mica, que se caracteriza por una resistencia qu\u00edmica muy alta. Circuito de seguridad fijo de 550 \u00b0C. Hot Top indicator &gt;&gt; aviso en el caso de que la superficie est\u00e9 caliente para proteger frente a quemaduras. Ajuste exacto de la temperatura a trav\u00e9s de un indicador digital LED. Conector hembra seg\u00fan DIN 12878 para la conexi\u00f3n de un term\u00f3metro electr\u00f3nico de contacto como puede ser el ETS-D5 para el control altamente preciso de la temperatura Indicador digital de c\u00f3digos de error. Panel de control elevado para protegerlo frente a los l\u00edquidos que puedan derramarse. Informaci\u00f3n T\u00e9cnica: N\u00famero de puntos de calentamiento: 1 Potencia de calefacci\u00f3n: 1500 W Rango de temperatura de calefacci\u00f3n: 50 &#8211; 500 \u00b0C Control de calentamiento: LED Control de calentamiento preciso: 10 \u00b1K Ext. para conectar el sensor de temperatura ETS-D5 Volumen m\u00e1ximo: 15 Lts Velocidad de calentamiento: 5 Kmin Material de la superficie de la placa: cer\u00e1mica Dimensiones de la superficie de la placa: 260 x 260 mm Dimensiones An x Al x Pr: 300 x 105 x 415 mm Peso: 6 kg Temperatura ambiental permitida: 5 &#8211; 40 \u00b0C Humedad relativa permitida: 80 % Clase de protecci\u00f3n de acuerdo al DIN EN 60529: IP 21 Voltaje: 230 120 100 V Frecuencia: 5060 Hz Consumo de energ\u00eda: 1505 W<\/p>","protected":false},"excerpt":{"rendered":"<p><label class=\"label\">Marca<\/label>\u00a0IKA<\/p>\n<div class=\"product-information\">\n<div id=\"product-description-short-301\">Placa calefactora c-mag hp 10<\/div>\n<\/div>","protected":false},"featured_media":241,"template":"","meta":{"site-sidebar-layout":"default","site-content-layout":"","ast-site-content-layout":"default","site-content-style":"default","site-sidebar-style":"default","ast-global-header-display":"","ast-banner-title-visibility":"","ast-main-header-display":"","ast-hfb-above-header-display":"","ast-hfb-below-header-display":"","ast-hfb-mobile-header-display":"","site-post-title":"","ast-breadcrumbs-content":"","ast-featured-img":"","footer-sml-layout":"","ast-disable-related-posts":"","theme-transparent-header-meta":"","adv-header-id-meta":"","stick-header-meta":"","header-above-stick-meta":"","header-main-stick-meta":"","header-below-stick-meta":"","astra-migrate-meta-layouts":"default","ast-page-background-enabled":"default","ast-page-background-meta":{"desktop":{"background-color":"var(--ast-global-color-4)","background-image":"","background-repeat":"repeat","background-position":"center center","background-size":"auto","background-attachment":"scroll","background-type":"","background-media":"","overlay-type":"","overlay-color":"","overlay-opacity":"","overlay-gradient":""},"tablet":{"background-color":"","background-image":"","background-repeat":"repeat","background-position":"center center","background-size":"auto","background-attachment":"scroll","background-type":"","background-media":"","overlay-type":"","overlay-color":"","overlay-opacity":"","overlay-gradient":""},"mobile":{"background-color":"","background-image":"","background-repeat":"repeat","background-position":"center center","background-size":"auto","background-attachment":"scroll","background-type":"","background-media":"","overlay-type":"","overlay-color":"","overlay-opacity":"","overlay-gradient":""}},"ast-content-background-meta":{"desktop":{"background-color":"var(--ast-global-color-5)","background-image":"","background-repeat":"repeat","background-position":"center center","background-size":"auto","background-attachment":"scroll","background-type":"","background-media":"","overlay-type":"","overlay-color":"","overlay-opacity":"","overlay-gradient":""},"tablet":{"background-color":"var(--ast-global-color-5)","background-image":"","background-repeat":"repeat","background-position":"center center","background-size":"auto","background-attachment":"scroll","background-type":"","background-media":"","overlay-type":"","overlay-color":"","overlay-opacity":"","overlay-gradient":""},"mobile":{"background-color":"var(--ast-global-color-5)","background-image":"","background-repeat":"repeat","background-position":"center center","background-size":"auto","background-attachment":"scroll","background-type":"","background-media":"","overlay-type":"","overlay-color":"","overlay-opacity":"","overlay-gradient":""}}},"product_brand":[],"product_cat":[21],"product_tag":[],"class_list":{"0":"post-238","1":"product","2":"type-product","3":"status-publish","4":"has-post-thumbnail","6":"product_cat-agitadores-mixer","7":"desktop-align-left","8":"tablet-align-left","9":"mobile-align-left","11":"first","12":"instock","13":"shipping-taxable","14":"purchasable","15":"product-type-simple"},"_links":{"self":[{"href":"https:\/\/ineqlab.cl\/en\/wp-json\/wp\/v2\/product\/238","targetHints":{"allow":["GET"]}}],"collection":[{"href":"https:\/\/ineqlab.cl\/en\/wp-json\/wp\/v2\/product"}],"about":[{"href":"https:\/\/ineqlab.cl\/en\/wp-json\/wp\/v2\/types\/product"}],"wp:featuredmedia":[{"embeddable":true,"href":"https:\/\/ineqlab.cl\/en\/wp-json\/wp\/v2\/media\/241"}],"wp:attachment":[{"href":"https:\/\/ineqlab.cl\/en\/wp-json\/wp\/v2\/media?parent=238"}],"wp:term":[{"taxonomy":"product_brand","embeddable":true,"href":"https:\/\/ineqlab.cl\/en\/wp-json\/wp\/v2\/product_brand?post=238"},{"taxonomy":"product_cat","embeddable":true,"href":"https:\/\/ineqlab.cl\/en\/wp-json\/wp\/v2\/product_cat?post=238"},{"taxonomy":"product_tag","embeddable":true,"href":"https:\/\/ineqlab.cl\/en\/wp-json\/wp\/v2\/product_tag?post=238"}],"curies":[{"name":"wp","href":"https:\/\/api.w.org\/{rel}","templated":true}]}}