{"id":239,"date":"2022-10-10T23:19:24","date_gmt":"2022-10-11T02:19:24","guid":{"rendered":"https:\/\/ineqlab.cl\/?post_type=product&#038;p=239"},"modified":"2023-03-12T19:34:16","modified_gmt":"2023-03-12T22:34:16","slug":"campana-flujo-vertical-1230mmaeolus-v4","status":"publish","type":"product","link":"https:\/\/ineqlab.cl\/en\/product\/campana-flujo-vertical-1230mmaeolus-v4\/","title":{"rendered":"Campana flujo vertical 1230mmaeolus v4"},"content":{"rendered":"<p>Caracteristicas: Telstar Aeolus para Materiales que requieren un ambiente libre de part\u00edculas. El equipo ofrece la m\u00e1xima protecci\u00f3n del producto. \u2022 Dise\u00f1o ergonomico, Alta calidad, Bajo nivel de ruido, Ahorro de energ\u00edas. La serie AEOLUS est\u00e1 dise\u00f1ada y fabricada para lograr un \u00e1rea de trabajo que cumpla con la norma ISO 14644-1,Clase 3, GMP Anexo 1 Grado A. \u2022 Superficie de trabajo de acero inoxidable pulido AISI-304 \u2022 Filtro HEPA protegido con pantalla laminar para proporcionar un flujo uniforme incomparable \u2022 Paredes laterales de vidrio templado resistente al UV. \u2022 Ventana de cristal de seguridad delantera deslizante. L\u00ednea verde: \u2022 Se obtiene un consumo de energ\u00eda muy bajo adoptando: &#8211; motores EC &#8211; Iluminaci\u00f3n LED &#8211; Modo de flujo en espera \u2022 Todas las piezas son reequipables, incluso las met\u00e1licas, lo que prolonga la vida \u00fatil del gabinete. \u2022 El prefiltro G3 evita que el polvo, la suciedad y las part\u00edculas alcancen el filtro HEPA, lo que aumenta enormemente la vida \u00fatil del filtro HEPA Especificaciones t\u00e9cnicas -Panel de control digital con pantalla LCD * que incluye: \u2022 Bot\u00f3n de encendido apagado e indicador luminoso \u2022 Selecci\u00f3n de la velocidad del aire: trabajo o stand-by. \u2022 Bot\u00f3n para U.V. Operaci\u00f3n con posibilidad de tiempo de exposici\u00f3n. programaci\u00f3n \u2022 Los LED en el panel de control muestran el estado de: iluminaci\u00f3n, U.V., obstrucci\u00f3n de filtro \u2022 LED de alarma \u2022 Pantalla con indicaci\u00f3n de velocidad del aire en tiempo real. \u2022 Contador de tiempo transcurrido para el ventilador y U.V. ligero * Ingl\u00e9s, espa\u00f1ol, franc\u00e9s, alem\u00e1n, japon\u00e9s y holand\u00e9s. &#8211; Superficie de trabajo \u00fatil 1230 mm. &#8211; Velocidad de flujo 0.36ms &#8211; Filtro HEPA H14 Eficiencia 99.995%, EN 1822 Metodo MPPS 99,999% D.O.P. test @ 0.3\u00b5m particles &#8211; Ventilador centrifugo de alto rendimiento. &#8211; Luz Led +- 1200 Lux &#8211; Luz UV &#8211; Estructura de acero recubierta con pintura epoxi r. &#8211; Ruido 55dB &#8211; Dimesiones Inter 1230x693x615 mm &#8211; Dimensiones ext: 1353x798x1220 mm &#8211; Volltaje:220 voltsPeso 160 kg<\/p>","protected":false},"excerpt":{"rendered":"<p><label class=\"label\">Marca<\/label>\u00a0TELSTAR<\/p>\n<div class=\"product-information\">\n<div id=\"product-description-short-537\">Campana flujo vertical 1230mmaeolus v4<\/div>\n<\/div>","protected":false},"featured_media":236,"template":"","meta":{"site-sidebar-layout":"default","site-content-layout":"","ast-site-content-layout":"default","site-content-style":"default","site-sidebar-style":"default","ast-global-header-display":"","ast-banner-title-visibility":"","ast-main-header-display":"","ast-hfb-above-header-display":"","ast-hfb-below-header-display":"","ast-hfb-mobile-header-display":"","site-post-title":"","ast-breadcrumbs-content":"","ast-featured-img":"","footer-sml-layout":"","ast-disable-related-posts":"","theme-transparent-header-meta":"","adv-header-id-meta":"","stick-header-meta":"","header-above-stick-meta":"","header-main-stick-meta":"","header-below-stick-meta":"","astra-migrate-meta-layouts":"default","ast-page-background-enabled":"default","ast-page-background-meta":{"desktop":{"background-color":"var(--ast-global-color-4)","background-image":"","background-repeat":"repeat","background-position":"center center","background-size":"auto","background-attachment":"scroll","background-type":"","background-media":"","overlay-type":"","overlay-color":"","overlay-opacity":"","overlay-gradient":""},"tablet":{"background-color":"","background-image":"","background-repeat":"repeat","background-position":"center center","background-size":"auto","background-attachment":"scroll","background-type":"","background-media":"","overlay-type":"","overlay-color":"","overlay-opacity":"","overlay-gradient":""},"mobile":{"background-color":"","background-image":"","background-repeat":"repeat","background-position":"center center","background-size":"auto","background-attachment":"scroll","background-type":"","background-media":"","overlay-type":"","overlay-color":"","overlay-opacity":"","overlay-gradient":""}},"ast-content-background-meta":{"desktop":{"background-color":"var(--ast-global-color-5)","background-image":"","background-repeat":"repeat","background-position":"center center","background-size":"auto","background-attachment":"scroll","background-type":"","background-media":"","overlay-type":"","overlay-color":"","overlay-opacity":"","overlay-gradient":""},"tablet":{"background-color":"var(--ast-global-color-5)","background-image":"","background-repeat":"repeat","background-position":"center center","background-size":"auto","background-attachment":"scroll","background-type":"","background-media":"","overlay-type":"","overlay-color":"","overlay-opacity":"","overlay-gradient":""},"mobile":{"background-color":"var(--ast-global-color-5)","background-image":"","background-repeat":"repeat","background-position":"center center","background-size":"auto","background-attachment":"scroll","background-type":"","background-media":"","overlay-type":"","overlay-color":"","overlay-opacity":"","overlay-gradient":""}}},"product_brand":[],"product_cat":[20],"product_tag":[],"class_list":{"0":"post-239","1":"product","2":"type-product","3":"status-publish","4":"has-post-thumbnail","6":"product_cat-gabinetes-campanas","7":"desktop-align-left","8":"tablet-align-left","9":"mobile-align-left","11":"first","12":"instock","13":"shipping-taxable","14":"purchasable","15":"product-type-simple"},"_links":{"self":[{"href":"https:\/\/ineqlab.cl\/en\/wp-json\/wp\/v2\/product\/239","targetHints":{"allow":["GET"]}}],"collection":[{"href":"https:\/\/ineqlab.cl\/en\/wp-json\/wp\/v2\/product"}],"about":[{"href":"https:\/\/ineqlab.cl\/en\/wp-json\/wp\/v2\/types\/product"}],"wp:featuredmedia":[{"embeddable":true,"href":"https:\/\/ineqlab.cl\/en\/wp-json\/wp\/v2\/media\/236"}],"wp:attachment":[{"href":"https:\/\/ineqlab.cl\/en\/wp-json\/wp\/v2\/media?parent=239"}],"wp:term":[{"taxonomy":"product_brand","embeddable":true,"href":"https:\/\/ineqlab.cl\/en\/wp-json\/wp\/v2\/product_brand?post=239"},{"taxonomy":"product_cat","embeddable":true,"href":"https:\/\/ineqlab.cl\/en\/wp-json\/wp\/v2\/product_cat?post=239"},{"taxonomy":"product_tag","embeddable":true,"href":"https:\/\/ineqlab.cl\/en\/wp-json\/wp\/v2\/product_tag?post=239"}],"curies":[{"name":"wp","href":"https:\/\/api.w.org\/{rel}","templated":true}]}}