{"id":245,"date":"2022-10-10T23:21:58","date_gmt":"2022-10-11T02:21:58","guid":{"rendered":"https:\/\/ineqlab.cl\/?post_type=product&#038;p=245"},"modified":"2023-03-12T19:34:16","modified_gmt":"2023-03-12T22:34:16","slug":"campana-flujo-laminar-horizontal-1249mmaeolus-h4","status":"publish","type":"product","link":"https:\/\/ineqlab.cl\/en\/product\/campana-flujo-laminar-horizontal-1249mmaeolus-h4\/","title":{"rendered":"Campana flujo laminar horizontal 1249mmaeolus h4"},"content":{"rendered":"<p>Modelo Aelus H4 Normativas Internacionales de Seguridad Las Aeolus han sido dise\u00f1adas y fabricadas para proporcionar una zona de trabajo seg\u00fan ISO 14644-1 Clase 3 GMP Anexo 1 Grado A*. Aplicaciones \u2022 Las cabinas Aeolus H han sido especialmente dise\u00f1adas para uso en Hospitales, Farmacias, centros de FIV, Control en Alimentaci\u00f3n, Horticultura, Cultivos in Vitro, y tambi\u00e9n en industrias tales como Electr\u00f3nica, \u00d3ptica, Micro mec\u00e1nica, Pl\u00e1stico, etc \u2022 Los sistemas de Flujo Laminar Horizontal proporcionan un \u00e1mbito de trabajo est\u00e9ril y libre de part\u00edculas gracias al barrido continuo de la zona con un flujo unidireccional de aire Ultrafiltrado. La sobrepresi\u00f3n creada en el interior de la cabina evita el acceso de aire exterior Datos Unidades Aeolus H 4 Dimensiones exteriores sin mesa soporte AxFxH mm 1249x872x1212 Internal dimensions AxFxH mm 1230x598x780 Peso Kg 134 Velocidad de aire ms 0.45 Consumo W 177 Iluminaci\u00f3n Lux = 800 Nivel de ruido seg\u00fan ISO 11201 dB A 58 Filtro principal HEPA H14 Eficiencia Eficiencia 99.995%, s EN 1822 MPPS 99,999% test D.O.P. @ part\u00edculas 0.3\u00b5m Eficiencia Pre-Filtro EN 779 G3 Ventiladores Ventiladores centr\u00edfugos EC de alta eficiencia Recubrimiento Recubrimiento con resinas de poliester Superficie de trabajo Acero inoxidable AISI- 304<\/p>","protected":false},"excerpt":{"rendered":"<p><label class=\"label\">Marca<\/label>\u00a0TELSTAR<\/p>\n<div class=\"product-information\">\n<div id=\"product-description-short-540\">Campana flujo laminar horizontal 1249mmaeolus h4<\/div>\n<\/div>","protected":false},"featured_media":228,"template":"","meta":{"site-sidebar-layout":"default","site-content-layout":"","ast-site-content-layout":"default","site-content-style":"default","site-sidebar-style":"default","ast-global-header-display":"","ast-banner-title-visibility":"","ast-main-header-display":"","ast-hfb-above-header-display":"","ast-hfb-below-header-display":"","ast-hfb-mobile-header-display":"","site-post-title":"","ast-breadcrumbs-content":"","ast-featured-img":"","footer-sml-layout":"","ast-disable-related-posts":"","theme-transparent-header-meta":"","adv-header-id-meta":"","stick-header-meta":"","header-above-stick-meta":"","header-main-stick-meta":"","header-below-stick-meta":"","astra-migrate-meta-layouts":"default","ast-page-background-enabled":"default","ast-page-background-meta":{"desktop":{"background-color":"var(--ast-global-color-4)","background-image":"","background-repeat":"repeat","background-position":"center center","background-size":"auto","background-attachment":"scroll","background-type":"","background-media":"","overlay-type":"","overlay-color":"","overlay-opacity":"","overlay-gradient":""},"tablet":{"background-color":"","background-image":"","background-repeat":"repeat","background-position":"center center","background-size":"auto","background-attachment":"scroll","background-type":"","background-media":"","overlay-type":"","overlay-color":"","overlay-opacity":"","overlay-gradient":""},"mobile":{"background-color":"","background-image":"","background-repeat":"repeat","background-position":"center center","background-size":"auto","background-attachment":"scroll","background-type":"","background-media":"","overlay-type":"","overlay-color":"","overlay-opacity":"","overlay-gradient":""}},"ast-content-background-meta":{"desktop":{"background-color":"var(--ast-global-color-5)","background-image":"","background-repeat":"repeat","background-position":"center center","background-size":"auto","background-attachment":"scroll","background-type":"","background-media":"","overlay-type":"","overlay-color":"","overlay-opacity":"","overlay-gradient":""},"tablet":{"background-color":"var(--ast-global-color-5)","background-image":"","background-repeat":"repeat","background-position":"center center","background-size":"auto","background-attachment":"scroll","background-type":"","background-media":"","overlay-type":"","overlay-color":"","overlay-opacity":"","overlay-gradient":""},"mobile":{"background-color":"var(--ast-global-color-5)","background-image":"","background-repeat":"repeat","background-position":"center center","background-size":"auto","background-attachment":"scroll","background-type":"","background-media":"","overlay-type":"","overlay-color":"","overlay-opacity":"","overlay-gradient":""}}},"product_brand":[],"product_cat":[20],"product_tag":[],"class_list":{"0":"post-245","1":"product","2":"type-product","3":"status-publish","4":"has-post-thumbnail","6":"product_cat-gabinetes-campanas","7":"desktop-align-left","8":"tablet-align-left","9":"mobile-align-left","11":"first","12":"instock","13":"shipping-taxable","14":"purchasable","15":"product-type-simple"},"_links":{"self":[{"href":"https:\/\/ineqlab.cl\/en\/wp-json\/wp\/v2\/product\/245","targetHints":{"allow":["GET"]}}],"collection":[{"href":"https:\/\/ineqlab.cl\/en\/wp-json\/wp\/v2\/product"}],"about":[{"href":"https:\/\/ineqlab.cl\/en\/wp-json\/wp\/v2\/types\/product"}],"wp:featuredmedia":[{"embeddable":true,"href":"https:\/\/ineqlab.cl\/en\/wp-json\/wp\/v2\/media\/228"}],"wp:attachment":[{"href":"https:\/\/ineqlab.cl\/en\/wp-json\/wp\/v2\/media?parent=245"}],"wp:term":[{"taxonomy":"product_brand","embeddable":true,"href":"https:\/\/ineqlab.cl\/en\/wp-json\/wp\/v2\/product_brand?post=245"},{"taxonomy":"product_cat","embeddable":true,"href":"https:\/\/ineqlab.cl\/en\/wp-json\/wp\/v2\/product_cat?post=245"},{"taxonomy":"product_tag","embeddable":true,"href":"https:\/\/ineqlab.cl\/en\/wp-json\/wp\/v2\/product_tag?post=245"}],"curies":[{"name":"wp","href":"https:\/\/api.w.org\/{rel}","templated":true}]}}