{"id":253,"date":"2022-10-10T23:24:37","date_gmt":"2022-10-11T02:24:37","guid":{"rendered":"https:\/\/ineqlab.cl\/?post_type=product&#038;p=253"},"modified":"2023-03-12T19:34:16","modified_gmt":"2023-03-12T22:34:16","slug":"gabinete-de-bioseguridad-tipo-2-954mm","status":"publish","type":"product","link":"https:\/\/ineqlab.cl\/en\/product\/gabinete-de-bioseguridad-tipo-2-954mm\/","title":{"rendered":"Gabinete de bioseguridad tipo 2 954mm"},"content":{"rendered":"<p>La serie Bio II Advance Plus es Dise\u00f1ado para hacer el trabajo c\u00f3modo.para el operador evitando la fatiga y alentar un trabajo seguropostura: \u2022 La ventana frontal inclinada de 10 \u00b0.proporciona al operador un c\u00f3modo y ergon\u00f3mico.postura \u2022 La ventana frontal permite completo y comodo acceso a la c\u00e1mara de trabajo, facilitando la limpieza y hace que sea posible introducir objetos grandes y accesorios en el trabajo \u2022 La pantalla est\u00e1 ligeramente girada hacia el operador para maximizar la visibilidad. y accesibilidad \u2022 El lado de vidrio transparente, lasventanas maximizan la entrada de luz en la c\u00e1mara de trabajo para aumentar visibilidad y proporcionar al operador un fuerte sentido del espacio \u2022 El panel frontal est\u00e1 dise\u00f1ado en un material liso de una pieza para limpieza f\u00e1cil \u2022 Profundidad del gabinete 764 mm compatible con la mayor\u00eda de los laboratorios,puertas \u2022 Altura total 1260 mm. \u2022 Ventana frontal inclinada de 10 \u00b0 para una mejor posici\u00f3n de trabajo \u2022 C\u00e1mara de acero inoxidable 304L con \u00e1ngulos redondeados y lados de vidrio de seguridad endurecidos \u2022 Sellado herm\u00e9tico alrededor de la ventana frontal. \u2022 Ventana frontal antirreflectante de seguridad con protecci\u00f3n UV, con sin obst\u00e1culos visuales en el borde inferior \u2022 Control de microprocesador con autocompensaci\u00f3n de carga de filtro. \u2022 Pantalla principal que muestra la velocidad del flujo laminar y el filtro. nivel de obstrucci\u00f3n \u2022 Funci\u00f3n Ecomode \u2022 Panel de control con c\u00f3digo de color internacional para indicar. estado del gabinete \u2022 Ventana corredera manual con muelles de gas para facilitar Mantenimiento y limpieza interna del mueble y entrada. Objetos grandes y accesorios en la c\u00e1mara de trabajo. \u2022 Luz UV y ventiladores con temporizador para ser programable. \u2022 Cuatro idiomas predefinidos espa\u00f1ol, ingl\u00e9s, franc\u00e9s y Alem\u00e1n \u2022 Acceso a todas las \u00e1reas de mantenimiento a trav\u00e9s de la parte frontal del gabinete. Dimensiones externas WxDxH: 1049x764x1260 Dimensiones internas WxDxH : 954x602x580 Peso: 180 kg Velocidad de flujo laminar caudal laminar m s m\u00b3 h: 0.35 669 Velocidad del aire de entrada delantera caudal de extracci\u00f3n m s m\u00b3 h: 0.55 295 Potencia : 0.125 Kw Voltaje : 230 V Frecuencia : 50-60 Hz Iluminaci\u00f3n: 1000 Lux Sonido: 58 dBA Vibraci\u00f3n : &lt;0.005 mm RMS Filtros HEPA H14 filtros seg\u00fan Calidad del aire ISO 4 de acuerdo con ISO CD 14644-1: 353 parte. = 0.5 \u00b5m m3 : 10000 parte. = 0.1 \u00b5m m3<\/p>","protected":false},"excerpt":{"rendered":"<p><label class=\"label\">Marca<\/label>\u00a0TELSTAR<\/p>\n<div class=\"product-information\">\n<div id=\"product-description-short-545\">Gabinete de bioseguridad tipo 2 954mm<\/div>\n<\/div>","protected":false},"featured_media":249,"template":"","meta":{"site-sidebar-layout":"default","site-content-layout":"","ast-site-content-layout":"default","site-content-style":"default","site-sidebar-style":"default","ast-global-header-display":"","ast-banner-title-visibility":"","ast-main-header-display":"","ast-hfb-above-header-display":"","ast-hfb-below-header-display":"","ast-hfb-mobile-header-display":"","site-post-title":"","ast-breadcrumbs-content":"","ast-featured-img":"","footer-sml-layout":"","ast-disable-related-posts":"","theme-transparent-header-meta":"","adv-header-id-meta":"","stick-header-meta":"","header-above-stick-meta":"","header-main-stick-meta":"","header-below-stick-meta":"","astra-migrate-meta-layouts":"default","ast-page-background-enabled":"default","ast-page-background-meta":{"desktop":{"background-color":"var(--ast-global-color-4)","background-image":"","background-repeat":"repeat","background-position":"center center","background-size":"auto","background-attachment":"scroll","background-type":"","background-media":"","overlay-type":"","overlay-color":"","overlay-opacity":"","overlay-gradient":""},"tablet":{"background-color":"","background-image":"","background-repeat":"repeat","background-position":"center center","background-size":"auto","background-attachment":"scroll","background-type":"","background-media":"","overlay-type":"","overlay-color":"","overlay-opacity":"","overlay-gradient":""},"mobile":{"background-color":"","background-image":"","background-repeat":"repeat","background-position":"center center","background-size":"auto","background-attachment":"scroll","background-type":"","background-media":"","overlay-type":"","overlay-color":"","overlay-opacity":"","overlay-gradient":""}},"ast-content-background-meta":{"desktop":{"background-color":"var(--ast-global-color-5)","background-image":"","background-repeat":"repeat","background-position":"center center","background-size":"auto","background-attachment":"scroll","background-type":"","background-media":"","overlay-type":"","overlay-color":"","overlay-opacity":"","overlay-gradient":""},"tablet":{"background-color":"var(--ast-global-color-5)","background-image":"","background-repeat":"repeat","background-position":"center center","background-size":"auto","background-attachment":"scroll","background-type":"","background-media":"","overlay-type":"","overlay-color":"","overlay-opacity":"","overlay-gradient":""},"mobile":{"background-color":"var(--ast-global-color-5)","background-image":"","background-repeat":"repeat","background-position":"center center","background-size":"auto","background-attachment":"scroll","background-type":"","background-media":"","overlay-type":"","overlay-color":"","overlay-opacity":"","overlay-gradient":""}}},"product_brand":[],"product_cat":[20],"product_tag":[],"class_list":{"0":"post-253","1":"product","2":"type-product","3":"status-publish","4":"has-post-thumbnail","6":"product_cat-gabinetes-campanas","7":"desktop-align-left","8":"tablet-align-left","9":"mobile-align-left","11":"first","12":"instock","13":"shipping-taxable","14":"purchasable","15":"product-type-simple"},"_links":{"self":[{"href":"https:\/\/ineqlab.cl\/en\/wp-json\/wp\/v2\/product\/253","targetHints":{"allow":["GET"]}}],"collection":[{"href":"https:\/\/ineqlab.cl\/en\/wp-json\/wp\/v2\/product"}],"about":[{"href":"https:\/\/ineqlab.cl\/en\/wp-json\/wp\/v2\/types\/product"}],"wp:featuredmedia":[{"embeddable":true,"href":"https:\/\/ineqlab.cl\/en\/wp-json\/wp\/v2\/media\/249"}],"wp:attachment":[{"href":"https:\/\/ineqlab.cl\/en\/wp-json\/wp\/v2\/media?parent=253"}],"wp:term":[{"taxonomy":"product_brand","embeddable":true,"href":"https:\/\/ineqlab.cl\/en\/wp-json\/wp\/v2\/product_brand?post=253"},{"taxonomy":"product_cat","embeddable":true,"href":"https:\/\/ineqlab.cl\/en\/wp-json\/wp\/v2\/product_cat?post=253"},{"taxonomy":"product_tag","embeddable":true,"href":"https:\/\/ineqlab.cl\/en\/wp-json\/wp\/v2\/product_tag?post=253"}],"curies":[{"name":"wp","href":"https:\/\/api.w.org\/{rel}","templated":true}]}}