{"id":257,"date":"2022-10-10T23:26:30","date_gmt":"2022-10-11T02:26:30","guid":{"rendered":"https:\/\/ineqlab.cl\/?post_type=product&#038;p=257"},"modified":"2023-03-12T19:30:42","modified_gmt":"2023-03-12T22:30:42","slug":"gabinete-de-bioseguridad-clase-2cytotoxic","status":"publish","type":"product","link":"https:\/\/ineqlab.cl\/en\/product\/gabinete-de-bioseguridad-clase-2cytotoxic\/","title":{"rendered":"Gabinete de bioseguridad clase 2cytotoxic"},"content":{"rendered":"<p>La m\u00e1s nueva gama de cabinas de seguridad biol\u00f3gica de clase II de alta calidad garantiza el mas nivel de protecci\u00f3n para el operador, el producto y el medio ambiente, minimizando los peligros inherentes al trabajo con agentes Asignados a los niveles de bioseguridad 1, 2 y 3. Esta serie ha sido dise\u00f1ada de acuerdo con los m\u00e1s altos est\u00e1ndares de calidad, seguridad biol\u00f3gica, confiabilidad, ergonom\u00eda y facilidad de uso y cumple con los \u00faltimos requisitos de los clientes, como el bajo consumo de energ\u00eda y el bajo nivel de sonido. Adicionalmente la BiOptima Cyto est\u00e1 equipada con filtros HEPA adicionales en forma de V debajo de la superficie de trabajo, que filtre el aire de entrada y mantenga la construcci\u00f3n interna del gabinete libre de contaminaci\u00f3n y, por lo tanto,Garantiza la m\u00e1xima seguridad para aplicaciones de alto riesgo. *Aplicaciones BiOptima Cyto est\u00e1 dise\u00f1ado para aplicaciones microbiol\u00f3gicas de alto riesgo y aplicaciones altamente t\u00f3xicas, como la producci\u00f3n de los medicamentos citot\u00f3xicos. \u2022 La ventana frontal inclinada de 7 \u00b0.proporciona al operador un c\u00f3modo y ergon\u00f3mico.postura \u2022 Ventana delantera de vidrio laminado de seguridad con accionamiento el\u00e9ctrico proteccion UV. \u2022 Iluminaci\u00f3n LED y regulable para mayor comodidad visual. *Luz UV y ventiladores con temporizador para ser programable. \u2022 Alta \u00e1rea de trabajo. 666 mm \u2022 Vidrio lateral. \u2022 Interfaz de usuario intuitiva elegible en Espa\u00f1ol. \u2022 Laminaridad superior, Bajo costo de operaci\u00f3n. \u2022 Vidrio frontal abatible para acceso por la parte posterior que permite abrir completamente la ventana delantera para un f\u00e1cil acceso a todos los puntos en el \u00e1rea de trabajo. Adem\u00e1s, facilitar\u00e1 la entrada de equipos grandes en el gabinete principal c\u00e1mara. \u2022 C\u00e1mara interior de una pieza: est\u00e1ndar equipada con c\u00e1mara de acero inoxidable con esquinas redondeadas, que permite f\u00e1cil limpieza \u2022 Bandejas de trabajo segmentadas. \u2022 La bandeja de goteo debajo de la encimera recoge los l\u00edquidos derramados hasta 4 litros seg\u00fan EN 12469, evitando que estos l\u00edquidos entren en partes del gabinete que son dif\u00edciles de limpiar. \u00e1cil de mantener y descontaminar \u2022 El prefiltro G3 evita que el polvo, la suciedad y las part\u00edculas entren en los filtros HEPA, aumentando enormemente el filtro HEPA toda la vida. Prefiltro incorporado para prolongar la vida \u00fatil de los filtros HEPA. \u2022 Sistema 4F innovador, \u00fanico y patentado r\u00e1pido, amigable y eficiente para reemplazar el filtro de flujo descendente: el Se puede acceder f\u00e1cilmente al filtro desde la parte frontal del gabinete utilizando un dispositivo \u00fanico de apriete desensamble r\u00e1pido, reduciendo el tiempo requerido para reemplazar el filtro dentro de cinco minutos. \u2022 Se puede acceder f\u00e1cilmente a todas las piezas t\u00e9cnicas desde la parte frontal del gabinete. Sistema 4F de liberaci\u00f3n r\u00e1pida con filtro HEPA Patentado * Certificaci\u00f3n T\u00dcV Nord para 4, 6 seg\u00fan EN-12469 y Cyto 4, Cyto 6 seg\u00fan Din 12980 \u2022 La rejilla de entrada en forma de V proporciona una seguridad superior al evitar el bloqueo de la entrada y la contaminaci\u00f3n de la mangas del operador \u2022 Vidrio lateral para supervisi\u00f3n de procesos y mejor iluminaci\u00f3n. \u2022 Presi\u00f3n negativa en los laterales. \u2022 Flujo de aire controlado. Dimensiones externas WxDxH: 1338x832x2212 mm Dimensiones internas WxDxH : 1190x548x666 mm Peso: 285 kg Velocidad de flujo laminar caudal laminar m s m\u00b3 h: 0.35 Velocidad del aire de entrada delantera caudal de extracci\u00f3n m s m\u00b3 h: 0.65 510 Potencia : 0.125 Kw Voltaje : 230 V Frecuencia : 50-60 Hz Iluminaci\u00f3n: 1000 Lux Sonido: 58 dBA Vibraci\u00f3n : &lt;0.005 mm RMS Filtros HEPA H14 filtros seg\u00fan Calidad del aire ISO 4 de acuerdo con ISO CD 14644-1: 353 parte. = 0.5 \u00b5m m3 : 10000 parte. = 0.1 \u00b5m m3 iNCLUYE BASE DE 900MM.<\/p>","protected":false},"excerpt":{"rendered":"<p><label class=\"label\">Marca<\/label>\u00a0TELSTAR<\/p>\n<div class=\"product-information\">\n<div id=\"product-description-short-554\">Gabinete de bioseguridad clase 2cytotoxic<\/div>\n<\/div>","protected":false},"featured_media":258,"template":"","meta":{"site-sidebar-layout":"default","site-content-layout":"","ast-site-content-layout":"default","site-content-style":"default","site-sidebar-style":"default","ast-global-header-display":"","ast-banner-title-visibility":"","ast-main-header-display":"","ast-hfb-above-header-display":"","ast-hfb-below-header-display":"","ast-hfb-mobile-header-display":"","site-post-title":"","ast-breadcrumbs-content":"","ast-featured-img":"","footer-sml-layout":"","ast-disable-related-posts":"","theme-transparent-header-meta":"","adv-header-id-meta":"","stick-header-meta":"","header-above-stick-meta":"","header-main-stick-meta":"","header-below-stick-meta":"","astra-migrate-meta-layouts":"default","ast-page-background-enabled":"default","ast-page-background-meta":{"desktop":{"background-color":"var(--ast-global-color-4)","background-image":"","background-repeat":"repeat","background-position":"center center","background-size":"auto","background-attachment":"scroll","background-type":"","background-media":"","overlay-type":"","overlay-color":"","overlay-opacity":"","overlay-gradient":""},"tablet":{"background-color":"","background-image":"","background-repeat":"repeat","background-position":"center center","background-size":"auto","background-attachment":"scroll","background-type":"","background-media":"","overlay-type":"","overlay-color":"","overlay-opacity":"","overlay-gradient":""},"mobile":{"background-color":"","background-image":"","background-repeat":"repeat","background-position":"center center","background-size":"auto","background-attachment":"scroll","background-type":"","background-media":"","overlay-type":"","overlay-color":"","overlay-opacity":"","overlay-gradient":""}},"ast-content-background-meta":{"desktop":{"background-color":"var(--ast-global-color-5)","background-image":"","background-repeat":"repeat","background-position":"center center","background-size":"auto","background-attachment":"scroll","background-type":"","background-media":"","overlay-type":"","overlay-color":"","overlay-opacity":"","overlay-gradient":""},"tablet":{"background-color":"var(--ast-global-color-5)","background-image":"","background-repeat":"repeat","background-position":"center center","background-size":"auto","background-attachment":"scroll","background-type":"","background-media":"","overlay-type":"","overlay-color":"","overlay-opacity":"","overlay-gradient":""},"mobile":{"background-color":"var(--ast-global-color-5)","background-image":"","background-repeat":"repeat","background-position":"center center","background-size":"auto","background-attachment":"scroll","background-type":"","background-media":"","overlay-type":"","overlay-color":"","overlay-opacity":"","overlay-gradient":""}}},"product_brand":[],"product_cat":[20],"product_tag":[],"class_list":{"0":"post-257","1":"product","2":"type-product","3":"status-publish","4":"has-post-thumbnail","6":"product_cat-gabinetes-campanas","7":"desktop-align-left","8":"tablet-align-left","9":"mobile-align-left","11":"first","12":"instock","13":"shipping-taxable","14":"purchasable","15":"product-type-simple"},"_links":{"self":[{"href":"https:\/\/ineqlab.cl\/en\/wp-json\/wp\/v2\/product\/257","targetHints":{"allow":["GET"]}}],"collection":[{"href":"https:\/\/ineqlab.cl\/en\/wp-json\/wp\/v2\/product"}],"about":[{"href":"https:\/\/ineqlab.cl\/en\/wp-json\/wp\/v2\/types\/product"}],"wp:featuredmedia":[{"embeddable":true,"href":"https:\/\/ineqlab.cl\/en\/wp-json\/wp\/v2\/media\/258"}],"wp:attachment":[{"href":"https:\/\/ineqlab.cl\/en\/wp-json\/wp\/v2\/media?parent=257"}],"wp:term":[{"taxonomy":"product_brand","embeddable":true,"href":"https:\/\/ineqlab.cl\/en\/wp-json\/wp\/v2\/product_brand?post=257"},{"taxonomy":"product_cat","embeddable":true,"href":"https:\/\/ineqlab.cl\/en\/wp-json\/wp\/v2\/product_cat?post=257"},{"taxonomy":"product_tag","embeddable":true,"href":"https:\/\/ineqlab.cl\/en\/wp-json\/wp\/v2\/product_tag?post=257"}],"curies":[{"name":"wp","href":"https:\/\/api.w.org\/{rel}","templated":true}]}}