{"id":271,"date":"2022-10-10T23:35:25","date_gmt":"2022-10-11T02:35:25","guid":{"rendered":"https:\/\/ineqlab.cl\/?post_type=product&#038;p=271"},"modified":"2023-03-12T19:30:42","modified_gmt":"2023-03-12T22:30:42","slug":"agitador-magnetico-ccalef-mod-rct-basic","status":"publish","type":"product","link":"https:\/\/ineqlab.cl\/en\/product\/agitador-magnetico-ccalef-mod-rct-basic\/","title":{"rendered":"Agitador magnetico ccalef. Mod.rct basic"},"content":{"rendered":"<p>Caracteristicas Tecnicas : &#8211; Agitador magn\u00e9tico con calefacci\u00f3n seguro para el funcionamiento sin supervisi\u00f3n &#8211; Control de temperatura integrado &#8211; Incluye el sensor de temperatura PT 1000 PT 1000.60 &#8211; Ubicaci\u00f3n exacta de temperatura y velocidad atrav\u00e9s de pantalla digital. &#8211; Ajuste digitalmente el l\u00edmite de temperatura por seguridad &#8211; Indicador superficie caliente,alerta de superficie caliente para prevenir quemaduras! &#8211; Indicador de error digital &#8211; Con circuito de seguridad ajustable de temperatura de la placa calefactora 50 &#8211; 360 \u00b0C &#8211; Buje seg\u00fan la norma de DIN 12878 para la conexi\u00f3n de un term\u00f3metro de contacto e.j. ETS-D5, permite el control preciso de temperatura &#8211; Alto nivel de seguridad gracias a la mejora de la tecnolog\u00eda del control de calor &#8211; Adjunto de montaje IP 42 garantiza una larga vida en servicio &#8211; La placa de calefacci\u00f3n es altamente pulida de alumino para una \u00f3ptima transferencia de calor &#8211; Adherencia magn\u00e9tica mejorada &#8211; Incluye cobertura de protecci\u00f3n H 100 Especificaciones Tecnicas : &#8211; Capacidad maxima agitacion : 20 litros &#8211; Indicador de velocidad : LED &#8211; Rango de velocidad : 050 &#8211; 1500 rpm &#8211; Longitud max. varilla magn\u00e9tica : 80 mm &#8211; Potencia de calefacci\u00f3n : 600 W &#8211; Velocidad de calentamiento 1 l H2O in H15: 6.5 Kmin &#8211; Rango de temperatura de calefacci\u00f3n temp. ambiental : -310 \u00b0C &#8211; Control de calentamiento : LED &#8211; Min. circuito de seguridad regulable : 50 \u00b0C &#8211; Max. circuito de seguridad regulable : 360 \u00b0C &#8211; Ext. para conectar el sensor de temperatura : PT1000 &#8211; Control preciso con sensor : 1 \u00b1K &#8211; Material de la superficie de la placa : Aleaci\u00f3n de aluminio &#8211; Dimensiones de la superficie de la placa: 135mm diametro &#8211; Dimensiones An x Al x Pr : 160 x 85 x 270mm &#8211; Peso :2.5 kg &#8211; Temperatura ambiental permitida: 5 &#8211; 40 \u00b0C &#8211; Humedad relativa permitida : 80 % &#8211; Clase de protecci\u00f3n de acuerdo al DIN EN 60529 IP 42 &#8211; Voltaje : 220 &#8211; 230 115 100 V &#8211; Frecuencia: 5060 Hz &#8211; Consumo de energ\u00eda : 650 W<\/p>","protected":false},"excerpt":{"rendered":"<p><label class=\"label\">Marca<\/label>\u00a0IKA<\/p>\n<div class=\"product-information\">\n<div id=\"product-description-short-313\">Agitador magnetico ccalef. Mod.rct basic<\/div>\n<\/div>","protected":false},"featured_media":272,"template":"","meta":{"site-sidebar-layout":"default","site-content-layout":"","ast-site-content-layout":"default","site-content-style":"default","site-sidebar-style":"default","ast-global-header-display":"","ast-banner-title-visibility":"","ast-main-header-display":"","ast-hfb-above-header-display":"","ast-hfb-below-header-display":"","ast-hfb-mobile-header-display":"","site-post-title":"","ast-breadcrumbs-content":"","ast-featured-img":"","footer-sml-layout":"","ast-disable-related-posts":"","theme-transparent-header-meta":"","adv-header-id-meta":"","stick-header-meta":"","header-above-stick-meta":"","header-main-stick-meta":"","header-below-stick-meta":"","astra-migrate-meta-layouts":"default","ast-page-background-enabled":"default","ast-page-background-meta":{"desktop":{"background-color":"var(--ast-global-color-4)","background-image":"","background-repeat":"repeat","background-position":"center center","background-size":"auto","background-attachment":"scroll","background-type":"","background-media":"","overlay-type":"","overlay-color":"","overlay-opacity":"","overlay-gradient":""},"tablet":{"background-color":"","background-image":"","background-repeat":"repeat","background-position":"center center","background-size":"auto","background-attachment":"scroll","background-type":"","background-media":"","overlay-type":"","overlay-color":"","overlay-opacity":"","overlay-gradient":""},"mobile":{"background-color":"","background-image":"","background-repeat":"repeat","background-position":"center center","background-size":"auto","background-attachment":"scroll","background-type":"","background-media":"","overlay-type":"","overlay-color":"","overlay-opacity":"","overlay-gradient":""}},"ast-content-background-meta":{"desktop":{"background-color":"var(--ast-global-color-5)","background-image":"","background-repeat":"repeat","background-position":"center center","background-size":"auto","background-attachment":"scroll","background-type":"","background-media":"","overlay-type":"","overlay-color":"","overlay-opacity":"","overlay-gradient":""},"tablet":{"background-color":"var(--ast-global-color-5)","background-image":"","background-repeat":"repeat","background-position":"center center","background-size":"auto","background-attachment":"scroll","background-type":"","background-media":"","overlay-type":"","overlay-color":"","overlay-opacity":"","overlay-gradient":""},"mobile":{"background-color":"var(--ast-global-color-5)","background-image":"","background-repeat":"repeat","background-position":"center center","background-size":"auto","background-attachment":"scroll","background-type":"","background-media":"","overlay-type":"","overlay-color":"","overlay-opacity":"","overlay-gradient":""}}},"product_brand":[],"product_cat":[21],"product_tag":[],"class_list":{"0":"post-271","1":"product","2":"type-product","3":"status-publish","4":"has-post-thumbnail","6":"product_cat-agitadores-mixer","7":"desktop-align-left","8":"tablet-align-left","9":"mobile-align-left","11":"first","12":"instock","13":"shipping-taxable","14":"purchasable","15":"product-type-simple"},"_links":{"self":[{"href":"https:\/\/ineqlab.cl\/en\/wp-json\/wp\/v2\/product\/271","targetHints":{"allow":["GET"]}}],"collection":[{"href":"https:\/\/ineqlab.cl\/en\/wp-json\/wp\/v2\/product"}],"about":[{"href":"https:\/\/ineqlab.cl\/en\/wp-json\/wp\/v2\/types\/product"}],"wp:featuredmedia":[{"embeddable":true,"href":"https:\/\/ineqlab.cl\/en\/wp-json\/wp\/v2\/media\/272"}],"wp:attachment":[{"href":"https:\/\/ineqlab.cl\/en\/wp-json\/wp\/v2\/media?parent=271"}],"wp:term":[{"taxonomy":"product_brand","embeddable":true,"href":"https:\/\/ineqlab.cl\/en\/wp-json\/wp\/v2\/product_brand?post=271"},{"taxonomy":"product_cat","embeddable":true,"href":"https:\/\/ineqlab.cl\/en\/wp-json\/wp\/v2\/product_cat?post=271"},{"taxonomy":"product_tag","embeddable":true,"href":"https:\/\/ineqlab.cl\/en\/wp-json\/wp\/v2\/product_tag?post=271"}],"curies":[{"name":"wp","href":"https:\/\/api.w.org\/{rel}","templated":true}]}}