{"id":276,"date":"2022-10-10T23:40:58","date_gmt":"2022-10-11T02:40:58","guid":{"rendered":"https:\/\/ineqlab.cl\/?post_type=product&#038;p=276"},"modified":"2023-03-12T19:30:42","modified_gmt":"2023-03-12T22:30:42","slug":"agitador-de-helice-eurostar-60-digital","status":"publish","type":"product","link":"https:\/\/ineqlab.cl\/en\/product\/agitador-de-helice-eurostar-60-digital\/","title":{"rendered":"Agitador de helice eurostar 60 digital"},"content":{"rendered":"<p>Agitador de laboratorio resistente de uso universal para cantidades m\u00e1ximas de 40L H2O. Ajusta autom\u00e1ticamente la velocidad mediante tecnolog\u00eda de control por microprocesador dentro del rango de velocidades de 030 a 2000 rpm. Los circuitos de seguridad instalados garantizan la desconexi\u00f3n autom\u00e1tica en condiciones de atascamiento o sobrecarga. Se mantiene una comparaci\u00f3n continua de la velocidad del eje con la velocidad deseada y las variaciones se ajustan autom\u00e1ticamente. De este modo se garantiza una velocidad constante incluso con cambios en las viscosidades de la muestra. Indicador digital de velocidad Ajuste infinito de la velocidad La varilla del \u00fatil puede traspasar a trav\u00e9s de la carcasa Protecci\u00f3n frente a sobrecargas Funcionamiento con sobrecarga durante un breve periodo de tiempo Carcasa delgada Funcionamiento silencioso Indicador de c\u00f3digos de error Especificaciones Tecnicas: Max. cantidad a agitar H2O 40 l Potencia del consumo del motor 176 W Potencia del suministro del motor 126 W Principio del motor Motor de corriente continua sin escobillas Indicador de velocidad 7 segmento LED Rango de velocidad 030 &#8211; 2000 rpm Max. viscosidad 50000 mPas Potencia Max. en el revolvimiento del eje 126 W Tiempo permitido encendido 100 % Esfuerzo de torsi\u00f3n max. en el revolvimiento del eje 60 Ncm Control de velocidad progresi\u00f3n Ajuste exactitud de la velocidad 1 \u00b1rpm Desviaci\u00f3n de la medici\u00f3n de velocidad n &gt; 300 rpm 1 \u00b1% Desviaci\u00f3n de la medici\u00f3n de velocidad n &lt; 300 rpm 3 \u00b1rpm Fijacion de util de agitaci\u00f3n tirada Di\u00e1metro del rango de la tirada 0.5 &#8211; 10 mm Di\u00e1metro interno del eje del hueco 11 mm Eje hueco empujar-por \u00bfcuando est\u00e1 parado s\u00ed Sujeci\u00f3n en el soporte brazo de extensi\u00f3n Diametro del brazo de extensi\u00f3n 16 mm Longitud del brazo de extensi\u00f3n 220 mm Speed control electr\u00f3nico Esfuerzo de torsi\u00f3n nominal 0.6 Nm Material de la carcasa Recubrimiento de aluminio fundido pol\u00edmero termopl\u00e1stico Dimensiones An x Al x Pr 86 x 248 x 208 mm Peso 4.4 kg Temperatura ambiental permitida 5 &#8211; 40 \u00b0C Humedad relativa permitida 80 % Clase de protecci\u00f3n de acuerdo al DIN EN 60529 IP 42 Voltaje 230 115 100 V Frecuencia 5060 Hz Consumo de energ\u00eda 176 W<\/p>","protected":false},"excerpt":{"rendered":"<p><label class=\"label\">Marca<\/label>\u00a0IKA<\/p>\n<div class=\"product-information\">\n<div id=\"product-description-short-319\">Agitador de helice eurostar 60 digital<\/div>\n<\/div>","protected":false},"featured_media":277,"template":"","meta":{"site-sidebar-layout":"default","site-content-layout":"","ast-site-content-layout":"default","site-content-style":"default","site-sidebar-style":"default","ast-global-header-display":"","ast-banner-title-visibility":"","ast-main-header-display":"","ast-hfb-above-header-display":"","ast-hfb-below-header-display":"","ast-hfb-mobile-header-display":"","site-post-title":"","ast-breadcrumbs-content":"","ast-featured-img":"","footer-sml-layout":"","ast-disable-related-posts":"","theme-transparent-header-meta":"","adv-header-id-meta":"","stick-header-meta":"","header-above-stick-meta":"","header-main-stick-meta":"","header-below-stick-meta":"","astra-migrate-meta-layouts":"default","ast-page-background-enabled":"default","ast-page-background-meta":{"desktop":{"background-color":"var(--ast-global-color-4)","background-image":"","background-repeat":"repeat","background-position":"center center","background-size":"auto","background-attachment":"scroll","background-type":"","background-media":"","overlay-type":"","overlay-color":"","overlay-opacity":"","overlay-gradient":""},"tablet":{"background-color":"","background-image":"","background-repeat":"repeat","background-position":"center center","background-size":"auto","background-attachment":"scroll","background-type":"","background-media":"","overlay-type":"","overlay-color":"","overlay-opacity":"","overlay-gradient":""},"mobile":{"background-color":"","background-image":"","background-repeat":"repeat","background-position":"center center","background-size":"auto","background-attachment":"scroll","background-type":"","background-media":"","overlay-type":"","overlay-color":"","overlay-opacity":"","overlay-gradient":""}},"ast-content-background-meta":{"desktop":{"background-color":"var(--ast-global-color-5)","background-image":"","background-repeat":"repeat","background-position":"center center","background-size":"auto","background-attachment":"scroll","background-type":"","background-media":"","overlay-type":"","overlay-color":"","overlay-opacity":"","overlay-gradient":""},"tablet":{"background-color":"var(--ast-global-color-5)","background-image":"","background-repeat":"repeat","background-position":"center center","background-size":"auto","background-attachment":"scroll","background-type":"","background-media":"","overlay-type":"","overlay-color":"","overlay-opacity":"","overlay-gradient":""},"mobile":{"background-color":"var(--ast-global-color-5)","background-image":"","background-repeat":"repeat","background-position":"center center","background-size":"auto","background-attachment":"scroll","background-type":"","background-media":"","overlay-type":"","overlay-color":"","overlay-opacity":"","overlay-gradient":""}}},"product_brand":[],"product_cat":[21],"product_tag":[],"class_list":{"0":"post-276","1":"product","2":"type-product","3":"status-publish","4":"has-post-thumbnail","6":"product_cat-agitadores-mixer","7":"desktop-align-left","8":"tablet-align-left","9":"mobile-align-left","11":"first","12":"instock","13":"shipping-taxable","14":"purchasable","15":"product-type-simple"},"_links":{"self":[{"href":"https:\/\/ineqlab.cl\/en\/wp-json\/wp\/v2\/product\/276","targetHints":{"allow":["GET"]}}],"collection":[{"href":"https:\/\/ineqlab.cl\/en\/wp-json\/wp\/v2\/product"}],"about":[{"href":"https:\/\/ineqlab.cl\/en\/wp-json\/wp\/v2\/types\/product"}],"wp:featuredmedia":[{"embeddable":true,"href":"https:\/\/ineqlab.cl\/en\/wp-json\/wp\/v2\/media\/277"}],"wp:attachment":[{"href":"https:\/\/ineqlab.cl\/en\/wp-json\/wp\/v2\/media?parent=276"}],"wp:term":[{"taxonomy":"product_brand","embeddable":true,"href":"https:\/\/ineqlab.cl\/en\/wp-json\/wp\/v2\/product_brand?post=276"},{"taxonomy":"product_cat","embeddable":true,"href":"https:\/\/ineqlab.cl\/en\/wp-json\/wp\/v2\/product_cat?post=276"},{"taxonomy":"product_tag","embeddable":true,"href":"https:\/\/ineqlab.cl\/en\/wp-json\/wp\/v2\/product_tag?post=276"}],"curies":[{"name":"wp","href":"https:\/\/api.w.org\/{rel}","templated":true}]}}