{"id":278,"date":"2022-10-10T23:43:08","date_gmt":"2022-10-11T02:43:08","guid":{"rendered":"https:\/\/ineqlab.cl\/?post_type=product&#038;p=278"},"modified":"2023-03-12T19:30:42","modified_gmt":"2023-03-12T22:30:42","slug":"agitador-de-helice-80l-rw28-digital","status":"publish","type":"product","link":"https:\/\/ineqlab.cl\/en\/product\/agitador-de-helice-80l-rw28-digital\/","title":{"rendered":"Agitador De Helice 80l Rw28 Digital"},"content":{"rendered":"<p>Potente agitador de laboratorio con control mec\u00e1nico para aplicaciones de alta viscosidad para cantidades m\u00e1ximas de 80L H2O. Es adecuado para el mezclado intensivo en laboratorios y plantas piloto. El agitador est\u00e1 equipado con una protecci\u00f3n contra el sobrecalentamiento del motor consistente en un limitador de temperatura con autobloqueo. Adem\u00e1s, se ofrece como opci\u00f3n cubierta protectora para el \u00fatil de agitaci\u00f3n.. Indicador digital de velocidad Ajuste infinito de velocidad en dos rangos de velocidades La varilla del \u00fatil puede traspasar a trav\u00e9s de la carcasa Protecci\u00f3n frente a sobrecargas Indicador de c\u00f3digos de error Dise\u00f1o robusto y ergon\u00f3mico Funcionamiento silencioso Con motor el\u00e9ctrico constante Informaci\u00f3n T\u00e9cnica Max. cantidad a agitar H2O 80L Potencia del consumo del motor 220 W Potencia del suministro del motor 90 W Indicador de velocidad LED Rango de velocidad 60 &#8211; 1400 rpm Max. viscosidad 50000 mPas Potencia Max. en el revolvimiento del eje 90 W Tiempo permitido encendido 100 % Esfuerzo de torsi\u00f3n max. en el revolvimiento del eje 900 Ncm Esfuerzo de torsi\u00f3n max. en el revolvimiento del eje a 60 1min sobrecarga 1144 Ncm Esfuerzo de torsi\u00f3n max. en el revolvimiento del eje a 100 1min 900 Ncm Esfuerzo de torsi\u00f3n max. en el revolvimiento del eje a 1.000 1min 86 Ncm Torque I m\u00e1x. 900 Ncm Torque II m\u00e1x. 300 Ncm Rango de velocidad I 50 Hz 60 &#8211; 400 rpm Rango de velocidad II 50 Hz 240 &#8211; 1400 rpm Rango de velocidad I 60 Hz 72 &#8211; 480 rpm Rango de velocidad II 60 Hz 288 &#8211; 1680 rpm Control de velocidad progresi\u00f3n Ajuste exactitud de la velocidad 1 \u00b1rpm Desviaci\u00f3n de la medici\u00f3n de velocidad 10 \u00b1rpm Fijacion de util de agitaci\u00f3n tirada Di\u00e1metro del rango de la tirada 1 &#8211; 10 mm Di\u00e1metro interno del eje del hueco 10.5 mm Eje hueco empujar-por \u00bfcuando est\u00e1 parado s\u00ed Sujeci\u00f3n en el soporte brazo de extensi\u00f3n Diametro del brazo de extensi\u00f3n 16 mm Longitud del brazo de extensi\u00f3n 145 mm Speed control mec\u00e1nico Esfuerzo de torsi\u00f3n nominal 9 Nm Material de la carcasa Recubrimiento de aluminio fundido pol\u00edmero termopl\u00e1stico Ruido sin el elemento 62.5 dBA Dimensiones An x Al x Pr 123 x 364 x 252 mm Peso 8.966 kg Temperatura ambiental permitida 5 &#8211; 40 \u00b0C Humedad relativa permitida 80 % Clase de protecci\u00f3n de acuerdo al DIN EN 60529 IP 40 Voltaje 220 &#8211; 240 115 100 V Frecuencia 5060 Hz Consumo de energ\u00eda 220 W<\/p>","protected":false},"excerpt":{"rendered":"<p><label class=\"label\">Marca<\/label>\u00a0IKA<\/p>\n<div class=\"product-information\">\n<div id=\"product-description-short-320\">Agitador De Helice 80l Rw28 Digital<\/div>\n<\/div>","protected":false},"featured_media":279,"template":"","meta":{"site-sidebar-layout":"default","site-content-layout":"","ast-site-content-layout":"default","site-content-style":"default","site-sidebar-style":"default","ast-global-header-display":"","ast-banner-title-visibility":"","ast-main-header-display":"","ast-hfb-above-header-display":"","ast-hfb-below-header-display":"","ast-hfb-mobile-header-display":"","site-post-title":"","ast-breadcrumbs-content":"","ast-featured-img":"","footer-sml-layout":"","ast-disable-related-posts":"","theme-transparent-header-meta":"","adv-header-id-meta":"","stick-header-meta":"","header-above-stick-meta":"","header-main-stick-meta":"","header-below-stick-meta":"","astra-migrate-meta-layouts":"default","ast-page-background-enabled":"default","ast-page-background-meta":{"desktop":{"background-color":"var(--ast-global-color-4)","background-image":"","background-repeat":"repeat","background-position":"center center","background-size":"auto","background-attachment":"scroll","background-type":"","background-media":"","overlay-type":"","overlay-color":"","overlay-opacity":"","overlay-gradient":""},"tablet":{"background-color":"","background-image":"","background-repeat":"repeat","background-position":"center center","background-size":"auto","background-attachment":"scroll","background-type":"","background-media":"","overlay-type":"","overlay-color":"","overlay-opacity":"","overlay-gradient":""},"mobile":{"background-color":"","background-image":"","background-repeat":"repeat","background-position":"center center","background-size":"auto","background-attachment":"scroll","background-type":"","background-media":"","overlay-type":"","overlay-color":"","overlay-opacity":"","overlay-gradient":""}},"ast-content-background-meta":{"desktop":{"background-color":"var(--ast-global-color-5)","background-image":"","background-repeat":"repeat","background-position":"center center","background-size":"auto","background-attachment":"scroll","background-type":"","background-media":"","overlay-type":"","overlay-color":"","overlay-opacity":"","overlay-gradient":""},"tablet":{"background-color":"var(--ast-global-color-5)","background-image":"","background-repeat":"repeat","background-position":"center center","background-size":"auto","background-attachment":"scroll","background-type":"","background-media":"","overlay-type":"","overlay-color":"","overlay-opacity":"","overlay-gradient":""},"mobile":{"background-color":"var(--ast-global-color-5)","background-image":"","background-repeat":"repeat","background-position":"center center","background-size":"auto","background-attachment":"scroll","background-type":"","background-media":"","overlay-type":"","overlay-color":"","overlay-opacity":"","overlay-gradient":""}}},"product_brand":[],"product_cat":[21],"product_tag":[],"class_list":{"0":"post-278","1":"product","2":"type-product","3":"status-publish","4":"has-post-thumbnail","6":"product_cat-agitadores-mixer","7":"desktop-align-left","8":"tablet-align-left","9":"mobile-align-left","11":"first","12":"instock","13":"shipping-taxable","14":"purchasable","15":"product-type-simple"},"_links":{"self":[{"href":"https:\/\/ineqlab.cl\/en\/wp-json\/wp\/v2\/product\/278","targetHints":{"allow":["GET"]}}],"collection":[{"href":"https:\/\/ineqlab.cl\/en\/wp-json\/wp\/v2\/product"}],"about":[{"href":"https:\/\/ineqlab.cl\/en\/wp-json\/wp\/v2\/types\/product"}],"wp:featuredmedia":[{"embeddable":true,"href":"https:\/\/ineqlab.cl\/en\/wp-json\/wp\/v2\/media\/279"}],"wp:attachment":[{"href":"https:\/\/ineqlab.cl\/en\/wp-json\/wp\/v2\/media?parent=278"}],"wp:term":[{"taxonomy":"product_brand","embeddable":true,"href":"https:\/\/ineqlab.cl\/en\/wp-json\/wp\/v2\/product_brand?post=278"},{"taxonomy":"product_cat","embeddable":true,"href":"https:\/\/ineqlab.cl\/en\/wp-json\/wp\/v2\/product_cat?post=278"},{"taxonomy":"product_tag","embeddable":true,"href":"https:\/\/ineqlab.cl\/en\/wp-json\/wp\/v2\/product_tag?post=278"}],"curies":[{"name":"wp","href":"https:\/\/api.w.org\/{rel}","templated":true}]}}