{"id":280,"date":"2022-10-10T23:44:51","date_gmt":"2022-10-11T02:44:51","guid":{"rendered":"https:\/\/ineqlab.cl\/?post_type=product&#038;p=280"},"modified":"2023-03-12T19:30:42","modified_gmt":"2023-03-12T22:30:42","slug":"tamizador-analitico-oass203","status":"publish","type":"product","link":"https:\/\/ineqlab.cl\/en\/product\/tamizador-analitico-oass203\/","title":{"rendered":"Tamizador analitico oass203"},"content":{"rendered":"<p>Caracteristicas Tecnicas : La tamizadora anal\u00edtica OASS203 permite la obtenci\u00f3n de resultados reproducibles, cumpliendo la norma ISO 9001 para equipos de medici\u00f3n y contro. Permite definir propiedades mec\u00e1nicas de las part\u00edculas, aglomeraci\u00f3n por fuerzas adherentes, miscibilidad, comportamiento frente al esfuerzo, propiedades organol\u00e9pticas, etc. Capacidad hasta 6 Kg de muestra. Movimiento tridimensional. Permite el tamizado por v\u00eda h\u00fameda y seca. Controlada por microprocesador. Dimensiones externas : 280*370*765 Consumo : 120W Peso : 14,5kg F\u00e1cil funcionamiento: Sistema de cierre est\u00e1ndar suministrado con la tamizadora de f\u00e1cil ensamblaje. Ajuste de la potencia de tamizado 100% corresponde con 6.400 RPM, lo que permite una mayor dispersi\u00f3n de la muestra por el tamiz y una mayor eficiencia del proceso de tamizado. Programable hasta 16 memorias, tiempo regulable de 10 segundos a 99 minutos y posici\u00f3n de tiempo indefinido. Regulable por intervalos de 1 a 99 segundos. Seguridad: Extremadamente silenciosa, presenta el menor nivel de ruido de las disponibles en el mercado. Carcasa met\u00e1lica de gran resistencia y estabilidad. Protecci\u00f3n el\u00e9ctrica con toma de tierra y fusibles. Accesorios: Tamices de acero inoxidable AISI 316 para mallas y AISI 304 en chapa perforada, con junta de estanqueidad, marcado indeleble con laser. Di\u00e1metro de los tamices: 203 mm 8&#8243; , 200 mm . Capacidad hasta 8 de 50 mm de altura o 16 de 25 mm, altura total de la cascada 400 mm . Rango de part\u00edculas que se pueden someter a an\u00e1lisis: 20 \u00b5 a 125 mm . Disponible certificado de calibraci\u00f3n. Directivas comunitarias: 200695EC, 2004108EC, 201165EU, 201219EU. Normas: EN61010-1, EN 61326, EN 61010-2-51<\/p>","protected":false},"excerpt":{"rendered":"<p><label class=\"label\">Marca<\/label>\u00a0Orto Alresa<\/p>\n<div class=\"product-information\">\n<div id=\"product-description-short-339\">Tamizador analitico oass203<\/div>\n<\/div>","protected":false},"featured_media":281,"template":"","meta":{"site-sidebar-layout":"default","site-content-layout":"","ast-site-content-layout":"default","site-content-style":"default","site-sidebar-style":"default","ast-global-header-display":"","ast-banner-title-visibility":"","ast-main-header-display":"","ast-hfb-above-header-display":"","ast-hfb-below-header-display":"","ast-hfb-mobile-header-display":"","site-post-title":"","ast-breadcrumbs-content":"","ast-featured-img":"","footer-sml-layout":"","ast-disable-related-posts":"","theme-transparent-header-meta":"","adv-header-id-meta":"","stick-header-meta":"","header-above-stick-meta":"","header-main-stick-meta":"","header-below-stick-meta":"","astra-migrate-meta-layouts":"default","ast-page-background-enabled":"default","ast-page-background-meta":{"desktop":{"background-color":"var(--ast-global-color-4)","background-image":"","background-repeat":"repeat","background-position":"center center","background-size":"auto","background-attachment":"scroll","background-type":"","background-media":"","overlay-type":"","overlay-color":"","overlay-opacity":"","overlay-gradient":""},"tablet":{"background-color":"","background-image":"","background-repeat":"repeat","background-position":"center center","background-size":"auto","background-attachment":"scroll","background-type":"","background-media":"","overlay-type":"","overlay-color":"","overlay-opacity":"","overlay-gradient":""},"mobile":{"background-color":"","background-image":"","background-repeat":"repeat","background-position":"center center","background-size":"auto","background-attachment":"scroll","background-type":"","background-media":"","overlay-type":"","overlay-color":"","overlay-opacity":"","overlay-gradient":""}},"ast-content-background-meta":{"desktop":{"background-color":"var(--ast-global-color-5)","background-image":"","background-repeat":"repeat","background-position":"center center","background-size":"auto","background-attachment":"scroll","background-type":"","background-media":"","overlay-type":"","overlay-color":"","overlay-opacity":"","overlay-gradient":""},"tablet":{"background-color":"var(--ast-global-color-5)","background-image":"","background-repeat":"repeat","background-position":"center center","background-size":"auto","background-attachment":"scroll","background-type":"","background-media":"","overlay-type":"","overlay-color":"","overlay-opacity":"","overlay-gradient":""},"mobile":{"background-color":"var(--ast-global-color-5)","background-image":"","background-repeat":"repeat","background-position":"center center","background-size":"auto","background-attachment":"scroll","background-type":"","background-media":"","overlay-type":"","overlay-color":"","overlay-opacity":"","overlay-gradient":""}}},"product_brand":[],"product_cat":[21],"product_tag":[],"class_list":{"0":"post-280","1":"product","2":"type-product","3":"status-publish","4":"has-post-thumbnail","6":"product_cat-agitadores-mixer","7":"desktop-align-left","8":"tablet-align-left","9":"mobile-align-left","11":"first","12":"instock","13":"shipping-taxable","14":"purchasable","15":"product-type-simple"},"_links":{"self":[{"href":"https:\/\/ineqlab.cl\/en\/wp-json\/wp\/v2\/product\/280","targetHints":{"allow":["GET"]}}],"collection":[{"href":"https:\/\/ineqlab.cl\/en\/wp-json\/wp\/v2\/product"}],"about":[{"href":"https:\/\/ineqlab.cl\/en\/wp-json\/wp\/v2\/types\/product"}],"wp:featuredmedia":[{"embeddable":true,"href":"https:\/\/ineqlab.cl\/en\/wp-json\/wp\/v2\/media\/281"}],"wp:attachment":[{"href":"https:\/\/ineqlab.cl\/en\/wp-json\/wp\/v2\/media?parent=280"}],"wp:term":[{"taxonomy":"product_brand","embeddable":true,"href":"https:\/\/ineqlab.cl\/en\/wp-json\/wp\/v2\/product_brand?post=280"},{"taxonomy":"product_cat","embeddable":true,"href":"https:\/\/ineqlab.cl\/en\/wp-json\/wp\/v2\/product_cat?post=280"},{"taxonomy":"product_tag","embeddable":true,"href":"https:\/\/ineqlab.cl\/en\/wp-json\/wp\/v2\/product_tag?post=280"}],"curies":[{"name":"wp","href":"https:\/\/api.w.org\/{rel}","templated":true}]}}