{"id":299,"date":"2022-10-11T00:30:48","date_gmt":"2022-10-11T03:30:48","guid":{"rendered":"https:\/\/ineqlab.cl\/?post_type=product&#038;p=299"},"modified":"2023-03-12T19:30:43","modified_gmt":"2023-03-12T22:30:43","slug":"viscosimetro-rotacional","status":"publish","type":"product","link":"https:\/\/ineqlab.cl\/en\/product\/viscosimetro-rotacional\/","title":{"rendered":"Viscos\u00edmetro rotacional"},"content":{"rendered":"<p>Determina la viscosidad de l\u00edquidos en todas las \u00e1reas de aplicaci\u00f3n, desde el laboratorio hasta el control de calidad. Los cuatro dispositivos miden diferentes rangos de viscosidad. Este equipo est\u00e1 dise\u00f1ado para mediciones simples o m\u00e1s complejas, proporcionando resultados r\u00e1pidos y precisos. La entrega incluye un conjunto de agujas (SP7-SP12), un soporte para protecci\u00f3n, sensor de temperatura, conector rapido, conector de gancho y soporte ROTASTAND. F\u00e1cil manejo La amplia pantalla TFT de 4.3&#8243; permite que el men\u00fa se pueda manejar de forma intuitiva. Un nivel digital tambi\u00e9n es compatible con la configuraci\u00f3n correcta de la condici\u00f3n de inicio. La funci\u00f3n de rampa simplifica las tareas repetitivas. La mayor precisi\u00f3n de medici\u00f3n El nivel de precisi\u00f3n del viscos\u00edmetro rotacional para fluidos Newtonianos y no newtonianos es de +\/- 1 % en el intervalo de medici\u00f3n. La reproducibilidad es de +\/- 0.2 %. Ajuste de velocidad cont\u00ednuo El ROTAVISC es un viscos\u00edmetro que permite un ajuste de velocidad cont\u00ednuo. Informaci\u00f3n T\u00e9cnica Rango de medici\u00f3n de la viscosidad 40000000 mPas Precisi\u00f3n de la viscosidad 1 % Repetibilidad de la viscosidad 0.2 % Torque del resorte 0.7187 mNm Ra\u00edl de gu\u00eda me-vi Agujas de medici\u00f3n SP set-2 Potencia del suministro del motor 4.8 W Proteci\u00f3n contra sobrecargas s\u00ed Direcci\u00f3n de rotaci\u00f3n del motor derecha Visualizaci\u00f3n TFT Indicador de velocidad TFT Rango de velocidad 0.01 &#8211; 200 rpm Ajuste exactitud de la velocidad 0.01 \u00b1rpm Control de velocidad TFT Indicador del esfuerzo de torsi\u00f3n s\u00ed Medida del esfuerzo de torsi\u00f3n s\u00ed Contador de tiempo s\u00ed Indicador del contador del tiempo TFT Rango del ajuste del tiempo 0.017 &#8211; 6000 min Resolucion de medida de temperatura 0.1 K Indicador del funcionamiento de T\u00b0 TFT Ext. para conectar el sensor de T\u00b0 PT 100 Funci\u00f3n de gr\u00e1fico s\u00ed Modo de operaci\u00f3n contador de tiempo y operaci\u00f3n cont\u00ednua Opci\u00f3n de calibraci\u00f3n s\u00ed Funci\u00f3n de tacto s\u00ed Densidad permitida 9999 kg\/dm3 Funcionamiento de temperatura -100 &#8211; 300 \u00b0C Sujeci\u00f3n en el soporte brazo de extensi\u00f3n Di\u00e1metro de la varilla de soporte (cerradura integrada al soporte) 16 mm Movimiento del soporte telesc\u00f3pico 200 mm Acoplador enchufable (\u00d8) 12 mm Volumen b\u00e1sico del envase 600 ml Soporte Rotastand Recorrido m\u00e1x. 200 mm Di\u00e1metro 16 mm Carga din\u00e1mica 5 kg Dimensiones (An x Al x Pr) 351 x 629 x 372 mm Peso 7.1 kg<\/p>","protected":false},"excerpt":{"rendered":"<p><label class=\"label\">Marca<\/label>\u00a0IKA<\/p>\n<div class=\"product-information\">\n<div id=\"product-description-short-32\">\n<p>VISCOSIMETRO ROTACIONAL 100 &#8211; 40.000.000 mPas<\/p>\n<\/div>\n<\/div>","protected":false},"featured_media":300,"template":"","meta":{"site-sidebar-layout":"default","site-content-layout":"","ast-site-content-layout":"default","site-content-style":"default","site-sidebar-style":"default","ast-global-header-display":"","ast-banner-title-visibility":"","ast-main-header-display":"","ast-hfb-above-header-display":"","ast-hfb-below-header-display":"","ast-hfb-mobile-header-display":"","site-post-title":"","ast-breadcrumbs-content":"","ast-featured-img":"","footer-sml-layout":"","ast-disable-related-posts":"","theme-transparent-header-meta":"","adv-header-id-meta":"","stick-header-meta":"","header-above-stick-meta":"","header-main-stick-meta":"","header-below-stick-meta":"","astra-migrate-meta-layouts":"default","ast-page-background-enabled":"default","ast-page-background-meta":{"desktop":{"background-color":"var(--ast-global-color-4)","background-image":"","background-repeat":"repeat","background-position":"center center","background-size":"auto","background-attachment":"scroll","background-type":"","background-media":"","overlay-type":"","overlay-color":"","overlay-opacity":"","overlay-gradient":""},"tablet":{"background-color":"","background-image":"","background-repeat":"repeat","background-position":"center center","background-size":"auto","background-attachment":"scroll","background-type":"","background-media":"","overlay-type":"","overlay-color":"","overlay-opacity":"","overlay-gradient":""},"mobile":{"background-color":"","background-image":"","background-repeat":"repeat","background-position":"center center","background-size":"auto","background-attachment":"scroll","background-type":"","background-media":"","overlay-type":"","overlay-color":"","overlay-opacity":"","overlay-gradient":""}},"ast-content-background-meta":{"desktop":{"background-color":"var(--ast-global-color-5)","background-image":"","background-repeat":"repeat","background-position":"center center","background-size":"auto","background-attachment":"scroll","background-type":"","background-media":"","overlay-type":"","overlay-color":"","overlay-opacity":"","overlay-gradient":""},"tablet":{"background-color":"var(--ast-global-color-5)","background-image":"","background-repeat":"repeat","background-position":"center center","background-size":"auto","background-attachment":"scroll","background-type":"","background-media":"","overlay-type":"","overlay-color":"","overlay-opacity":"","overlay-gradient":""},"mobile":{"background-color":"var(--ast-global-color-5)","background-image":"","background-repeat":"repeat","background-position":"center center","background-size":"auto","background-attachment":"scroll","background-type":"","background-media":"","overlay-type":"","overlay-color":"","overlay-opacity":"","overlay-gradient":""}}},"product_brand":[],"product_cat":[22],"product_tag":[],"class_list":{"0":"post-299","1":"product","2":"type-product","3":"status-publish","4":"has-post-thumbnail","6":"product_cat-viscosimetro","7":"desktop-align-left","8":"tablet-align-left","9":"mobile-align-left","11":"first","12":"instock","13":"shipping-taxable","14":"purchasable","15":"product-type-simple"},"_links":{"self":[{"href":"https:\/\/ineqlab.cl\/en\/wp-json\/wp\/v2\/product\/299","targetHints":{"allow":["GET"]}}],"collection":[{"href":"https:\/\/ineqlab.cl\/en\/wp-json\/wp\/v2\/product"}],"about":[{"href":"https:\/\/ineqlab.cl\/en\/wp-json\/wp\/v2\/types\/product"}],"wp:featuredmedia":[{"embeddable":true,"href":"https:\/\/ineqlab.cl\/en\/wp-json\/wp\/v2\/media\/300"}],"wp:attachment":[{"href":"https:\/\/ineqlab.cl\/en\/wp-json\/wp\/v2\/media?parent=299"}],"wp:term":[{"taxonomy":"product_brand","embeddable":true,"href":"https:\/\/ineqlab.cl\/en\/wp-json\/wp\/v2\/product_brand?post=299"},{"taxonomy":"product_cat","embeddable":true,"href":"https:\/\/ineqlab.cl\/en\/wp-json\/wp\/v2\/product_cat?post=299"},{"taxonomy":"product_tag","embeddable":true,"href":"https:\/\/ineqlab.cl\/en\/wp-json\/wp\/v2\/product_tag?post=299"}],"curies":[{"name":"wp","href":"https:\/\/api.w.org\/{rel}","templated":true}]}}