{"id":307,"date":"2022-10-12T01:41:31","date_gmt":"2022-10-12T04:41:31","guid":{"rendered":"https:\/\/ineqlab.cl\/?post_type=product&#038;p=307"},"modified":"2023-03-12T19:30:43","modified_gmt":"2023-03-12T22:30:43","slug":"micropipeta-electronica-5-100-ul0-1-u","status":"publish","type":"product","link":"https:\/\/ineqlab.cl\/en\/product\/micropipeta-electronica-5-100-ul0-1-u\/","title":{"rendered":"Micropipeta electr\u00f3nica 5-100 UL0.1 u"},"content":{"rendered":"<p>Modelo pipet4u Revolution-Alemana. .Pipeteo c\u00f3modo y sin esfuerzo, pantalla OLED ultra brillante para m\u00e1s Visibilidad dise\u00f1o ergon\u00f3mico para una operaci\u00f3n sin fatiga c\u00f3modo dial de pipeteo para un control de volumen f\u00e1cil y pipeteo de baja tensi\u00f3n minimiza RSI &#8211; lesi\u00f3n por esfuerzo repetitivo .F\u00e1cil manejo control de todos los programas operativos con el sistema patentado de un solo Dial .6 programas operativos diferentes: pipeteo dispensado pipeteo inverso Mezcla autocalibraci\u00f3n control de velocidad .Pipeteo preciso y confiable &#8211; Sistema SCS sistema de control de velocidad .Controla el movimiento del pist\u00f3n dando la m\u00e1xima precisi\u00f3n y exactitud. .F\u00e1cil autocalibraci\u00f3n &#8211; Sistema ESM gesti\u00f3n f\u00e1cil de autocalibraci\u00f3n sytem el usuario puede calibrar su pipeta .Se puede trabajar con diferente viscosidad, el sistema tambi\u00e9n controla permanentemente que todo funcione e indica errores. .Manipulaci\u00f3n est\u00e9ril &#8211; cono de pipeta esterilizable en autoclave. .Cumple con las siguientes normas: DIN EN ISO 8655-1 | DIN EN ISO 8655-2 | DIN EN ISO 8655-6 | Directiva 9879 EG de la UE<\/p>","protected":false},"excerpt":{"rendered":"<p><label class=\"label\">Marca<\/label>\u00a0AHN<\/p>\n<div class=\"product-information\">\n<div id=\"product-description-short-44\">Micropipeta electr\u00f3nica 5-100 UL0.1 ul<\/div>\n<\/div>","protected":false},"featured_media":310,"template":"","meta":{"site-sidebar-layout":"default","site-content-layout":"","ast-site-content-layout":"default","site-content-style":"default","site-sidebar-style":"default","ast-global-header-display":"","ast-banner-title-visibility":"","ast-main-header-display":"","ast-hfb-above-header-display":"","ast-hfb-below-header-display":"","ast-hfb-mobile-header-display":"","site-post-title":"","ast-breadcrumbs-content":"","ast-featured-img":"","footer-sml-layout":"","ast-disable-related-posts":"","theme-transparent-header-meta":"","adv-header-id-meta":"","stick-header-meta":"","header-above-stick-meta":"","header-main-stick-meta":"","header-below-stick-meta":"","astra-migrate-meta-layouts":"default","ast-page-background-enabled":"default","ast-page-background-meta":{"desktop":{"background-color":"var(--ast-global-color-4)","background-image":"","background-repeat":"repeat","background-position":"center center","background-size":"auto","background-attachment":"scroll","background-type":"","background-media":"","overlay-type":"","overlay-color":"","overlay-opacity":"","overlay-gradient":""},"tablet":{"background-color":"","background-image":"","background-repeat":"repeat","background-position":"center center","background-size":"auto","background-attachment":"scroll","background-type":"","background-media":"","overlay-type":"","overlay-color":"","overlay-opacity":"","overlay-gradient":""},"mobile":{"background-color":"","background-image":"","background-repeat":"repeat","background-position":"center center","background-size":"auto","background-attachment":"scroll","background-type":"","background-media":"","overlay-type":"","overlay-color":"","overlay-opacity":"","overlay-gradient":""}},"ast-content-background-meta":{"desktop":{"background-color":"var(--ast-global-color-5)","background-image":"","background-repeat":"repeat","background-position":"center center","background-size":"auto","background-attachment":"scroll","background-type":"","background-media":"","overlay-type":"","overlay-color":"","overlay-opacity":"","overlay-gradient":""},"tablet":{"background-color":"var(--ast-global-color-5)","background-image":"","background-repeat":"repeat","background-position":"center center","background-size":"auto","background-attachment":"scroll","background-type":"","background-media":"","overlay-type":"","overlay-color":"","overlay-opacity":"","overlay-gradient":""},"mobile":{"background-color":"var(--ast-global-color-5)","background-image":"","background-repeat":"repeat","background-position":"center center","background-size":"auto","background-attachment":"scroll","background-type":"","background-media":"","overlay-type":"","overlay-color":"","overlay-opacity":"","overlay-gradient":""}}},"product_brand":[],"product_cat":[18],"product_tag":[],"class_list":{"0":"post-307","1":"product","2":"type-product","3":"status-publish","4":"has-post-thumbnail","6":"product_cat-mnejo-de-liquidos","7":"desktop-align-left","8":"tablet-align-left","9":"mobile-align-left","11":"first","12":"instock","13":"shipping-taxable","14":"purchasable","15":"product-type-simple"},"_links":{"self":[{"href":"https:\/\/ineqlab.cl\/en\/wp-json\/wp\/v2\/product\/307","targetHints":{"allow":["GET"]}}],"collection":[{"href":"https:\/\/ineqlab.cl\/en\/wp-json\/wp\/v2\/product"}],"about":[{"href":"https:\/\/ineqlab.cl\/en\/wp-json\/wp\/v2\/types\/product"}],"wp:featuredmedia":[{"embeddable":true,"href":"https:\/\/ineqlab.cl\/en\/wp-json\/wp\/v2\/media\/310"}],"wp:attachment":[{"href":"https:\/\/ineqlab.cl\/en\/wp-json\/wp\/v2\/media?parent=307"}],"wp:term":[{"taxonomy":"product_brand","embeddable":true,"href":"https:\/\/ineqlab.cl\/en\/wp-json\/wp\/v2\/product_brand?post=307"},{"taxonomy":"product_cat","embeddable":true,"href":"https:\/\/ineqlab.cl\/en\/wp-json\/wp\/v2\/product_cat?post=307"},{"taxonomy":"product_tag","embeddable":true,"href":"https:\/\/ineqlab.cl\/en\/wp-json\/wp\/v2\/product_tag?post=307"}],"curies":[{"name":"wp","href":"https:\/\/api.w.org\/{rel}","templated":true}]}}