{"id":346,"date":"2022-10-12T01:54:47","date_gmt":"2022-10-12T04:54:47","guid":{"rendered":"https:\/\/ineqlab.cl\/?post_type=product&#038;p=346"},"modified":"2023-03-12T19:30:44","modified_gmt":"2023-03-12T22:30:44","slug":"electrodo-combinado-ion-plomo","status":"publish","type":"product","link":"https:\/\/ineqlab.cl\/en\/product\/electrodo-combinado-ion-plomo\/","title":{"rendered":"Electrodo combinado ion plomo"},"content":{"rendered":"<p>Combinaci\u00f3n de electrodos selectivos de iones Estos electrodos se pueden usar con cualquier medidor de pH convencional de laboratorio o de mano con un modo de milivoltios. La longitud del cable se puede especificar en el momento del pedido. La longitud m\u00e1xima es de 10 metros. Los productos est\u00e1ndar est\u00e1n equipados con 1 metro de cable terminado con un conector BNC. Las dimensiones son: 120&#215;12 mm. Las principales caracter\u00edsticas y beneficios incluyen: No se necesita electrodo de referencia Disponible en formato totalmente sumergible y resistente al agua. sensores de estado s\u00f3lido Ideal para operarios no calificados. No se requiere soluci\u00f3n de llenado Pr\u00e1cticamente irrompible Puede dejarse seco por largos per\u00edodos. Descripcion: Plomo Pb2 + Concentracion: 10-1 \u2013 1 x 10-6 L\u00edmites ppm: 20,800 \u2013 0.02 Rango de temperatura \u00b0C: 5 \u2013 50 Interferencia principal: Hg++, Ag+, Cu++ Rango pH: 3 \u2013 7 ISAB: LiAC<\/p>","protected":false},"excerpt":{"rendered":"<p><label class=\"label\">Marca<\/label>\u00a0Sentek<\/p>\n<div class=\"product-information\">\n<div id=\"product-description-short-468\">Electrodo combinado ion plomo<\/div>\n<\/div>","protected":false},"featured_media":338,"template":"","meta":{"site-sidebar-layout":"default","site-content-layout":"","ast-site-content-layout":"default","site-content-style":"default","site-sidebar-style":"default","ast-global-header-display":"","ast-banner-title-visibility":"","ast-main-header-display":"","ast-hfb-above-header-display":"","ast-hfb-below-header-display":"","ast-hfb-mobile-header-display":"","site-post-title":"","ast-breadcrumbs-content":"","ast-featured-img":"","footer-sml-layout":"","ast-disable-related-posts":"","theme-transparent-header-meta":"","adv-header-id-meta":"","stick-header-meta":"","header-above-stick-meta":"","header-main-stick-meta":"","header-below-stick-meta":"","astra-migrate-meta-layouts":"default","ast-page-background-enabled":"default","ast-page-background-meta":{"desktop":{"background-color":"var(--ast-global-color-4)","background-image":"","background-repeat":"repeat","background-position":"center center","background-size":"auto","background-attachment":"scroll","background-type":"","background-media":"","overlay-type":"","overlay-color":"","overlay-opacity":"","overlay-gradient":""},"tablet":{"background-color":"","background-image":"","background-repeat":"repeat","background-position":"center center","background-size":"auto","background-attachment":"scroll","background-type":"","background-media":"","overlay-type":"","overlay-color":"","overlay-opacity":"","overlay-gradient":""},"mobile":{"background-color":"","background-image":"","background-repeat":"repeat","background-position":"center center","background-size":"auto","background-attachment":"scroll","background-type":"","background-media":"","overlay-type":"","overlay-color":"","overlay-opacity":"","overlay-gradient":""}},"ast-content-background-meta":{"desktop":{"background-color":"var(--ast-global-color-5)","background-image":"","background-repeat":"repeat","background-position":"center center","background-size":"auto","background-attachment":"scroll","background-type":"","background-media":"","overlay-type":"","overlay-color":"","overlay-opacity":"","overlay-gradient":""},"tablet":{"background-color":"var(--ast-global-color-5)","background-image":"","background-repeat":"repeat","background-position":"center center","background-size":"auto","background-attachment":"scroll","background-type":"","background-media":"","overlay-type":"","overlay-color":"","overlay-opacity":"","overlay-gradient":""},"mobile":{"background-color":"var(--ast-global-color-5)","background-image":"","background-repeat":"repeat","background-position":"center center","background-size":"auto","background-attachment":"scroll","background-type":"","background-media":"","overlay-type":"","overlay-color":"","overlay-opacity":"","overlay-gradient":""}}},"product_brand":[],"product_cat":[23],"product_tag":[],"class_list":{"0":"post-346","1":"product","2":"type-product","3":"status-publish","4":"has-post-thumbnail","6":"product_cat-analisis-de-agua","7":"desktop-align-left","8":"tablet-align-left","9":"mobile-align-left","11":"first","12":"instock","13":"shipping-taxable","14":"purchasable","15":"product-type-simple"},"_links":{"self":[{"href":"https:\/\/ineqlab.cl\/en\/wp-json\/wp\/v2\/product\/346","targetHints":{"allow":["GET"]}}],"collection":[{"href":"https:\/\/ineqlab.cl\/en\/wp-json\/wp\/v2\/product"}],"about":[{"href":"https:\/\/ineqlab.cl\/en\/wp-json\/wp\/v2\/types\/product"}],"wp:featuredmedia":[{"embeddable":true,"href":"https:\/\/ineqlab.cl\/en\/wp-json\/wp\/v2\/media\/338"}],"wp:attachment":[{"href":"https:\/\/ineqlab.cl\/en\/wp-json\/wp\/v2\/media?parent=346"}],"wp:term":[{"taxonomy":"product_brand","embeddable":true,"href":"https:\/\/ineqlab.cl\/en\/wp-json\/wp\/v2\/product_brand?post=346"},{"taxonomy":"product_cat","embeddable":true,"href":"https:\/\/ineqlab.cl\/en\/wp-json\/wp\/v2\/product_cat?post=346"},{"taxonomy":"product_tag","embeddable":true,"href":"https:\/\/ineqlab.cl\/en\/wp-json\/wp\/v2\/product_tag?post=346"}],"curies":[{"name":"wp","href":"https:\/\/api.w.org\/{rel}","templated":true}]}}