{"id":370,"date":"2022-10-12T02:01:58","date_gmt":"2022-10-12T05:01:58","guid":{"rendered":"https:\/\/ineqlab.cl\/?post_type=product&#038;p=370"},"modified":"2023-03-12T19:31:30","modified_gmt":"2023-03-12T22:31:30","slug":"bomba-peristaltica-bq50-1j","status":"publish","type":"product","link":"https:\/\/ineqlab.cl\/en\/product\/bomba-peristaltica-bq50-1j\/","title":{"rendered":"Bomba peristaltica bq50-1j"},"content":{"rendered":"<p>Bomba perist\u00e1ltica miniatura tiene un caudal peque\u00f1o y un tama\u00f1o compacto, que puede montarse en soporte o panel de su equipo. La bomba proporciona caudales de 0,0002mL min a 20mL min. Y la bomba podr\u00eda ser controlada a trav\u00e9s de control remoto de mano, interfaz de control externo o interfaz RS485. Carcasa blanca y negra est\u00e1n disponibles. Funci\u00f3n Prime para un llenado y vaciado r\u00e1pidos &#8211; Funci\u00f3n de memoria: Almacenamiento autom\u00e1tico del par\u00e1metro de ejecuci\u00f3n -Especificaciones &#8211; Velocidad: 1 a 50 rpm, reversible &#8211; Precisi\u00f3n de velocidad: 1 rpm Control Externo 0,1 rpm &#8211; Control de velocidad: Mando a distancia manual &#8211; Pantalla: El mando a distancia manual muestra el rango de velocidad y el estado de funcionamiento &#8211; Interfaz exterior: control de arranque parada y control de cw ccw, 0 a 5 V, 0 a 10 V, 4 a 20 mA y control de velocidad de 0 a 10 KHz &#8211; Interfaz de comunicaci\u00f3n: control de comunicaci\u00f3n RS485 &#8211; Fuente de alimentaci\u00f3n: DC 12 V 1A o adaptador &#8211; Consumo de energ\u00eda: &lt;10 W &#8211; Condiciones de funcionamiento: Temperatura 0 &#8211; 40 \u00b0 C &#8211; Humedad relativa &lt;80% &#8211; Dimensiones de la unidad L \u00d7 W \u00d7 H: 135 \u00d7 72 \u00d7 72 mm &#8211; Dimensiones del controlador L \u00d7 W \u00d7 H: 105 \u00d7 50 \u00d7 16 mm &#8211; Peso de la bomba: 0,5 kg &#8211; Grado de IP: IP 31<\/p>","protected":false},"excerpt":{"rendered":"<p><label class=\"label\">Marca<\/label>\u00a0Longer Pump<\/p>\n<div class=\"product-information\">\n<div id=\"product-description-short-434\">Bomba peristaltica bq50-1j<\/div>\n<\/div>","protected":false},"featured_media":372,"template":"","meta":{"site-sidebar-layout":"default","site-content-layout":"","ast-site-content-layout":"default","site-content-style":"default","site-sidebar-style":"default","ast-global-header-display":"","ast-banner-title-visibility":"","ast-main-header-display":"","ast-hfb-above-header-display":"","ast-hfb-below-header-display":"","ast-hfb-mobile-header-display":"","site-post-title":"","ast-breadcrumbs-content":"","ast-featured-img":"","footer-sml-layout":"","ast-disable-related-posts":"","theme-transparent-header-meta":"","adv-header-id-meta":"","stick-header-meta":"","header-above-stick-meta":"","header-main-stick-meta":"","header-below-stick-meta":"","astra-migrate-meta-layouts":"default","ast-page-background-enabled":"default","ast-page-background-meta":{"desktop":{"background-color":"var(--ast-global-color-4)","background-image":"","background-repeat":"repeat","background-position":"center center","background-size":"auto","background-attachment":"scroll","background-type":"","background-media":"","overlay-type":"","overlay-color":"","overlay-opacity":"","overlay-gradient":""},"tablet":{"background-color":"","background-image":"","background-repeat":"repeat","background-position":"center center","background-size":"auto","background-attachment":"scroll","background-type":"","background-media":"","overlay-type":"","overlay-color":"","overlay-opacity":"","overlay-gradient":""},"mobile":{"background-color":"","background-image":"","background-repeat":"repeat","background-position":"center center","background-size":"auto","background-attachment":"scroll","background-type":"","background-media":"","overlay-type":"","overlay-color":"","overlay-opacity":"","overlay-gradient":""}},"ast-content-background-meta":{"desktop":{"background-color":"var(--ast-global-color-5)","background-image":"","background-repeat":"repeat","background-position":"center center","background-size":"auto","background-attachment":"scroll","background-type":"","background-media":"","overlay-type":"","overlay-color":"","overlay-opacity":"","overlay-gradient":""},"tablet":{"background-color":"var(--ast-global-color-5)","background-image":"","background-repeat":"repeat","background-position":"center center","background-size":"auto","background-attachment":"scroll","background-type":"","background-media":"","overlay-type":"","overlay-color":"","overlay-opacity":"","overlay-gradient":""},"mobile":{"background-color":"var(--ast-global-color-5)","background-image":"","background-repeat":"repeat","background-position":"center center","background-size":"auto","background-attachment":"scroll","background-type":"","background-media":"","overlay-type":"","overlay-color":"","overlay-opacity":"","overlay-gradient":""}}},"product_brand":[],"product_cat":[18],"product_tag":[],"class_list":{"0":"post-370","1":"product","2":"type-product","3":"status-publish","4":"has-post-thumbnail","6":"product_cat-mnejo-de-liquidos","7":"desktop-align-left","8":"tablet-align-left","9":"mobile-align-left","11":"first","12":"instock","13":"shipping-taxable","14":"purchasable","15":"product-type-simple"},"_links":{"self":[{"href":"https:\/\/ineqlab.cl\/en\/wp-json\/wp\/v2\/product\/370","targetHints":{"allow":["GET"]}}],"collection":[{"href":"https:\/\/ineqlab.cl\/en\/wp-json\/wp\/v2\/product"}],"about":[{"href":"https:\/\/ineqlab.cl\/en\/wp-json\/wp\/v2\/types\/product"}],"wp:featuredmedia":[{"embeddable":true,"href":"https:\/\/ineqlab.cl\/en\/wp-json\/wp\/v2\/media\/372"}],"wp:attachment":[{"href":"https:\/\/ineqlab.cl\/en\/wp-json\/wp\/v2\/media?parent=370"}],"wp:term":[{"taxonomy":"product_brand","embeddable":true,"href":"https:\/\/ineqlab.cl\/en\/wp-json\/wp\/v2\/product_brand?post=370"},{"taxonomy":"product_cat","embeddable":true,"href":"https:\/\/ineqlab.cl\/en\/wp-json\/wp\/v2\/product_cat?post=370"},{"taxonomy":"product_tag","embeddable":true,"href":"https:\/\/ineqlab.cl\/en\/wp-json\/wp\/v2\/product_tag?post=370"}],"curies":[{"name":"wp","href":"https:\/\/api.w.org\/{rel}","templated":true}]}}