{"id":382,"date":"2022-10-12T02:05:30","date_gmt":"2022-10-12T05:05:30","guid":{"rendered":"https:\/\/ineqlab.cl\/?post_type=product&#038;p=382"},"modified":"2023-03-12T19:31:31","modified_gmt":"2023-03-12T22:31:31","slug":"bomba-peristaltica-bt100-2j","status":"publish","type":"product","link":"https:\/\/ineqlab.cl\/en\/product\/bomba-peristaltica-bt100-2j\/","title":{"rendered":"Bomba peristaltica bt100-2j"},"content":{"rendered":"<p>Caracteristicas Tecnicas : La bomba proporciona tasas de flujo desde 0,0002 hasta 380 mL a la min. La velocidad se puede ajustar manualmente o autom\u00e1ticamente a trav\u00e9s de control externo. Almacenar los par\u00e1metros que se ejecutan autom\u00e1ticamente. &#8211; Velocidad : 0,1 a 100 rpm, reversible &#8211; Precisi\u00f3n Velocidad : 0,1 rpm &#8211; Control de velocidad : Teclado de membrana &#8211; Display muestra actual rpm LED de 3 d\u00edgitos RS485 : &#8211; Interfaz de comunicaci\u00f3n &#8211; Control externo : inicio parada, el control horario antihorario y velocidad Control 0-5 V, 0-10 V, 4-20 mA y 0-10KHz &#8211; Fuente de alimentaci\u00f3n : 90V AC-260 V 5060 Hz &#8211; Consumo de energ\u00eda : =30 W &#8211; Condiciones de funcionamiento: Temperatura 0 a 40\u00baC &#8211; Relativa humedad &lt;80% &#8211; Dimensiones : 232*142*149mm &#8211; Unidad de peso : 2,3 kg &#8211; Clasificaci\u00f3n IP : IP 31 &#8211; Cabezales de bomba aplicables: YZ1515X, YZ2515X, YZII15, YZII25, DG-1, DG-2 Segun Volumen a trabajar . &#8211; Clave Primer para el llenado r\u00e1pido y vaciado &#8211; Ajustar la velocidad manualmente o autom\u00e1ticamente a trav\u00e9s de la interfaz anal\u00f3gica &#8211; Funci\u00f3n de memoria, el almacenamiento de los par\u00e1metros de funcionamiento de forma autom\u00e1tica &#8211; Teclado de membrana , f\u00e1cil de operar &#8211; s\u00f3lo para uso interior.<\/p>","protected":false},"excerpt":{"rendered":"<p><label class=\"label\">Marca<\/label>\u00a0Longer Pump<\/p>\n<div class=\"product-information\">\n<div id=\"product-description-short-437\">Bomba peristaltica bt100-2j<\/div>\n<\/div>","protected":false},"featured_media":383,"template":"","meta":{"site-sidebar-layout":"default","site-content-layout":"","ast-site-content-layout":"default","site-content-style":"default","site-sidebar-style":"default","ast-global-header-display":"","ast-banner-title-visibility":"","ast-main-header-display":"","ast-hfb-above-header-display":"","ast-hfb-below-header-display":"","ast-hfb-mobile-header-display":"","site-post-title":"","ast-breadcrumbs-content":"","ast-featured-img":"","footer-sml-layout":"","ast-disable-related-posts":"","theme-transparent-header-meta":"","adv-header-id-meta":"","stick-header-meta":"","header-above-stick-meta":"","header-main-stick-meta":"","header-below-stick-meta":"","astra-migrate-meta-layouts":"default","ast-page-background-enabled":"default","ast-page-background-meta":{"desktop":{"background-color":"var(--ast-global-color-4)","background-image":"","background-repeat":"repeat","background-position":"center center","background-size":"auto","background-attachment":"scroll","background-type":"","background-media":"","overlay-type":"","overlay-color":"","overlay-opacity":"","overlay-gradient":""},"tablet":{"background-color":"","background-image":"","background-repeat":"repeat","background-position":"center center","background-size":"auto","background-attachment":"scroll","background-type":"","background-media":"","overlay-type":"","overlay-color":"","overlay-opacity":"","overlay-gradient":""},"mobile":{"background-color":"","background-image":"","background-repeat":"repeat","background-position":"center center","background-size":"auto","background-attachment":"scroll","background-type":"","background-media":"","overlay-type":"","overlay-color":"","overlay-opacity":"","overlay-gradient":""}},"ast-content-background-meta":{"desktop":{"background-color":"var(--ast-global-color-5)","background-image":"","background-repeat":"repeat","background-position":"center center","background-size":"auto","background-attachment":"scroll","background-type":"","background-media":"","overlay-type":"","overlay-color":"","overlay-opacity":"","overlay-gradient":""},"tablet":{"background-color":"var(--ast-global-color-5)","background-image":"","background-repeat":"repeat","background-position":"center center","background-size":"auto","background-attachment":"scroll","background-type":"","background-media":"","overlay-type":"","overlay-color":"","overlay-opacity":"","overlay-gradient":""},"mobile":{"background-color":"var(--ast-global-color-5)","background-image":"","background-repeat":"repeat","background-position":"center center","background-size":"auto","background-attachment":"scroll","background-type":"","background-media":"","overlay-type":"","overlay-color":"","overlay-opacity":"","overlay-gradient":""}}},"product_brand":[],"product_cat":[18],"product_tag":[],"class_list":{"0":"post-382","1":"product","2":"type-product","3":"status-publish","4":"has-post-thumbnail","6":"product_cat-mnejo-de-liquidos","7":"desktop-align-left","8":"tablet-align-left","9":"mobile-align-left","11":"first","12":"instock","13":"shipping-taxable","14":"purchasable","15":"product-type-simple"},"_links":{"self":[{"href":"https:\/\/ineqlab.cl\/en\/wp-json\/wp\/v2\/product\/382","targetHints":{"allow":["GET"]}}],"collection":[{"href":"https:\/\/ineqlab.cl\/en\/wp-json\/wp\/v2\/product"}],"about":[{"href":"https:\/\/ineqlab.cl\/en\/wp-json\/wp\/v2\/types\/product"}],"wp:featuredmedia":[{"embeddable":true,"href":"https:\/\/ineqlab.cl\/en\/wp-json\/wp\/v2\/media\/383"}],"wp:attachment":[{"href":"https:\/\/ineqlab.cl\/en\/wp-json\/wp\/v2\/media?parent=382"}],"wp:term":[{"taxonomy":"product_brand","embeddable":true,"href":"https:\/\/ineqlab.cl\/en\/wp-json\/wp\/v2\/product_brand?post=382"},{"taxonomy":"product_cat","embeddable":true,"href":"https:\/\/ineqlab.cl\/en\/wp-json\/wp\/v2\/product_cat?post=382"},{"taxonomy":"product_tag","embeddable":true,"href":"https:\/\/ineqlab.cl\/en\/wp-json\/wp\/v2\/product_tag?post=382"}],"curies":[{"name":"wp","href":"https:\/\/api.w.org\/{rel}","templated":true}]}}