{"id":384,"date":"2022-10-12T02:06:26","date_gmt":"2022-10-12T05:06:26","guid":{"rendered":"https:\/\/ineqlab.cl\/?post_type=product&#038;p=384"},"modified":"2023-03-12T19:31:31","modified_gmt":"2023-03-12T22:31:31","slug":"bomba-peristaltica-mod-bt300-1f","status":"publish","type":"product","link":"https:\/\/ineqlab.cl\/en\/product\/bomba-peristaltica-mod-bt300-1f\/","title":{"rendered":"Bomba peristaltica mod.bt300-1f"},"content":{"rendered":"<p>Bomba proporciona tasas de flujo hasta 1800 mLmin. La velocidad se puede ajustar manual o autom\u00e1ticamente a trav\u00e9s interfaz de control externo. Almacenar los par\u00e1metros que se ejecutan autom\u00e1ticamente. Especificaciones Tecnicas : &#8211; Velocidad: 1 a 300 RPM, reversibles &#8211; Resoluci\u00f3n de la velocidad: 1 RPM &#8211; Control de velocidad: Interruptor codificado rotatorio &#8211; Visualizaci\u00f3n: Flujo y Dispensacion &#8211; Interfaz analogico: Kilociclos partidaparada y de cwccw del control, 0 a 5 de V, 0 a 10 de V, 4 a 20 del mA y 0 a 10 del control de velocidad &#8211; Consumo de energ\u00eda: &lt; 48 W &#8211; Condici\u00f3n de funcionamiento: Temperatura 0 a 40C Humedad &lt; 80% &#8211; Dimensiones : 202\u00d7160\u00d7 239mm. &#8211; Peso : 4.3 kilogramos &#8211; Grado del IP: IP 31 &#8211; Cabezales de bomba aplicables: YZ1515X, YZ2515X, YZII15, YZII25 entre otros &#8211; Clave Primer para el llenado r\u00e1pido y vaciado &#8211; Ajustar la velocidad manualmente o autom\u00e1ticamente a trav\u00e9s de la interfaz anal\u00f3gica &#8211; Funci\u00f3n de memoria, el almacenamiento de los par\u00e1metros de funcionamiento de forma autom\u00e1tica &#8211; Teclado de membrana , f\u00e1cil de operar &#8211; S\u00f3lo para uso interior. &#8211; Control de ordenador se realize a trav\u00e9s del interfaz de comunicaciones RS-485. &#8211; Funci\u00f3n de memoria: Salvando los par\u00e1metros corrientes autom\u00e1ticamente.<\/p>","protected":false},"excerpt":{"rendered":"<p><label class=\"label\">Marca<\/label>\u00a0Longer Pump<\/p>\n<div class=\"product-information\">\n<div id=\"product-description-short-438\">Bomba peristaltica mod.bt300-1f<\/div>\n<\/div>","protected":false},"featured_media":385,"template":"","meta":{"site-sidebar-layout":"default","site-content-layout":"","ast-site-content-layout":"default","site-content-style":"default","site-sidebar-style":"default","ast-global-header-display":"","ast-banner-title-visibility":"","ast-main-header-display":"","ast-hfb-above-header-display":"","ast-hfb-below-header-display":"","ast-hfb-mobile-header-display":"","site-post-title":"","ast-breadcrumbs-content":"","ast-featured-img":"","footer-sml-layout":"","ast-disable-related-posts":"","theme-transparent-header-meta":"","adv-header-id-meta":"","stick-header-meta":"","header-above-stick-meta":"","header-main-stick-meta":"","header-below-stick-meta":"","astra-migrate-meta-layouts":"default","ast-page-background-enabled":"default","ast-page-background-meta":{"desktop":{"background-color":"var(--ast-global-color-4)","background-image":"","background-repeat":"repeat","background-position":"center center","background-size":"auto","background-attachment":"scroll","background-type":"","background-media":"","overlay-type":"","overlay-color":"","overlay-opacity":"","overlay-gradient":""},"tablet":{"background-color":"","background-image":"","background-repeat":"repeat","background-position":"center center","background-size":"auto","background-attachment":"scroll","background-type":"","background-media":"","overlay-type":"","overlay-color":"","overlay-opacity":"","overlay-gradient":""},"mobile":{"background-color":"","background-image":"","background-repeat":"repeat","background-position":"center center","background-size":"auto","background-attachment":"scroll","background-type":"","background-media":"","overlay-type":"","overlay-color":"","overlay-opacity":"","overlay-gradient":""}},"ast-content-background-meta":{"desktop":{"background-color":"var(--ast-global-color-5)","background-image":"","background-repeat":"repeat","background-position":"center center","background-size":"auto","background-attachment":"scroll","background-type":"","background-media":"","overlay-type":"","overlay-color":"","overlay-opacity":"","overlay-gradient":""},"tablet":{"background-color":"var(--ast-global-color-5)","background-image":"","background-repeat":"repeat","background-position":"center center","background-size":"auto","background-attachment":"scroll","background-type":"","background-media":"","overlay-type":"","overlay-color":"","overlay-opacity":"","overlay-gradient":""},"mobile":{"background-color":"var(--ast-global-color-5)","background-image":"","background-repeat":"repeat","background-position":"center center","background-size":"auto","background-attachment":"scroll","background-type":"","background-media":"","overlay-type":"","overlay-color":"","overlay-opacity":"","overlay-gradient":""}}},"product_brand":[],"product_cat":[18],"product_tag":[],"class_list":{"0":"post-384","1":"product","2":"type-product","3":"status-publish","4":"has-post-thumbnail","6":"product_cat-mnejo-de-liquidos","7":"desktop-align-left","8":"tablet-align-left","9":"mobile-align-left","11":"first","12":"instock","13":"shipping-taxable","14":"purchasable","15":"product-type-simple"},"_links":{"self":[{"href":"https:\/\/ineqlab.cl\/en\/wp-json\/wp\/v2\/product\/384","targetHints":{"allow":["GET"]}}],"collection":[{"href":"https:\/\/ineqlab.cl\/en\/wp-json\/wp\/v2\/product"}],"about":[{"href":"https:\/\/ineqlab.cl\/en\/wp-json\/wp\/v2\/types\/product"}],"wp:featuredmedia":[{"embeddable":true,"href":"https:\/\/ineqlab.cl\/en\/wp-json\/wp\/v2\/media\/385"}],"wp:attachment":[{"href":"https:\/\/ineqlab.cl\/en\/wp-json\/wp\/v2\/media?parent=384"}],"wp:term":[{"taxonomy":"product_brand","embeddable":true,"href":"https:\/\/ineqlab.cl\/en\/wp-json\/wp\/v2\/product_brand?post=384"},{"taxonomy":"product_cat","embeddable":true,"href":"https:\/\/ineqlab.cl\/en\/wp-json\/wp\/v2\/product_cat?post=384"},{"taxonomy":"product_tag","embeddable":true,"href":"https:\/\/ineqlab.cl\/en\/wp-json\/wp\/v2\/product_tag?post=384"}],"curies":[{"name":"wp","href":"https:\/\/api.w.org\/{rel}","templated":true}]}}