{"id":411,"date":"2022-10-12T02:22:18","date_gmt":"2022-10-12T05:22:18","guid":{"rendered":"https:\/\/ineqlab.cl\/?post_type=product&#038;p=411"},"modified":"2023-03-12T19:31:31","modified_gmt":"2023-03-12T22:31:31","slug":"estufa-de-secado-aire-forzado-70lts","status":"publish","type":"product","link":"https:\/\/ineqlab.cl\/en\/product\/estufa-de-secado-aire-forzado-70lts\/","title":{"rendered":"Estufa de secado, aire forzado 70lts."},"content":{"rendered":"<p>CARACTERISTICAS: Ampliamente utilizada para secado y esterilizaci\u00f3n en las empresas industriales, mineras y laboratorios, as\u00ed como en el \u00e1rea salud e investigaci\u00f3n. &#8211; Pantalla LED para m\u00e1s precisi\u00f3n y estabilidad &#8211; Construcci\u00f3n externa de acero en fr\u00edo pintado. &#8211; C\u00e1mara interna en acero inoxidable, bandejas ajustables. &#8211; Aire Forzado. &#8211; Puerta con ventana doble de vidrio permitiendo ver el interior. &#8211; Posee Protecci\u00f3n en caso de sobrecalentamiento. &#8211; Posee control PID. &#8211; Opcional Interface para conexi\u00f3n de software RS485 ESPECIFICACIONES: &#8211; Capacidad: 70 Litros &#8211; Rango de Temperatura: +10 a 300\u00baC &#8211; Precisi\u00f3n de Temperatura: 0.1\u00baC &#8211; Fluctuaci\u00f3n de Temperatura: +- 0.5 &#8211; Temperatura Ambiente: + 5 a 40\u00baC &#8211; Rango de Tiempo 1-9999min &#8211; Incluye 2 Bandejas &#8211; Medidas Internas: 400x350x500mm &#8211; Medidas Externas: 600x550x755mm &#8211; Medidas Empaque: 680x680x990mm &#8211; Opera: 220 volt. &#8211; Peso: 75Kg<\/p>","protected":false},"excerpt":{"rendered":"<p><label class=\"label\">Marca<\/label>\u00a0BIOBASE<\/p>\n<div class=\"product-information\">\n<div id=\"product-description-short-377\">Estufa de secado, aire forzado 70lts.<\/div>\n<\/div>","protected":false},"featured_media":392,"template":"","meta":{"site-sidebar-layout":"default","site-content-layout":"","ast-site-content-layout":"default","site-content-style":"default","site-sidebar-style":"default","ast-global-header-display":"","ast-banner-title-visibility":"","ast-main-header-display":"","ast-hfb-above-header-display":"","ast-hfb-below-header-display":"","ast-hfb-mobile-header-display":"","site-post-title":"","ast-breadcrumbs-content":"","ast-featured-img":"","footer-sml-layout":"","ast-disable-related-posts":"","theme-transparent-header-meta":"","adv-header-id-meta":"","stick-header-meta":"","header-above-stick-meta":"","header-main-stick-meta":"","header-below-stick-meta":"","astra-migrate-meta-layouts":"default","ast-page-background-enabled":"default","ast-page-background-meta":{"desktop":{"background-color":"var(--ast-global-color-4)","background-image":"","background-repeat":"repeat","background-position":"center center","background-size":"auto","background-attachment":"scroll","background-type":"","background-media":"","overlay-type":"","overlay-color":"","overlay-opacity":"","overlay-gradient":""},"tablet":{"background-color":"","background-image":"","background-repeat":"repeat","background-position":"center center","background-size":"auto","background-attachment":"scroll","background-type":"","background-media":"","overlay-type":"","overlay-color":"","overlay-opacity":"","overlay-gradient":""},"mobile":{"background-color":"","background-image":"","background-repeat":"repeat","background-position":"center center","background-size":"auto","background-attachment":"scroll","background-type":"","background-media":"","overlay-type":"","overlay-color":"","overlay-opacity":"","overlay-gradient":""}},"ast-content-background-meta":{"desktop":{"background-color":"var(--ast-global-color-5)","background-image":"","background-repeat":"repeat","background-position":"center center","background-size":"auto","background-attachment":"scroll","background-type":"","background-media":"","overlay-type":"","overlay-color":"","overlay-opacity":"","overlay-gradient":""},"tablet":{"background-color":"var(--ast-global-color-5)","background-image":"","background-repeat":"repeat","background-position":"center center","background-size":"auto","background-attachment":"scroll","background-type":"","background-media":"","overlay-type":"","overlay-color":"","overlay-opacity":"","overlay-gradient":""},"mobile":{"background-color":"var(--ast-global-color-5)","background-image":"","background-repeat":"repeat","background-position":"center center","background-size":"auto","background-attachment":"scroll","background-type":"","background-media":"","overlay-type":"","overlay-color":"","overlay-opacity":"","overlay-gradient":""}}},"product_brand":[],"product_cat":[24],"product_tag":[],"class_list":{"0":"post-411","1":"product","2":"type-product","3":"status-publish","4":"has-post-thumbnail","6":"product_cat-estufas-hornos","7":"desktop-align-left","8":"tablet-align-left","9":"mobile-align-left","11":"first","12":"instock","13":"shipping-taxable","14":"purchasable","15":"product-type-simple"},"_links":{"self":[{"href":"https:\/\/ineqlab.cl\/en\/wp-json\/wp\/v2\/product\/411","targetHints":{"allow":["GET"]}}],"collection":[{"href":"https:\/\/ineqlab.cl\/en\/wp-json\/wp\/v2\/product"}],"about":[{"href":"https:\/\/ineqlab.cl\/en\/wp-json\/wp\/v2\/types\/product"}],"wp:featuredmedia":[{"embeddable":true,"href":"https:\/\/ineqlab.cl\/en\/wp-json\/wp\/v2\/media\/392"}],"wp:attachment":[{"href":"https:\/\/ineqlab.cl\/en\/wp-json\/wp\/v2\/media?parent=411"}],"wp:term":[{"taxonomy":"product_brand","embeddable":true,"href":"https:\/\/ineqlab.cl\/en\/wp-json\/wp\/v2\/product_brand?post=411"},{"taxonomy":"product_cat","embeddable":true,"href":"https:\/\/ineqlab.cl\/en\/wp-json\/wp\/v2\/product_cat?post=411"},{"taxonomy":"product_tag","embeddable":true,"href":"https:\/\/ineqlab.cl\/en\/wp-json\/wp\/v2\/product_tag?post=411"}],"curies":[{"name":"wp","href":"https:\/\/api.w.org\/{rel}","templated":true}]}}