{"id":420,"date":"2022-10-12T02:24:56","date_gmt":"2022-10-12T05:24:56","guid":{"rendered":"https:\/\/ineqlab.cl\/?post_type=product&#038;p=420"},"modified":"2023-03-12T19:31:31","modified_gmt":"2023-03-12T22:31:31","slug":"mufla-40-lts-1200oc-con-rampa-de-temperatura","status":"publish","type":"product","link":"https:\/\/ineqlab.cl\/en\/product\/mufla-40-lts-1200oc-con-rampa-de-temperatura\/","title":{"rendered":"Mufla 40 lts 1200\u00bac con rampa de temperatura"},"content":{"rendered":"<p>Alcance del suministro Horno de mufla calentado el\u00e9ctricamente con Controlador B410 Documentaci\u00f3n de proceso integrada. Aplicaci\u00f3n definida El horno hab\u00eda sido dise\u00f1ado para precalentar o hacer cenizas en el aire. Solo se pueden utilizar materiales con caracter\u00edsticas y temperaturas de fusi\u00f3n conocidas. Verifique las hojas de datos de seguridad del material si es necesario. PulgEl uso del horno para cualquier otro prop\u00f3sito, como el procesamiento de productos distintos a los previstos o el manejo de sustancias peligrosas o sustancias que representan un peligro para la salud, se refiere al uso incorrecto y debe acordarse con Nabertherm. PulgEst\u00e1 prohibido operar el horno con gases explosivos o mezclas, incluidos gases explosivos o mezclas creadas como resultado del calentamiento secado. PulgEste horno no cuenta con tecnolog\u00eda de seguridad para procesos que producen mezclas combustibles, por ejemplo, deshuesado. Si el horno todav\u00eda se usa para tales procesos a pesar de este hecho, la concentraci\u00f3n de mezclas de gases org\u00e1nicos en el horno nunca debe exceder el 3% del l\u00edmite inferior de explosi\u00f3n. LEL Este requisito previo se aplica no solo al funcionamiento normal sino, en particular, a situaciones excepcionales como interrupciones del proceso causadas, por ejemplo, por la falla de una unidad de potencia. y ventilado PulgNo abra el horno cuando est\u00e9 caliente. Si el horno debe abrirse a altas temperaturas, reduzca este tiempo al m\u00ednimo posible. Use ropa protectora y proporcione suficiente ventilaci\u00f3n en la habitaci\u00f3n. PulgPueden producirse decoloraciones en la carcasa de acero inoxidable especialmente cuando se abre el horno caliente: sin embargo, esto no afecta la funci\u00f3n. Normas y especificaciones aplicadas Normas generales y directivas PulgEN 61010-1 PulgEN 61000-6-1, EN 61000-6-3 Directiva RoHS 201165 UE 4. Especificaciones t\u00e9cnicas Dimensiones interiores wxdxh: 320 x 490 x 250 mm Espacio de trabajo1 bxtxh: 295 x 465 x 225 mm Dimensiones exteriores 2 WxDxH: 530 x 705 x 580 mm Uniformidad de temperatura: +- 10 K con entrada de aire cerrada en espacio de trabajo vac\u00edo seg\u00fan DIN 17052-1 a temperaturas de trabajo&gt; 800 \u00b0 C Volumen: 40 litros Peso: 65kg Potencia nominal: 6.0 kW Tensi\u00f3n de alimentaci\u00f3n: 400 V, 3 N PE, 5060 Hz Temperatura m\u00e1xima de funcionamiento3: 1200 \u00b0 C Tiempo de calentamiento sin carga: 95 min. S Tmax si est\u00e1 conectado a 400 V, 3 N PE 1 Espacio definido dentro del horno donde la uniformidad de temperatura es v\u00e1lida. 2 Las dimensiones externas pueden variar seg\u00fan los equipos y accesorios adicionales. Dimensiones exactas bajo pedido. 3 El funcionamiento continuo a la temperatura m\u00e1xima puede provocar un mayor desgaste de los elementos calefactores, termopares o aislamiento. Recomendamos la operaci\u00f3n a aprox. 50 \u00b0 C por debajo de la temperatura m\u00e1xima.<\/p>","protected":false},"excerpt":{"rendered":"<p><label class=\"label\">Marca<\/label>\u00a0Nabertherm<\/p>\n<div class=\"product-information\">\n<div id=\"product-description-short-478\">Mufla 40 lts 1200\u00bac con rampa de temperatura<\/div>\n<\/div>","protected":false},"featured_media":421,"template":"","meta":{"site-sidebar-layout":"default","site-content-layout":"","ast-site-content-layout":"default","site-content-style":"default","site-sidebar-style":"default","ast-global-header-display":"","ast-banner-title-visibility":"","ast-main-header-display":"","ast-hfb-above-header-display":"","ast-hfb-below-header-display":"","ast-hfb-mobile-header-display":"","site-post-title":"","ast-breadcrumbs-content":"","ast-featured-img":"","footer-sml-layout":"","ast-disable-related-posts":"","theme-transparent-header-meta":"","adv-header-id-meta":"","stick-header-meta":"","header-above-stick-meta":"","header-main-stick-meta":"","header-below-stick-meta":"","astra-migrate-meta-layouts":"default","ast-page-background-enabled":"default","ast-page-background-meta":{"desktop":{"background-color":"var(--ast-global-color-4)","background-image":"","background-repeat":"repeat","background-position":"center center","background-size":"auto","background-attachment":"scroll","background-type":"","background-media":"","overlay-type":"","overlay-color":"","overlay-opacity":"","overlay-gradient":""},"tablet":{"background-color":"","background-image":"","background-repeat":"repeat","background-position":"center center","background-size":"auto","background-attachment":"scroll","background-type":"","background-media":"","overlay-type":"","overlay-color":"","overlay-opacity":"","overlay-gradient":""},"mobile":{"background-color":"","background-image":"","background-repeat":"repeat","background-position":"center center","background-size":"auto","background-attachment":"scroll","background-type":"","background-media":"","overlay-type":"","overlay-color":"","overlay-opacity":"","overlay-gradient":""}},"ast-content-background-meta":{"desktop":{"background-color":"var(--ast-global-color-5)","background-image":"","background-repeat":"repeat","background-position":"center center","background-size":"auto","background-attachment":"scroll","background-type":"","background-media":"","overlay-type":"","overlay-color":"","overlay-opacity":"","overlay-gradient":""},"tablet":{"background-color":"var(--ast-global-color-5)","background-image":"","background-repeat":"repeat","background-position":"center center","background-size":"auto","background-attachment":"scroll","background-type":"","background-media":"","overlay-type":"","overlay-color":"","overlay-opacity":"","overlay-gradient":""},"mobile":{"background-color":"var(--ast-global-color-5)","background-image":"","background-repeat":"repeat","background-position":"center center","background-size":"auto","background-attachment":"scroll","background-type":"","background-media":"","overlay-type":"","overlay-color":"","overlay-opacity":"","overlay-gradient":""}}},"product_brand":[],"product_cat":[24],"product_tag":[],"class_list":{"0":"post-420","1":"product","2":"type-product","3":"status-publish","4":"has-post-thumbnail","6":"product_cat-estufas-hornos","7":"desktop-align-left","8":"tablet-align-left","9":"mobile-align-left","11":"first","12":"instock","13":"shipping-taxable","14":"purchasable","15":"product-type-simple"},"_links":{"self":[{"href":"https:\/\/ineqlab.cl\/en\/wp-json\/wp\/v2\/product\/420","targetHints":{"allow":["GET"]}}],"collection":[{"href":"https:\/\/ineqlab.cl\/en\/wp-json\/wp\/v2\/product"}],"about":[{"href":"https:\/\/ineqlab.cl\/en\/wp-json\/wp\/v2\/types\/product"}],"wp:featuredmedia":[{"embeddable":true,"href":"https:\/\/ineqlab.cl\/en\/wp-json\/wp\/v2\/media\/421"}],"wp:attachment":[{"href":"https:\/\/ineqlab.cl\/en\/wp-json\/wp\/v2\/media?parent=420"}],"wp:term":[{"taxonomy":"product_brand","embeddable":true,"href":"https:\/\/ineqlab.cl\/en\/wp-json\/wp\/v2\/product_brand?post=420"},{"taxonomy":"product_cat","embeddable":true,"href":"https:\/\/ineqlab.cl\/en\/wp-json\/wp\/v2\/product_cat?post=420"},{"taxonomy":"product_tag","embeddable":true,"href":"https:\/\/ineqlab.cl\/en\/wp-json\/wp\/v2\/product_tag?post=420"}],"curies":[{"name":"wp","href":"https:\/\/api.w.org\/{rel}","templated":true}]}}