{"id":427,"date":"2022-10-12T02:27:15","date_gmt":"2022-10-12T05:27:15","guid":{"rendered":"https:\/\/ineqlab.cl\/?post_type=product&#038;p=427"},"modified":"2023-03-12T19:31:32","modified_gmt":"2023-03-12T22:31:32","slug":"bomba-de-jeringa-digital-10ul-a-140ml","status":"publish","type":"product","link":"https:\/\/ineqlab.cl\/en\/product\/bomba-de-jeringa-digital-10ul-a-140ml\/","title":{"rendered":"Bomba de jeringa digital 10ul a 140ml"},"content":{"rendered":"<p>Caracteristicas: &#8211; F\u00e1cil de operar: la combinaci\u00f3n de pantalla LCD de pantalla grande con interruptor rotativo codificado y teclado de membrana hace que la operaci\u00f3n sea simple y r\u00e1pida. &#8211; Modo de trabajo: infusi\u00f3n, retirada, infusi\u00f3n retirada, retirada infusi\u00f3n, continua &#8211; Funci\u00f3n de memoria: 1. Los par\u00e1metros se guardan en EEPROM. No es necesario restablecer los par\u00e1metros cuando vuelve la energ\u00eda despu\u00e9s de una interrupci\u00f3n. 2. En el modo de caudal, la bomba permanece funcionando o se detiene de acuerdo con los par\u00e1metros de configuraci\u00f3n cuando vuelve la energ\u00eda &#8211; Funci\u00f3n de protecci\u00f3n: la bomba se detendr\u00e1 y emitir\u00e1 una alarma cuando la estructura de accionamiento de la bomba est\u00e9 bloqueada &#8211; Funci\u00f3n de comunicaci\u00f3n: comunicaci\u00f3n RS485 &#8211; Funci\u00f3n de control externo: entrada salida &#8211; Funci\u00f3n de calibraci\u00f3n: adquiere un volumen preciso a trav\u00e9s de la calibraci\u00f3n &#8211; Protecci\u00f3n de la jeringa: ajuste el soporte de la jeringa para evitar que la jeringa se da\u00f1e. Especificaciones t\u00e9cnicas: Cantidad de canales 2 Configuraci\u00f3n de pantalla Volumen de pantalla, velocidad de flujo, velocidad lineal Tama\u00f1o de jeringa 10 \u00b5L &#8211; 140 ml Memoria de apagado Almacenamiento de los par\u00e1metros de ejecuci\u00f3n autom\u00e1ticamente Dimensiones mm 280 \u00d7 250 \u00d7 140 Pesos Kg 4.3 Modo de trabajo infusi\u00f3n retirada Fuerza lineal &gt; 18 kg Avance por micropaso 116 paso 0.156 \u00b5m Max. Velocidad de paso 13867 116 paso seg. Min. Velocidad de paso 16 116 30 segundos Max. Velocidad lineal 130 mm min. Min. Velocidad lineal 5 \u00b5m min Precisi\u00f3n 0.5% de error en la condici\u00f3n de ? 30% de m\u00e1x. distancia de infusi\u00f3n Modo de configuraci\u00f3n Interruptor rotativo codificado y teclado de membrana Pantalla LCD gr\u00e1fica de 128&#215;64 Fuente de alimentaci\u00f3n AC100 -240V Condici\u00f3n de funcionamiento Temperatura: 5 ? &#8211; 40 ?, Humedad relativa: &lt;80%<\/p>","protected":false},"excerpt":{"rendered":"<p><label class=\"label\">Marca<\/label>\u00a0Longer Pump<\/p>\n<div class=\"product-information\">\n<div id=\"product-description-short-450\">Bomba de jeringa digital 10ul a 140ml<\/div>\n<\/div>","protected":false},"featured_media":428,"template":"","meta":{"site-sidebar-layout":"default","site-content-layout":"","ast-site-content-layout":"default","site-content-style":"default","site-sidebar-style":"default","ast-global-header-display":"","ast-banner-title-visibility":"","ast-main-header-display":"","ast-hfb-above-header-display":"","ast-hfb-below-header-display":"","ast-hfb-mobile-header-display":"","site-post-title":"","ast-breadcrumbs-content":"","ast-featured-img":"","footer-sml-layout":"","ast-disable-related-posts":"","theme-transparent-header-meta":"","adv-header-id-meta":"","stick-header-meta":"","header-above-stick-meta":"","header-main-stick-meta":"","header-below-stick-meta":"","astra-migrate-meta-layouts":"default","ast-page-background-enabled":"default","ast-page-background-meta":{"desktop":{"background-color":"var(--ast-global-color-4)","background-image":"","background-repeat":"repeat","background-position":"center center","background-size":"auto","background-attachment":"scroll","background-type":"","background-media":"","overlay-type":"","overlay-color":"","overlay-opacity":"","overlay-gradient":""},"tablet":{"background-color":"","background-image":"","background-repeat":"repeat","background-position":"center center","background-size":"auto","background-attachment":"scroll","background-type":"","background-media":"","overlay-type":"","overlay-color":"","overlay-opacity":"","overlay-gradient":""},"mobile":{"background-color":"","background-image":"","background-repeat":"repeat","background-position":"center center","background-size":"auto","background-attachment":"scroll","background-type":"","background-media":"","overlay-type":"","overlay-color":"","overlay-opacity":"","overlay-gradient":""}},"ast-content-background-meta":{"desktop":{"background-color":"var(--ast-global-color-5)","background-image":"","background-repeat":"repeat","background-position":"center center","background-size":"auto","background-attachment":"scroll","background-type":"","background-media":"","overlay-type":"","overlay-color":"","overlay-opacity":"","overlay-gradient":""},"tablet":{"background-color":"var(--ast-global-color-5)","background-image":"","background-repeat":"repeat","background-position":"center center","background-size":"auto","background-attachment":"scroll","background-type":"","background-media":"","overlay-type":"","overlay-color":"","overlay-opacity":"","overlay-gradient":""},"mobile":{"background-color":"var(--ast-global-color-5)","background-image":"","background-repeat":"repeat","background-position":"center center","background-size":"auto","background-attachment":"scroll","background-type":"","background-media":"","overlay-type":"","overlay-color":"","overlay-opacity":"","overlay-gradient":""}}},"product_brand":[],"product_cat":[18],"product_tag":[],"class_list":{"0":"post-427","1":"product","2":"type-product","3":"status-publish","4":"has-post-thumbnail","6":"product_cat-mnejo-de-liquidos","7":"desktop-align-left","8":"tablet-align-left","9":"mobile-align-left","11":"first","12":"instock","13":"shipping-taxable","14":"purchasable","15":"product-type-simple"},"_links":{"self":[{"href":"https:\/\/ineqlab.cl\/en\/wp-json\/wp\/v2\/product\/427","targetHints":{"allow":["GET"]}}],"collection":[{"href":"https:\/\/ineqlab.cl\/en\/wp-json\/wp\/v2\/product"}],"about":[{"href":"https:\/\/ineqlab.cl\/en\/wp-json\/wp\/v2\/types\/product"}],"wp:featuredmedia":[{"embeddable":true,"href":"https:\/\/ineqlab.cl\/en\/wp-json\/wp\/v2\/media\/428"}],"wp:attachment":[{"href":"https:\/\/ineqlab.cl\/en\/wp-json\/wp\/v2\/media?parent=427"}],"wp:term":[{"taxonomy":"product_brand","embeddable":true,"href":"https:\/\/ineqlab.cl\/en\/wp-json\/wp\/v2\/product_brand?post=427"},{"taxonomy":"product_cat","embeddable":true,"href":"https:\/\/ineqlab.cl\/en\/wp-json\/wp\/v2\/product_cat?post=427"},{"taxonomy":"product_tag","embeddable":true,"href":"https:\/\/ineqlab.cl\/en\/wp-json\/wp\/v2\/product_tag?post=427"}],"curies":[{"name":"wp","href":"https:\/\/api.w.org\/{rel}","templated":true}]}}