{"id":442,"date":"2022-10-12T02:36:37","date_gmt":"2022-10-12T05:36:37","guid":{"rendered":"https:\/\/ineqlab.cl\/?post_type=product&#038;p=442"},"modified":"2023-03-12T19:31:32","modified_gmt":"2023-03-12T22:31:32","slug":"lector-microplaca-con-agitacionr100","status":"publish","type":"product","link":"https:\/\/ineqlab.cl\/en\/product\/lector-microplaca-con-agitacionr100\/","title":{"rendered":"Lector microplaca con agitacionr100"},"content":{"rendered":"<p>Modelo AMR-100. Caracteristicas : *Lector de microplacas es un instrumento confiable y robusto para una amplia variedad de aplicaciones cl\u00ednicas y de investigaci\u00f3n, *Lee varios tipos de placas de 96 pocillos y est\u00e1 equipado con una funci\u00f3n de agitaci\u00f3n. Se puede usar como un instrumento independiente o bajo control de PC con software regular o APP. *Software es f\u00e1cil de usar . *Absorbancia de 9 canales que proporciona no solo precisi\u00f3n, reproducibilidad y mediciones r\u00e1pidas, pero tambi\u00e9n ofrecen un dise\u00f1o innovador con su software de control y an\u00e1lisis de datos f\u00e1cil de usar. *Posee pantalla t\u00e1ctil de 7 pulgadas junto con 3 teclas externas. * Rango de longitud de onda de 340-750nm * Rango de absorbancia: 0.0 ~ 4.000Abs * Rueda de filtro \u00f3ptico de 8 posiciones, equipada con 4 filtros \u00f3pticos est\u00e1ndar. * Medici\u00f3n r\u00e1pida y precisa de placas de 96 pocillos en 6 segundos. * Lector de ELISA de 9 canales para mediciones r\u00e1pidas. * Canal de referencia adicional para una intensidad de luz optimizada. * Medidas de punto final, cin\u00e9ticas y multietiquetas para una variedad de aplicaciones * Sacudiendo con tiempo y velocidad variable * Software para PC, software de APP y software Bulit-In para un an\u00e1lisis de datos potente y validado Especificaciones -Longitud de onda 340-750nm -Filtro Estandard 405-450-492-630 nm Opcionales a Pedido -Ancho banda filtro 3.-9 nm -Rango lectuira 0-4 abs -Resolucion 0.001Abs -Exactitud 405 nm \u00b11% 0-3Abs \u00b12% 3-4Abs -Presicion 405 nm CV.0.2% 0-3Abs CV.1% 3-4Abs -Velocidad lectura 6s por pocillo -Agitacion 3 modes , rapido , medio , lento. -Interfase software integrado y conecciona a PC -Pantalla y almacenamiento Touch screen,200 programas y 100,000 test. -Puerto 3 USB puerto , for PC, Impresora y USB. -Peso 10kg 220volts. -Tama\u00f1o 440 x 295 x 225 mm<\/p>","protected":false},"excerpt":{"rendered":"<p><label class=\"label\">Marca<\/label>\u00a0AINSTRUMENTS<\/p>\n<div class=\"product-information\">\n<div id=\"product-description-short-136\">Lector microplaca con agitacionr100<\/div>\n<\/div>","protected":false},"featured_media":445,"template":"","meta":{"site-sidebar-layout":"default","site-content-layout":"","ast-site-content-layout":"default","site-content-style":"default","site-sidebar-style":"default","ast-global-header-display":"","ast-banner-title-visibility":"","ast-main-header-display":"","ast-hfb-above-header-display":"","ast-hfb-below-header-display":"","ast-hfb-mobile-header-display":"","site-post-title":"","ast-breadcrumbs-content":"","ast-featured-img":"","footer-sml-layout":"","ast-disable-related-posts":"","theme-transparent-header-meta":"","adv-header-id-meta":"","stick-header-meta":"","header-above-stick-meta":"","header-main-stick-meta":"","header-below-stick-meta":"","astra-migrate-meta-layouts":"default","ast-page-background-enabled":"default","ast-page-background-meta":{"desktop":{"background-color":"var(--ast-global-color-4)","background-image":"","background-repeat":"repeat","background-position":"center center","background-size":"auto","background-attachment":"scroll","background-type":"","background-media":"","overlay-type":"","overlay-color":"","overlay-opacity":"","overlay-gradient":""},"tablet":{"background-color":"","background-image":"","background-repeat":"repeat","background-position":"center center","background-size":"auto","background-attachment":"scroll","background-type":"","background-media":"","overlay-type":"","overlay-color":"","overlay-opacity":"","overlay-gradient":""},"mobile":{"background-color":"","background-image":"","background-repeat":"repeat","background-position":"center center","background-size":"auto","background-attachment":"scroll","background-type":"","background-media":"","overlay-type":"","overlay-color":"","overlay-opacity":"","overlay-gradient":""}},"ast-content-background-meta":{"desktop":{"background-color":"var(--ast-global-color-5)","background-image":"","background-repeat":"repeat","background-position":"center center","background-size":"auto","background-attachment":"scroll","background-type":"","background-media":"","overlay-type":"","overlay-color":"","overlay-opacity":"","overlay-gradient":""},"tablet":{"background-color":"var(--ast-global-color-5)","background-image":"","background-repeat":"repeat","background-position":"center center","background-size":"auto","background-attachment":"scroll","background-type":"","background-media":"","overlay-type":"","overlay-color":"","overlay-opacity":"","overlay-gradient":""},"mobile":{"background-color":"var(--ast-global-color-5)","background-image":"","background-repeat":"repeat","background-position":"center center","background-size":"auto","background-attachment":"scroll","background-type":"","background-media":"","overlay-type":"","overlay-color":"","overlay-opacity":"","overlay-gradient":""}}},"product_brand":[],"product_cat":[26],"product_tag":[],"class_list":{"0":"post-442","1":"product","2":"type-product","3":"status-publish","4":"has-post-thumbnail","6":"product_cat-espectrofotometria","7":"desktop-align-left","8":"tablet-align-left","9":"mobile-align-left","11":"first","12":"instock","13":"shipping-taxable","14":"purchasable","15":"product-type-simple"},"_links":{"self":[{"href":"https:\/\/ineqlab.cl\/en\/wp-json\/wp\/v2\/product\/442","targetHints":{"allow":["GET"]}}],"collection":[{"href":"https:\/\/ineqlab.cl\/en\/wp-json\/wp\/v2\/product"}],"about":[{"href":"https:\/\/ineqlab.cl\/en\/wp-json\/wp\/v2\/types\/product"}],"wp:featuredmedia":[{"embeddable":true,"href":"https:\/\/ineqlab.cl\/en\/wp-json\/wp\/v2\/media\/445"}],"wp:attachment":[{"href":"https:\/\/ineqlab.cl\/en\/wp-json\/wp\/v2\/media?parent=442"}],"wp:term":[{"taxonomy":"product_brand","embeddable":true,"href":"https:\/\/ineqlab.cl\/en\/wp-json\/wp\/v2\/product_brand?post=442"},{"taxonomy":"product_cat","embeddable":true,"href":"https:\/\/ineqlab.cl\/en\/wp-json\/wp\/v2\/product_cat?post=442"},{"taxonomy":"product_tag","embeddable":true,"href":"https:\/\/ineqlab.cl\/en\/wp-json\/wp\/v2\/product_tag?post=442"}],"curies":[{"name":"wp","href":"https:\/\/api.w.org\/{rel}","templated":true}]}}