{"id":455,"date":"2022-10-12T02:39:30","date_gmt":"2022-10-12T05:39:30","guid":{"rendered":"https:\/\/ineqlab.cl\/?post_type=product&#038;p=455"},"modified":"2023-03-12T19:31:32","modified_gmt":"2023-03-12T22:31:32","slug":"lector-de-microplaca-fluostar-omegaccd-abs-cfiltros","status":"publish","type":"product","link":"https:\/\/ineqlab.cl\/en\/product\/lector-de-microplaca-fluostar-omegaccd-abs-cfiltros\/","title":{"rendered":"Lector de microplaca fluostar omegaccd-abs cfiltros"},"content":{"rendered":"<p>Caracteristicas Tecnicas: &#8211; Fluorescencia est\u00e1ndar FI y fluorescencia con resoluci\u00f3n temporal TRF &#8211; Absorbancia basada en espectr\u00f3metro hasta 4 DE. Espectro de absorbancia total 220 a 1000 nm para cada pozo con una resoluci\u00f3n de 1 nm &#8211; 8 posiciones de excitaci\u00f3n y 8 filtros de emisi\u00f3n 8 filtros est\u00e1ndar sin elecci\u00f3n &#8211; Lectura superior inferior de fluorescencia &#8211; Incubaci\u00f3n precisa y precisa hasta 45 \u00b0 C &#8211; Lee placas de 6, 12, 24, 48, 96 y 384 pocillos &#8211; Modos de sacudida orbital, orbital y lineal &#8211; Funci\u00f3n de lectura r\u00e1pida de la placa de inicio &#8211; Lee placas de 6, 12, 24, 48, 96 y 384 pocillos &#8211; Paquete de software: control de lector multiusuario y software de an\u00e1lisis de datos MARS incluido puede ser instalado por un n\u00famero ilimitado de usuarios sin costo adicional &#8211; El software cumple con FDA 21 CFR parte 11 incluido &#8211; Es posible exportar f\u00e1cilmente a MS Excel \u2122 20162013201020072003 &#8211; Nuestros productos no est\u00e1n certificados por IVD y no est\u00e1n destinados a ser utilizados para procedimientos de diagn\u00f3stico o ex\u00e1menes m\u00e9dicos. Nuestros productos est\u00e1n dise\u00f1ados solo con fines de investigaci\u00f3n.<\/p>","protected":false},"excerpt":{"rendered":"<p><label class=\"label\">Marca<\/label>\u00a0Bmglabtech<\/p>\n<div class=\"product-information\">\n<div id=\"product-description-short-175\">\n<p>Lector de microplaca fluostar<\/p>\n<p>omegaccd-abs cfiltros<\/p>\n<\/div>\n<\/div>","protected":false},"featured_media":459,"template":"","meta":{"site-sidebar-layout":"default","site-content-layout":"","ast-site-content-layout":"default","site-content-style":"default","site-sidebar-style":"default","ast-global-header-display":"","ast-banner-title-visibility":"","ast-main-header-display":"","ast-hfb-above-header-display":"","ast-hfb-below-header-display":"","ast-hfb-mobile-header-display":"","site-post-title":"","ast-breadcrumbs-content":"","ast-featured-img":"","footer-sml-layout":"","ast-disable-related-posts":"","theme-transparent-header-meta":"","adv-header-id-meta":"","stick-header-meta":"","header-above-stick-meta":"","header-main-stick-meta":"","header-below-stick-meta":"","astra-migrate-meta-layouts":"default","ast-page-background-enabled":"default","ast-page-background-meta":{"desktop":{"background-color":"var(--ast-global-color-4)","background-image":"","background-repeat":"repeat","background-position":"center center","background-size":"auto","background-attachment":"scroll","background-type":"","background-media":"","overlay-type":"","overlay-color":"","overlay-opacity":"","overlay-gradient":""},"tablet":{"background-color":"","background-image":"","background-repeat":"repeat","background-position":"center center","background-size":"auto","background-attachment":"scroll","background-type":"","background-media":"","overlay-type":"","overlay-color":"","overlay-opacity":"","overlay-gradient":""},"mobile":{"background-color":"","background-image":"","background-repeat":"repeat","background-position":"center center","background-size":"auto","background-attachment":"scroll","background-type":"","background-media":"","overlay-type":"","overlay-color":"","overlay-opacity":"","overlay-gradient":""}},"ast-content-background-meta":{"desktop":{"background-color":"var(--ast-global-color-5)","background-image":"","background-repeat":"repeat","background-position":"center center","background-size":"auto","background-attachment":"scroll","background-type":"","background-media":"","overlay-type":"","overlay-color":"","overlay-opacity":"","overlay-gradient":""},"tablet":{"background-color":"var(--ast-global-color-5)","background-image":"","background-repeat":"repeat","background-position":"center center","background-size":"auto","background-attachment":"scroll","background-type":"","background-media":"","overlay-type":"","overlay-color":"","overlay-opacity":"","overlay-gradient":""},"mobile":{"background-color":"var(--ast-global-color-5)","background-image":"","background-repeat":"repeat","background-position":"center center","background-size":"auto","background-attachment":"scroll","background-type":"","background-media":"","overlay-type":"","overlay-color":"","overlay-opacity":"","overlay-gradient":""}}},"product_brand":[],"product_cat":[26],"product_tag":[],"class_list":{"0":"post-455","1":"product","2":"type-product","3":"status-publish","4":"has-post-thumbnail","6":"product_cat-espectrofotometria","7":"desktop-align-left","8":"tablet-align-left","9":"mobile-align-left","11":"first","12":"instock","13":"shipping-taxable","14":"purchasable","15":"product-type-simple"},"_links":{"self":[{"href":"https:\/\/ineqlab.cl\/en\/wp-json\/wp\/v2\/product\/455","targetHints":{"allow":["GET"]}}],"collection":[{"href":"https:\/\/ineqlab.cl\/en\/wp-json\/wp\/v2\/product"}],"about":[{"href":"https:\/\/ineqlab.cl\/en\/wp-json\/wp\/v2\/types\/product"}],"wp:featuredmedia":[{"embeddable":true,"href":"https:\/\/ineqlab.cl\/en\/wp-json\/wp\/v2\/media\/459"}],"wp:attachment":[{"href":"https:\/\/ineqlab.cl\/en\/wp-json\/wp\/v2\/media?parent=455"}],"wp:term":[{"taxonomy":"product_brand","embeddable":true,"href":"https:\/\/ineqlab.cl\/en\/wp-json\/wp\/v2\/product_brand?post=455"},{"taxonomy":"product_cat","embeddable":true,"href":"https:\/\/ineqlab.cl\/en\/wp-json\/wp\/v2\/product_cat?post=455"},{"taxonomy":"product_tag","embeddable":true,"href":"https:\/\/ineqlab.cl\/en\/wp-json\/wp\/v2\/product_tag?post=455"}],"curies":[{"name":"wp","href":"https:\/\/api.w.org\/{rel}","templated":true}]}}