{"id":458,"date":"2022-10-12T02:39:50","date_gmt":"2022-10-12T05:39:50","guid":{"rendered":"https:\/\/ineqlab.cl\/?post_type=product&#038;p=458"},"modified":"2023-03-12T19:31:32","modified_gmt":"2023-03-12T22:31:32","slug":"balanza-de-presicion-12000g-005g","status":"publish","type":"product","link":"https:\/\/ineqlab.cl\/en\/product\/balanza-de-presicion-12000g-005g\/","title":{"rendered":"Balanza de presicion 12000g 0,05g"},"content":{"rendered":"<p>Balanza de precisi\u00f3n en el laboratorio o para usos en entornos industriales duros. Lectura d 0,05 g Gama de pesaje max 12.000 g Gama de taraje 12.000 g Reproducibilidad 0,05 g Linearidad \u00b10,15 g Peso m\u00ednimo por unidad en condiciones de laboratorio 50 mg Peso m\u00ednimo por unidad en condiciones normales 500 mg Peso de ajuste F1 recomendado 10 kg Puntos de ajuste 2 kg 5 kg 10 kg 12 kg Tiempo de estabilizaci\u00f3n t\u00edpico 3 sec. Humedad del aire max. 80% rel. no condensado Temperatura ambiente admitida +10 \u00b0C &#8230; + 40 \u00b0C Tiempo de preparaci\u00f3n 2 h Carcasa A x p x a mm 180 x 310 x 90 Filtro de vibraci\u00f3n si Platillo de pesaje, acero inoxidable mm 160 x 200 Tensi\u00f3n de entrada 100 V \u2013 240V Peso kg neto 2,7<\/p>","protected":false},"excerpt":{"rendered":"<p><label class=\"label\">Marca<\/label>\u00a0KERN<\/p>\n<div class=\"product-information\">\n<div id=\"product-description-short-500\">\n<p>Balanza de presici\u00f3n 12000g 0,05g<\/p>\n<\/div>\n<\/div>","protected":false},"featured_media":461,"template":"","meta":{"site-sidebar-layout":"default","site-content-layout":"","ast-site-content-layout":"default","site-content-style":"default","site-sidebar-style":"default","ast-global-header-display":"","ast-banner-title-visibility":"","ast-main-header-display":"","ast-hfb-above-header-display":"","ast-hfb-below-header-display":"","ast-hfb-mobile-header-display":"","site-post-title":"","ast-breadcrumbs-content":"","ast-featured-img":"","footer-sml-layout":"","ast-disable-related-posts":"","theme-transparent-header-meta":"","adv-header-id-meta":"","stick-header-meta":"","header-above-stick-meta":"","header-main-stick-meta":"","header-below-stick-meta":"","astra-migrate-meta-layouts":"default","ast-page-background-enabled":"default","ast-page-background-meta":{"desktop":{"background-color":"var(--ast-global-color-4)","background-image":"","background-repeat":"repeat","background-position":"center center","background-size":"auto","background-attachment":"scroll","background-type":"","background-media":"","overlay-type":"","overlay-color":"","overlay-opacity":"","overlay-gradient":""},"tablet":{"background-color":"","background-image":"","background-repeat":"repeat","background-position":"center center","background-size":"auto","background-attachment":"scroll","background-type":"","background-media":"","overlay-type":"","overlay-color":"","overlay-opacity":"","overlay-gradient":""},"mobile":{"background-color":"","background-image":"","background-repeat":"repeat","background-position":"center center","background-size":"auto","background-attachment":"scroll","background-type":"","background-media":"","overlay-type":"","overlay-color":"","overlay-opacity":"","overlay-gradient":""}},"ast-content-background-meta":{"desktop":{"background-color":"var(--ast-global-color-5)","background-image":"","background-repeat":"repeat","background-position":"center center","background-size":"auto","background-attachment":"scroll","background-type":"","background-media":"","overlay-type":"","overlay-color":"","overlay-opacity":"","overlay-gradient":""},"tablet":{"background-color":"var(--ast-global-color-5)","background-image":"","background-repeat":"repeat","background-position":"center center","background-size":"auto","background-attachment":"scroll","background-type":"","background-media":"","overlay-type":"","overlay-color":"","overlay-opacity":"","overlay-gradient":""},"mobile":{"background-color":"var(--ast-global-color-5)","background-image":"","background-repeat":"repeat","background-position":"center center","background-size":"auto","background-attachment":"scroll","background-type":"","background-media":"","overlay-type":"","overlay-color":"","overlay-opacity":"","overlay-gradient":""}}},"product_brand":[],"product_cat":[25],"product_tag":[],"class_list":{"0":"post-458","1":"product","2":"type-product","3":"status-publish","4":"has-post-thumbnail","6":"product_cat-balanzas-equipos-de-precision","7":"desktop-align-left","8":"tablet-align-left","9":"mobile-align-left","11":"first","12":"instock","13":"shipping-taxable","14":"purchasable","15":"product-type-simple"},"_links":{"self":[{"href":"https:\/\/ineqlab.cl\/en\/wp-json\/wp\/v2\/product\/458","targetHints":{"allow":["GET"]}}],"collection":[{"href":"https:\/\/ineqlab.cl\/en\/wp-json\/wp\/v2\/product"}],"about":[{"href":"https:\/\/ineqlab.cl\/en\/wp-json\/wp\/v2\/types\/product"}],"wp:featuredmedia":[{"embeddable":true,"href":"https:\/\/ineqlab.cl\/en\/wp-json\/wp\/v2\/media\/461"}],"wp:attachment":[{"href":"https:\/\/ineqlab.cl\/en\/wp-json\/wp\/v2\/media?parent=458"}],"wp:term":[{"taxonomy":"product_brand","embeddable":true,"href":"https:\/\/ineqlab.cl\/en\/wp-json\/wp\/v2\/product_brand?post=458"},{"taxonomy":"product_cat","embeddable":true,"href":"https:\/\/ineqlab.cl\/en\/wp-json\/wp\/v2\/product_cat?post=458"},{"taxonomy":"product_tag","embeddable":true,"href":"https:\/\/ineqlab.cl\/en\/wp-json\/wp\/v2\/product_tag?post=458"}],"curies":[{"name":"wp","href":"https:\/\/api.w.org\/{rel}","templated":true}]}}