{"id":463,"date":"2022-10-12T02:41:02","date_gmt":"2022-10-12T05:41:02","guid":{"rendered":"https:\/\/ineqlab.cl\/?post_type=product&#038;p=463"},"modified":"2023-03-12T19:31:32","modified_gmt":"2023-03-12T22:31:32","slug":"lector-microplaca-fluostar-omegafluorescencia-absor-cfiltros","status":"publish","type":"product","link":"https:\/\/ineqlab.cl\/en\/product\/lector-microplaca-fluostar-omegafluorescencia-absor-cfiltros\/","title":{"rendered":"Lector microplaca fluostar omegafluorescencia absor cfiltros"},"content":{"rendered":"<p>FLUOSTAR OMEGA BASADO EN FILTROS . Caracteristicas Tecnicas: * Funcion Standard Fluorescencia FI , Flurescencia resuelta en tiempo TRF Y Adsorbancia ABS incluye una combinaci\u00f3n \u00f3ptica para mediciones en formatos de placa de hasta 96 *Posee Rueda de 8 posiciones para filtros de excitacion y 8 de Emision . * Incluye 4 Filtros de excitaci\u00f3n y 4 Filtros emision a eleccion segun listado de fabrica. *Lectura superior inferior de fluorescencia. * Incubacion hasta 45 \u00b0C * Lectura 6-12-24-48-96. * Agitacion orbital o lineal y doble Agitaci\u00f3n. *Posee lectura rapida de inicio. * Incluye software de control y analisis Mars DATA. *Puede ser instalado sin limite de usuario sin costo adicional. * Software compatible regulacion FDA 21 part 21. *Es posible exportar f\u00e1cilmente a Excel \u2122 20162013201020072003 *Puede incorporar como opcional : Inyectores , aumento de temperatura de incubacion 65 \u00ba C, etc. Requerimientos minimos para PC. -Ordenador con CPU Pentium Intel Pentium 4 o superior al menos 2 GHz &#8211; 1 GB o m\u00e1s de RAM &#8211; 2 GB de memoria libre en el disco duro para la instalaci\u00f3n del software &#8211; Sistema operativo Windows \u2122 Win10 Win8 Win7 Vista &#8211; Un puerto USB libre. Especificaciones : *Fuente de luz L\u00e1mpara flash de xen\u00f3n de alta energ\u00eda * Detector Tubo fotomultiplicador de ventana lateral *Sensibilidad &lt; 1 fmolwell Flurencencia *ABS OD rango: 0 to 4 OD 240nm &#8211; 750nm Con Filtros opcionales No incluidos . Exactitud +- 0.01 OD en el rango range 0 &#8211; 2.0 OD y +- 0.03 OD in the range 2 &#8211; 3 OD. *Tama\u00f1oPeso 44 cmx 48 cmx 30 cm 28 kg. *220 volts.<\/p>","protected":false},"excerpt":{"rendered":"<p><label class=\"label\">Marca<\/label>\u00a0Bmglabtech<\/p>\n<div class=\"product-information\">\n<div id=\"product-description-short-177\">Lector microplaca fluostar omegafluorescenciaabsor cfiltros<\/div>\n<\/div>","protected":false},"featured_media":459,"template":"","meta":{"site-sidebar-layout":"default","site-content-layout":"","ast-site-content-layout":"default","site-content-style":"default","site-sidebar-style":"default","ast-global-header-display":"","ast-banner-title-visibility":"","ast-main-header-display":"","ast-hfb-above-header-display":"","ast-hfb-below-header-display":"","ast-hfb-mobile-header-display":"","site-post-title":"","ast-breadcrumbs-content":"","ast-featured-img":"","footer-sml-layout":"","ast-disable-related-posts":"","theme-transparent-header-meta":"","adv-header-id-meta":"","stick-header-meta":"","header-above-stick-meta":"","header-main-stick-meta":"","header-below-stick-meta":"","astra-migrate-meta-layouts":"default","ast-page-background-enabled":"default","ast-page-background-meta":{"desktop":{"background-color":"var(--ast-global-color-4)","background-image":"","background-repeat":"repeat","background-position":"center center","background-size":"auto","background-attachment":"scroll","background-type":"","background-media":"","overlay-type":"","overlay-color":"","overlay-opacity":"","overlay-gradient":""},"tablet":{"background-color":"","background-image":"","background-repeat":"repeat","background-position":"center center","background-size":"auto","background-attachment":"scroll","background-type":"","background-media":"","overlay-type":"","overlay-color":"","overlay-opacity":"","overlay-gradient":""},"mobile":{"background-color":"","background-image":"","background-repeat":"repeat","background-position":"center center","background-size":"auto","background-attachment":"scroll","background-type":"","background-media":"","overlay-type":"","overlay-color":"","overlay-opacity":"","overlay-gradient":""}},"ast-content-background-meta":{"desktop":{"background-color":"var(--ast-global-color-5)","background-image":"","background-repeat":"repeat","background-position":"center center","background-size":"auto","background-attachment":"scroll","background-type":"","background-media":"","overlay-type":"","overlay-color":"","overlay-opacity":"","overlay-gradient":""},"tablet":{"background-color":"var(--ast-global-color-5)","background-image":"","background-repeat":"repeat","background-position":"center center","background-size":"auto","background-attachment":"scroll","background-type":"","background-media":"","overlay-type":"","overlay-color":"","overlay-opacity":"","overlay-gradient":""},"mobile":{"background-color":"var(--ast-global-color-5)","background-image":"","background-repeat":"repeat","background-position":"center center","background-size":"auto","background-attachment":"scroll","background-type":"","background-media":"","overlay-type":"","overlay-color":"","overlay-opacity":"","overlay-gradient":""}}},"product_brand":[],"product_cat":[26],"product_tag":[],"class_list":{"0":"post-463","1":"product","2":"type-product","3":"status-publish","4":"has-post-thumbnail","6":"product_cat-espectrofotometria","7":"desktop-align-left","8":"tablet-align-left","9":"mobile-align-left","11":"first","12":"instock","13":"shipping-taxable","14":"purchasable","15":"product-type-simple"},"_links":{"self":[{"href":"https:\/\/ineqlab.cl\/en\/wp-json\/wp\/v2\/product\/463","targetHints":{"allow":["GET"]}}],"collection":[{"href":"https:\/\/ineqlab.cl\/en\/wp-json\/wp\/v2\/product"}],"about":[{"href":"https:\/\/ineqlab.cl\/en\/wp-json\/wp\/v2\/types\/product"}],"wp:featuredmedia":[{"embeddable":true,"href":"https:\/\/ineqlab.cl\/en\/wp-json\/wp\/v2\/media\/459"}],"wp:attachment":[{"href":"https:\/\/ineqlab.cl\/en\/wp-json\/wp\/v2\/media?parent=463"}],"wp:term":[{"taxonomy":"product_brand","embeddable":true,"href":"https:\/\/ineqlab.cl\/en\/wp-json\/wp\/v2\/product_brand?post=463"},{"taxonomy":"product_cat","embeddable":true,"href":"https:\/\/ineqlab.cl\/en\/wp-json\/wp\/v2\/product_cat?post=463"},{"taxonomy":"product_tag","embeddable":true,"href":"https:\/\/ineqlab.cl\/en\/wp-json\/wp\/v2\/product_tag?post=463"}],"curies":[{"name":"wp","href":"https:\/\/api.w.org\/{rel}","templated":true}]}}