{"id":467,"date":"2022-10-12T02:42:28","date_gmt":"2022-10-12T05:42:28","guid":{"rendered":"https:\/\/ineqlab.cl\/?post_type=product&#038;p=467"},"modified":"2023-03-12T19:31:33","modified_gmt":"2023-03-12T22:31:33","slug":"balanza-analitica-001mg-101gr","status":"publish","type":"product","link":"https:\/\/ineqlab.cl\/en\/product\/balanza-analitica-001mg-101gr\/","title":{"rendered":"Balanza anal\u00edtica 0,01mg : 101gr"},"content":{"rendered":"<p>Modelo ABT100-5NM con sistema de pesaje Single-Cell Caracter\u00edsticas: &#8211; Ajuste autom\u00e1tico interno con oscilaciones de temperatura &gt; 0,5 \u00b0C y temporizado cada 4 horas &#8211; Ayuda para la dosificaci\u00f3n: Seleccionable el modo de estabilizaci\u00f3n elevada y otros ajustes de filtro &#8211; Uso simple de f\u00f3rmulasdocumentaci\u00f3n con funci\u00f3n combinada taraimprimir. Adem\u00e1s los componentes de la mezcla se numeran autom\u00e1ticamente y se imprimen con n\u00famerovalor de peso. &#8211; N\u00famero de identificaci\u00f3n de 4 d\u00edgitos, libremente programable, se imprime en el protocolo de ajuste &#8211; Salida de datos autom\u00e1tica en el ordenador impresora despu\u00e9s de cada parada de la b\u00e1scula. Tecnolog\u00eda avanzada Single-Cell: &#8211; Fabricaci\u00f3n autom\u00e1tica de la c\u00e9lula de pesaje completamente de una pieza &#8211; Comportamiento t\u00e9rmico estable &#8211; Intervalo breve de estabilizaci\u00f3n. Valores de pesaje estables en un lapso de aprox. 5 seg. en condiciones de laboratorio &#8211; Alta robustez mec\u00e1nica &#8211; Alta seguridad de carga de esquina Datos t\u00e9cnicos: &#8211; Dimensiones carcasa AxPxA : 217 x 356 x 338mm &#8211; Dimensiones parabrisa AxPxA : 200 x 240 x 260 mm &#8211; Superficie de pesaje AxPxA : 168 x 172 x 223mm &#8211; Material de carcasa : metal &#8211; Material plato pesaje : acero inoxidable. &#8211; Superficie de pesaje : 80mm &#8211; Maxima humedad ambiental : 80% &#8211; Calibracion : Interna &#8211; Salida RS232 &#8211; Dimensiones embalaje : 433 x 684 x 647mm &#8211; Peso : 7.5kg<\/p>","protected":false},"excerpt":{"rendered":"<p><label class=\"label\">Marca<\/label>\u00a0KERN<\/p>\n<div class=\"product-information\">\n<div id=\"product-description-short-503\">Balanza analitica 0,01mg : 101g<\/div>\n<\/div>","protected":false},"featured_media":469,"template":"","meta":{"site-sidebar-layout":"default","site-content-layout":"","ast-site-content-layout":"default","site-content-style":"default","site-sidebar-style":"default","ast-global-header-display":"","ast-banner-title-visibility":"","ast-main-header-display":"","ast-hfb-above-header-display":"","ast-hfb-below-header-display":"","ast-hfb-mobile-header-display":"","site-post-title":"","ast-breadcrumbs-content":"","ast-featured-img":"","footer-sml-layout":"","ast-disable-related-posts":"","theme-transparent-header-meta":"","adv-header-id-meta":"","stick-header-meta":"","header-above-stick-meta":"","header-main-stick-meta":"","header-below-stick-meta":"","astra-migrate-meta-layouts":"default","ast-page-background-enabled":"default","ast-page-background-meta":{"desktop":{"background-color":"var(--ast-global-color-4)","background-image":"","background-repeat":"repeat","background-position":"center center","background-size":"auto","background-attachment":"scroll","background-type":"","background-media":"","overlay-type":"","overlay-color":"","overlay-opacity":"","overlay-gradient":""},"tablet":{"background-color":"","background-image":"","background-repeat":"repeat","background-position":"center center","background-size":"auto","background-attachment":"scroll","background-type":"","background-media":"","overlay-type":"","overlay-color":"","overlay-opacity":"","overlay-gradient":""},"mobile":{"background-color":"","background-image":"","background-repeat":"repeat","background-position":"center center","background-size":"auto","background-attachment":"scroll","background-type":"","background-media":"","overlay-type":"","overlay-color":"","overlay-opacity":"","overlay-gradient":""}},"ast-content-background-meta":{"desktop":{"background-color":"var(--ast-global-color-5)","background-image":"","background-repeat":"repeat","background-position":"center center","background-size":"auto","background-attachment":"scroll","background-type":"","background-media":"","overlay-type":"","overlay-color":"","overlay-opacity":"","overlay-gradient":""},"tablet":{"background-color":"var(--ast-global-color-5)","background-image":"","background-repeat":"repeat","background-position":"center center","background-size":"auto","background-attachment":"scroll","background-type":"","background-media":"","overlay-type":"","overlay-color":"","overlay-opacity":"","overlay-gradient":""},"mobile":{"background-color":"var(--ast-global-color-5)","background-image":"","background-repeat":"repeat","background-position":"center center","background-size":"auto","background-attachment":"scroll","background-type":"","background-media":"","overlay-type":"","overlay-color":"","overlay-opacity":"","overlay-gradient":""}}},"product_brand":[],"product_cat":[25],"product_tag":[],"class_list":{"0":"post-467","1":"product","2":"type-product","3":"status-publish","4":"has-post-thumbnail","6":"product_cat-balanzas-equipos-de-precision","7":"desktop-align-left","8":"tablet-align-left","9":"mobile-align-left","11":"first","12":"instock","13":"shipping-taxable","14":"purchasable","15":"product-type-simple"},"_links":{"self":[{"href":"https:\/\/ineqlab.cl\/en\/wp-json\/wp\/v2\/product\/467","targetHints":{"allow":["GET"]}}],"collection":[{"href":"https:\/\/ineqlab.cl\/en\/wp-json\/wp\/v2\/product"}],"about":[{"href":"https:\/\/ineqlab.cl\/en\/wp-json\/wp\/v2\/types\/product"}],"wp:featuredmedia":[{"embeddable":true,"href":"https:\/\/ineqlab.cl\/en\/wp-json\/wp\/v2\/media\/469"}],"wp:attachment":[{"href":"https:\/\/ineqlab.cl\/en\/wp-json\/wp\/v2\/media?parent=467"}],"wp:term":[{"taxonomy":"product_brand","embeddable":true,"href":"https:\/\/ineqlab.cl\/en\/wp-json\/wp\/v2\/product_brand?post=467"},{"taxonomy":"product_cat","embeddable":true,"href":"https:\/\/ineqlab.cl\/en\/wp-json\/wp\/v2\/product_cat?post=467"},{"taxonomy":"product_tag","embeddable":true,"href":"https:\/\/ineqlab.cl\/en\/wp-json\/wp\/v2\/product_tag?post=467"}],"curies":[{"name":"wp","href":"https:\/\/api.w.org\/{rel}","templated":true}]}}