{"id":471,"date":"2022-10-12T02:43:13","date_gmt":"2022-10-12T05:43:13","guid":{"rendered":"https:\/\/ineqlab.cl\/?post_type=product&#038;p=471"},"modified":"2023-03-12T19:31:33","modified_gmt":"2023-03-12T22:31:33","slug":"balanza-analitica-doble-rango-42g0-01-mg120g0-1mg","status":"publish","type":"product","link":"https:\/\/ineqlab.cl\/en\/product\/balanza-analitica-doble-rango-42g0-01-mg120g0-1mg\/","title":{"rendered":"Balanza anal\u00edtica doble rango 42g0.01 mg120g0.1mg"},"content":{"rendered":"<section id=\"wrapper\">\n<div class=\"container\">\n<div id=\"content-wrapper\">\n<section id=\"main\">\n<div class=\"row product-container\">\n<div class=\"col-md-12\">\n<div class=\"tabs\">\n<div id=\"tab-content\" class=\"tab-content\">\n<div id=\"description\" class=\"tab-pane fade in active\" role=\"tabpanel\">\n<div class=\"product-description\">Modelo ABT100-5NM con sistema de pesaje Single-Cell, doble rango pasa automaticamente de la lectura d1 a la lectura d2 Caracter\u00edsticas Tecnicas : &#8211; Ajuste autom\u00e1tico interno con oscilaciones de temperatura &gt; 0,5 \u00b0C y temporizado cada 4 horas &#8211; Ayuda para la dosificaci\u00f3n: Seleccionable el modo de estabilizaci\u00f3n elevada y otros ajustes de filtro &#8211; Uso simple de f\u00f3rmulasdocumentaci\u00f3n con funci\u00f3n combinada taraimprimir. Adem\u00e1s los componentes de la mezcla se numeran autom\u00e1ticamente y se imprimen con n\u00famerovalor de peso. &#8211; N\u00famero de identificaci\u00f3n de 4 d\u00edgitos, libremente programable, se imprime en el protocolo de ajuste &#8211; Salida de datos autom\u00e1tica en el ordenador impresora despu\u00e9s de cada parada de la b\u00e1scula. Tecnolog\u00eda avanzada Single-Cell: &#8211; Fabricaci\u00f3n autom\u00e1tica de la c\u00e9lula de pesaje completamente de una pieza &#8211; Comportamiento t\u00e9rmico estable &#8211; Intervalo breve de estabilizaci\u00f3n. Valores de pesaje estables en un lapso de aprox. 5 seg. en condiciones de laboratorio &#8211; Alta robustez mec\u00e1nica &#8211; Alta seguridad de carga de esquina Especificaciones T\u00e9cnicas: &#8211; Doble rango : 42120mg &#8211; Sensibilidad : 0,010,1mg &#8211; Dimensiones carcasa AxPxA : 215 x 340 x 335mm &#8211; Dimensiones parabrisa AxPxA : 200 x 240 x 260 mm &#8211; Superficie de pesaje AxPxA : 168 x 172 x 223mm &#8211; Material de carcasa : metal &#8211; Material plato pesaje : acero inoxidable. &#8211; Superficie de pesaje : 80mm &#8211; Maxima humedad ambiental : 80% &#8211; Calibracion : Interna &#8211; Salida RS232 &#8211; Dimensiones embalaje : 433 x 684 x 647mm &#8211; Peso : 7.5kg<\/div>\n<\/div>\n<\/div>\n<\/div>\n<\/div>\n<\/div>\n<\/section>\n<\/div>\n<footer class=\"page-footer\"><\/footer>\n<\/div>\n<\/section>\n<footer id=\"footer\">\n<section class=\"footuyu\">\n<div class=\"container-fluid\">\n<div class=\"row\"><\/div>\n<\/div>\n<\/section>\n<div class=\"footer-container\">\n<div class=\"container\">\n<div class=\"row\">\n<div class=\"footer-grid1\"><\/div>\n<\/div>\n<\/div>\n<\/div>\n<\/footer>","protected":false},"excerpt":{"rendered":"<p><label class=\"label\">Marca<\/label>\u00a0KERN<\/p>\n<div class=\"product-information\">\n<div id=\"product-description-short-504\">Balanza analitica doble rango 42g0.01 mg120g0.1mg<\/div>\n<\/div>","protected":false},"featured_media":0,"template":"","meta":{"site-sidebar-layout":"default","site-content-layout":"","ast-site-content-layout":"default","site-content-style":"default","site-sidebar-style":"default","ast-global-header-display":"","ast-banner-title-visibility":"","ast-main-header-display":"","ast-hfb-above-header-display":"","ast-hfb-below-header-display":"","ast-hfb-mobile-header-display":"","site-post-title":"","ast-breadcrumbs-content":"","ast-featured-img":"","footer-sml-layout":"","ast-disable-related-posts":"","theme-transparent-header-meta":"","adv-header-id-meta":"","stick-header-meta":"","header-above-stick-meta":"","header-main-stick-meta":"","header-below-stick-meta":"","astra-migrate-meta-layouts":"default","ast-page-background-enabled":"default","ast-page-background-meta":{"desktop":{"background-color":"var(--ast-global-color-4)","background-image":"","background-repeat":"repeat","background-position":"center center","background-size":"auto","background-attachment":"scroll","background-type":"","background-media":"","overlay-type":"","overlay-color":"","overlay-opacity":"","overlay-gradient":""},"tablet":{"background-color":"","background-image":"","background-repeat":"repeat","background-position":"center center","background-size":"auto","background-attachment":"scroll","background-type":"","background-media":"","overlay-type":"","overlay-color":"","overlay-opacity":"","overlay-gradient":""},"mobile":{"background-color":"","background-image":"","background-repeat":"repeat","background-position":"center center","background-size":"auto","background-attachment":"scroll","background-type":"","background-media":"","overlay-type":"","overlay-color":"","overlay-opacity":"","overlay-gradient":""}},"ast-content-background-meta":{"desktop":{"background-color":"var(--ast-global-color-5)","background-image":"","background-repeat":"repeat","background-position":"center center","background-size":"auto","background-attachment":"scroll","background-type":"","background-media":"","overlay-type":"","overlay-color":"","overlay-opacity":"","overlay-gradient":""},"tablet":{"background-color":"var(--ast-global-color-5)","background-image":"","background-repeat":"repeat","background-position":"center center","background-size":"auto","background-attachment":"scroll","background-type":"","background-media":"","overlay-type":"","overlay-color":"","overlay-opacity":"","overlay-gradient":""},"mobile":{"background-color":"var(--ast-global-color-5)","background-image":"","background-repeat":"repeat","background-position":"center center","background-size":"auto","background-attachment":"scroll","background-type":"","background-media":"","overlay-type":"","overlay-color":"","overlay-opacity":"","overlay-gradient":""}}},"product_brand":[],"product_cat":[25],"product_tag":[],"class_list":{"0":"post-471","1":"product","2":"type-product","3":"status-publish","5":"product_cat-balanzas-equipos-de-precision","6":"desktop-align-left","7":"tablet-align-left","8":"mobile-align-left","10":"first","11":"instock","12":"shipping-taxable","13":"purchasable","14":"product-type-simple"},"_links":{"self":[{"href":"https:\/\/ineqlab.cl\/en\/wp-json\/wp\/v2\/product\/471","targetHints":{"allow":["GET"]}}],"collection":[{"href":"https:\/\/ineqlab.cl\/en\/wp-json\/wp\/v2\/product"}],"about":[{"href":"https:\/\/ineqlab.cl\/en\/wp-json\/wp\/v2\/types\/product"}],"wp:attachment":[{"href":"https:\/\/ineqlab.cl\/en\/wp-json\/wp\/v2\/media?parent=471"}],"wp:term":[{"taxonomy":"product_brand","embeddable":true,"href":"https:\/\/ineqlab.cl\/en\/wp-json\/wp\/v2\/product_brand?post=471"},{"taxonomy":"product_cat","embeddable":true,"href":"https:\/\/ineqlab.cl\/en\/wp-json\/wp\/v2\/product_cat?post=471"},{"taxonomy":"product_tag","embeddable":true,"href":"https:\/\/ineqlab.cl\/en\/wp-json\/wp\/v2\/product_tag?post=471"}],"curies":[{"name":"wp","href":"https:\/\/api.w.org\/{rel}","templated":true}]}}