{"id":473,"date":"2022-10-12T02:44:02","date_gmt":"2022-10-12T05:44:02","guid":{"rendered":"https:\/\/ineqlab.cl\/?post_type=product&#038;p=473"},"modified":"2023-03-12T19:31:33","modified_gmt":"2023-03-12T22:31:33","slug":"alanza-analitica-01-mg-210g-calibracion-int","status":"publish","type":"product","link":"https:\/\/ineqlab.cl\/en\/product\/alanza-analitica-01-mg-210g-calibracion-int\/","title":{"rendered":"Balanza anal\u00edtica 0,1 mg : 210g calibraci\u00f3n int."},"content":{"rendered":"<section id=\"wrapper\">\n<div class=\"container\">\n<div id=\"content-wrapper\">\n<section id=\"main\">\n<div class=\"row product-container\">\n<div class=\"col-md-12\">\n<div class=\"tabs\">\n<div id=\"tab-content\" class=\"tab-content\">\n<div id=\"description\" class=\"tab-pane fade in active\" role=\"tabpanel\">\n<div class=\"product-description\">Modelo ADJ 200-4. Caracteristicas: Ajuste autom\u00e1tico interno con oscilaciones de temperatura = 2 \u00b0C o temporizado cada 3 h, alta precisi\u00f3n garantizada sin depender de un determinado emplazamiento. Trae de serie un nivel de burbuja y tornillos nivelantes para nivelarla con precisi\u00f3n, obteni\u00e9ndose as\u00ed una absoluta exactitud en los resultados de pesaje. Parabrisas de vidrio grande con 3 puertas corredizas para un c\u00f3modo acceso al material de pesaje. Medidas compactas muy ventajoso al disponer de poco espacio. Manejo f\u00e1cil y c\u00f3modo mediante 6 teclas. Especificaciones T\u00e9cnicas: Campo de pesaje [Max: 210 g Intervalo de estabilizaci\u00f3n en condiciones de labo: 3 s Lectura [d: 0,100 mg Linealidad: 0,400 mg Peso m\u00ednimo USP: 400 mg Peso recomendado para ajuste: 200 g E2 Posibilidades de ajuste: Ajuste con pesa interna autom\u00e1tico Rango de tara: 210 g Reproducibilidad: 0,200 mg Resoluci\u00f3n: 2.100.000 Sistema de pesaje: Compensaci\u00f3n de fuerza Unidades de pesaje: ct g lb oz Dimensiones carcasaA\u00d7P\u00d7A: 230 mm x 310 mm x 330 mm Dimensiones parabrisasA\u00d7P\u00d7A: 175 mm x 175 mm x 230 mm Espacio de pesajeA\u00d7P\u00d7 A: 170 mm x 160 mm x 205 mm Material carcasa: Pl\u00e1stico Material de plato de pesaje: acero inoxidable Nivel de burbuja: si Pies de tornillos girante: si Superficie de pesaje d: 90 mm<\/div>\n<\/div>\n<\/div>\n<\/div>\n<\/div>\n<\/div>\n<\/section>\n<\/div>\n<footer class=\"page-footer\"><\/footer>\n<\/div>\n<\/section>\n<footer id=\"footer\">\n<section class=\"footuyu\">\n<div class=\"container-fluid\">\n<div class=\"row\"><\/div>\n<\/div>\n<\/section>\n<div class=\"footer-container\">\n<div class=\"container\">\n<div class=\"row\">\n<div class=\"footer-grid1\"><\/div>\n<\/div>\n<\/div>\n<\/div>\n<\/footer>","protected":false},"excerpt":{"rendered":"<p><label class=\"label\">Marca<\/label>\u00a0KERN<\/p>\n<div class=\"product-information\">\n<div id=\"product-description-short-505\">Balanza analitica 0,1 mg : 210g calibracion int.<\/div>\n<div class=\"product-actions\">\n<form id=\"add-to-cart-or-refresh\" action=\"https:\/\/ltech.cl\/carrito\" method=\"post\">\n<div class=\"product-variants\"><\/div>\n<section class=\"product-discounts\"><\/section>\n<div class=\"botoncomprarcotizar\">\n<div class=\"product-add-to-cart\"><\/div>\n<\/div>\n<\/form>\n<\/div>\n<\/div>","protected":false},"featured_media":475,"template":"","meta":{"site-sidebar-layout":"default","site-content-layout":"","ast-site-content-layout":"default","site-content-style":"default","site-sidebar-style":"default","ast-global-header-display":"","ast-banner-title-visibility":"","ast-main-header-display":"","ast-hfb-above-header-display":"","ast-hfb-below-header-display":"","ast-hfb-mobile-header-display":"","site-post-title":"","ast-breadcrumbs-content":"","ast-featured-img":"","footer-sml-layout":"","ast-disable-related-posts":"","theme-transparent-header-meta":"","adv-header-id-meta":"","stick-header-meta":"","header-above-stick-meta":"","header-main-stick-meta":"","header-below-stick-meta":"","astra-migrate-meta-layouts":"default","ast-page-background-enabled":"default","ast-page-background-meta":{"desktop":{"background-color":"var(--ast-global-color-4)","background-image":"","background-repeat":"repeat","background-position":"center center","background-size":"auto","background-attachment":"scroll","background-type":"","background-media":"","overlay-type":"","overlay-color":"","overlay-opacity":"","overlay-gradient":""},"tablet":{"background-color":"","background-image":"","background-repeat":"repeat","background-position":"center center","background-size":"auto","background-attachment":"scroll","background-type":"","background-media":"","overlay-type":"","overlay-color":"","overlay-opacity":"","overlay-gradient":""},"mobile":{"background-color":"","background-image":"","background-repeat":"repeat","background-position":"center center","background-size":"auto","background-attachment":"scroll","background-type":"","background-media":"","overlay-type":"","overlay-color":"","overlay-opacity":"","overlay-gradient":""}},"ast-content-background-meta":{"desktop":{"background-color":"var(--ast-global-color-5)","background-image":"","background-repeat":"repeat","background-position":"center center","background-size":"auto","background-attachment":"scroll","background-type":"","background-media":"","overlay-type":"","overlay-color":"","overlay-opacity":"","overlay-gradient":""},"tablet":{"background-color":"var(--ast-global-color-5)","background-image":"","background-repeat":"repeat","background-position":"center center","background-size":"auto","background-attachment":"scroll","background-type":"","background-media":"","overlay-type":"","overlay-color":"","overlay-opacity":"","overlay-gradient":""},"mobile":{"background-color":"var(--ast-global-color-5)","background-image":"","background-repeat":"repeat","background-position":"center center","background-size":"auto","background-attachment":"scroll","background-type":"","background-media":"","overlay-type":"","overlay-color":"","overlay-opacity":"","overlay-gradient":""}}},"product_brand":[],"product_cat":[25],"product_tag":[],"class_list":{"0":"post-473","1":"product","2":"type-product","3":"status-publish","4":"has-post-thumbnail","6":"product_cat-balanzas-equipos-de-precision","7":"desktop-align-left","8":"tablet-align-left","9":"mobile-align-left","11":"first","12":"instock","13":"shipping-taxable","14":"purchasable","15":"product-type-simple"},"_links":{"self":[{"href":"https:\/\/ineqlab.cl\/en\/wp-json\/wp\/v2\/product\/473","targetHints":{"allow":["GET"]}}],"collection":[{"href":"https:\/\/ineqlab.cl\/en\/wp-json\/wp\/v2\/product"}],"about":[{"href":"https:\/\/ineqlab.cl\/en\/wp-json\/wp\/v2\/types\/product"}],"wp:featuredmedia":[{"embeddable":true,"href":"https:\/\/ineqlab.cl\/en\/wp-json\/wp\/v2\/media\/475"}],"wp:attachment":[{"href":"https:\/\/ineqlab.cl\/en\/wp-json\/wp\/v2\/media?parent=473"}],"wp:term":[{"taxonomy":"product_brand","embeddable":true,"href":"https:\/\/ineqlab.cl\/en\/wp-json\/wp\/v2\/product_brand?post=473"},{"taxonomy":"product_cat","embeddable":true,"href":"https:\/\/ineqlab.cl\/en\/wp-json\/wp\/v2\/product_cat?post=473"},{"taxonomy":"product_tag","embeddable":true,"href":"https:\/\/ineqlab.cl\/en\/wp-json\/wp\/v2\/product_tag?post=473"}],"curies":[{"name":"wp","href":"https:\/\/api.w.org\/{rel}","templated":true}]}}