{"id":474,"date":"2022-10-12T02:44:06","date_gmt":"2022-10-12T05:44:06","guid":{"rendered":"https:\/\/ineqlab.cl\/?post_type=product&#038;p=474"},"modified":"2023-03-12T19:31:33","modified_gmt":"2023-03-12T22:31:33","slug":"lector-de-microplaca-nephelostar-plus","status":"publish","type":"product","link":"https:\/\/ineqlab.cl\/en\/product\/lector-de-microplaca-nephelostar-plus\/","title":{"rendered":"Lector de microplaca nephelostar plus"},"content":{"rendered":"<p>NEPHELOSTAR Primer y \u00fanico nefel\u00f3metro de microplacas con l\u00e1ser, que fue desarrollado para satisfacer las demandas de screening de compuestos de alta solubilidad. El NEPHELOstar Plus detecta la presencia de part\u00edculas insolubles en muestras l\u00edquidas midiendo la dispersi\u00f3n frontal de luz y puede usarse para medidas de turbidez, screening de solubilidad de f\u00e1rmacos, cin\u00e9ticas de uniones de prote\u00ednas, crecimiento microbiano y procesos de control de petr\u00f3leo. ESPECIFICACIONES TECNICAS Modos de detecci\u00f3n Nefelometr\u00eda dispersi\u00f3n de luz Modos de medida Punto final y cin\u00e9tico Formatos de microplacas Placas de hasta 384 pocillos Microportador Robot compatible Fuentes de luz Diodo l\u00e1ser de autocontrol Longitud de onda 635 \u00b1 10 nm Estabilidad &lt;0.2% de desviaci\u00f3n Vida \u00fatil 20,000 horas Salida 1 mW Ancho de haz seleccionable: 1.5 a 3.5 mm Intensidad seleccionable 0-100% \u00c1ngulo de dispersi\u00f3n: detecta hasta 80 \u00b0 de \u00e1ngulo de cono completo Detectores Detector fotodiodos de ventana lateral Longitud de onda Fotodiodo Longitud de onda 635 \u00b1 10 Nm Sensibilidad Depende tama\u00f1o de part\u00edcula Propiedades del l\u00edquido. Detecci\u00f3n de s\u00edlice tama\u00f1o de part\u00edcula 0.5 a 10 \u00b5m 800 nM Rango din\u00e1mico: 5 d\u00e9cadas Tasa m\u00e1xima de conteo 2,000,000 unidades de nefelometr\u00eda relativa RNU por segundo Tiempos de lectura Dependen de las condiciones del ensayo y la estabilidad de la superficie del l\u00edquido. Tiempos m\u00e1s cortos posibles: 16s 96, 47s 384 Inyecci\u00f3n de reactivos Hasta 2 inyectores de reactivos incorporados Inyecci\u00f3n en la posici\u00f3n de medici\u00f3n 6 a 384 pocillos Vol\u00famenes de inyecci\u00f3n individuales para cada pocillo 3 a 500 \u00b5L Velocidad de inyecci\u00f3n variable hasta 420 \u00b5L s Hasta cuatro eventos de inyecci\u00f3n por pozo Reactivo de lavado Agitaci\u00f3n lineal, orbital y doble orbital con velocidad y tiempo definibles por el usuario Purgue de ventilaci\u00f3n de gas para inyectar una atm\u00f3sfera o aspirar al lector. Incubaci\u00f3n + 4\u00b0C por encima del ambiente hasta 45\u00b0C o 60\u00b0C. La placa de calentamiento superior de la c\u00e1mara de incubaci\u00f3n funciona a 0,5 \u00b0 C m\u00e1s que la inferior del plato. Esto evita la acumulaci\u00f3n de condensaci\u00f3n en la tapa o sellador. Software control de lector multiusuario y software de an\u00e1lisis de datos MARS incluido Cumple con FDA 21 CFR Parte 11 Dimensiones Ancho: 44 cm, profundidad: 48 cm, altura: 32 cm Peso: 25 kg Accesorios Opcionales: Apilador de placas para hasta 50 microplacas &#8211; funci\u00f3n de carga continua Incubadora y agitador de microplacas THERMOstar Unidad de control atmosf\u00e9rico ACU: Regula activamente el O2 y el CO2: 0.1-20% Actualizaciones: P\u00f3ngase en contacto con su representante local para obtener actualizaciones que incluyen opciones como modos de detecci\u00f3n, inyectores de reactivos, etc.<\/p>","protected":false},"excerpt":{"rendered":"<p><label class=\"label\">Marca<\/label>\u00a0Bmglabtech<\/p>\n<div class=\"product-information\">\n<div id=\"product-description-short-185\">Lector de microplaca nephelostar plus<\/div>\n<\/div>","protected":false},"featured_media":0,"template":"","meta":{"site-sidebar-layout":"default","site-content-layout":"","ast-site-content-layout":"default","site-content-style":"default","site-sidebar-style":"default","ast-global-header-display":"","ast-banner-title-visibility":"","ast-main-header-display":"","ast-hfb-above-header-display":"","ast-hfb-below-header-display":"","ast-hfb-mobile-header-display":"","site-post-title":"","ast-breadcrumbs-content":"","ast-featured-img":"","footer-sml-layout":"","ast-disable-related-posts":"","theme-transparent-header-meta":"","adv-header-id-meta":"","stick-header-meta":"","header-above-stick-meta":"","header-main-stick-meta":"","header-below-stick-meta":"","astra-migrate-meta-layouts":"default","ast-page-background-enabled":"default","ast-page-background-meta":{"desktop":{"background-color":"var(--ast-global-color-4)","background-image":"","background-repeat":"repeat","background-position":"center center","background-size":"auto","background-attachment":"scroll","background-type":"","background-media":"","overlay-type":"","overlay-color":"","overlay-opacity":"","overlay-gradient":""},"tablet":{"background-color":"","background-image":"","background-repeat":"repeat","background-position":"center center","background-size":"auto","background-attachment":"scroll","background-type":"","background-media":"","overlay-type":"","overlay-color":"","overlay-opacity":"","overlay-gradient":""},"mobile":{"background-color":"","background-image":"","background-repeat":"repeat","background-position":"center center","background-size":"auto","background-attachment":"scroll","background-type":"","background-media":"","overlay-type":"","overlay-color":"","overlay-opacity":"","overlay-gradient":""}},"ast-content-background-meta":{"desktop":{"background-color":"var(--ast-global-color-5)","background-image":"","background-repeat":"repeat","background-position":"center center","background-size":"auto","background-attachment":"scroll","background-type":"","background-media":"","overlay-type":"","overlay-color":"","overlay-opacity":"","overlay-gradient":""},"tablet":{"background-color":"var(--ast-global-color-5)","background-image":"","background-repeat":"repeat","background-position":"center center","background-size":"auto","background-attachment":"scroll","background-type":"","background-media":"","overlay-type":"","overlay-color":"","overlay-opacity":"","overlay-gradient":""},"mobile":{"background-color":"var(--ast-global-color-5)","background-image":"","background-repeat":"repeat","background-position":"center center","background-size":"auto","background-attachment":"scroll","background-type":"","background-media":"","overlay-type":"","overlay-color":"","overlay-opacity":"","overlay-gradient":""}}},"product_brand":[],"product_cat":[26],"product_tag":[],"class_list":{"0":"post-474","1":"product","2":"type-product","3":"status-publish","5":"product_cat-espectrofotometria","6":"desktop-align-left","7":"tablet-align-left","8":"mobile-align-left","10":"first","11":"instock","12":"shipping-taxable","13":"purchasable","14":"product-type-simple"},"_links":{"self":[{"href":"https:\/\/ineqlab.cl\/en\/wp-json\/wp\/v2\/product\/474","targetHints":{"allow":["GET"]}}],"collection":[{"href":"https:\/\/ineqlab.cl\/en\/wp-json\/wp\/v2\/product"}],"about":[{"href":"https:\/\/ineqlab.cl\/en\/wp-json\/wp\/v2\/types\/product"}],"wp:attachment":[{"href":"https:\/\/ineqlab.cl\/en\/wp-json\/wp\/v2\/media?parent=474"}],"wp:term":[{"taxonomy":"product_brand","embeddable":true,"href":"https:\/\/ineqlab.cl\/en\/wp-json\/wp\/v2\/product_brand?post=474"},{"taxonomy":"product_cat","embeddable":true,"href":"https:\/\/ineqlab.cl\/en\/wp-json\/wp\/v2\/product_cat?post=474"},{"taxonomy":"product_tag","embeddable":true,"href":"https:\/\/ineqlab.cl\/en\/wp-json\/wp\/v2\/product_tag?post=474"}],"curies":[{"name":"wp","href":"https:\/\/api.w.org\/{rel}","templated":true}]}}