{"id":476,"date":"2022-10-12T02:44:46","date_gmt":"2022-10-12T05:44:46","guid":{"rendered":"https:\/\/ineqlab.cl\/?post_type=product&#038;p=476"},"modified":"2023-03-12T19:31:33","modified_gmt":"2023-03-12T22:31:33","slug":"balanza-analitica-01mg-120g-calibracion-int","status":"publish","type":"product","link":"https:\/\/ineqlab.cl\/en\/product\/balanza-analitica-01mg-120g-calibracion-int\/","title":{"rendered":"Balanza anal\u00edtica 0,1mg :120g calibraci\u00f3n int."},"content":{"rendered":"<p>MODELO ADJ-600-C3 *Posee Ajuste autom\u00e1tico interno con oscilaciones de temperatura = 2 \u00b0C o temporizado cada 3 h, alta precisi\u00f3n garantizada sin depender de un determinado emplazamiento. * Balanza compacta ahorrando espacion en el laboratorio. *La balanza trae de serie un nivel de burbuja y tornillos nivelantes para nivelarla con precisi\u00f3n, obteni\u00e9ndose as\u00ed una absoluta exactitud en los resultados de pesaje. *\u00b7 Parabrisas de vidrio grande con 3 puertas o bajo ADJ segun sea el modelo .corredizas para un c\u00f3modo acceso al material de pesaje. *Pantalla LCD retroiluminada grande, altura de d\u00edgitos 16 mm \u00b7 Dimensiones superficie de pesaje, acero inoxidable, \u00d8 90 mm *Rs232, posibilidad de imprimir con GLP Se require impresora ,cuenta piezas ,porcentaje , difrentes unidad de pesada , Sistema de medici\u00f3n Campo de pesaje [Max: 120 g Intervalo de estabilizaci\u00f3n en condiciones de labo: 4 s Lectura [d: 0,100 mg Linealidad: 0,400 mg Posibilidades de ajuste: Ajuste con pesa interna autom\u00e1tico Rango de tara: 120 g Sistema de pesaje: Compensaci\u00f3n de fuerza Dimensiones carcasaA\u00d7P\u00d7A: 230 mm x 310 mm x 330 mm Espacio de pesajeA\u00d7P\u00d7 A: 170 mm x 160 mm x 110 mm Material carcasa: Pl\u00e1stico Material de plato de pesaje: acero inoxidable Nivel de burbuja: si Pies de tornillos girante: si Superficie de pesaje d: 90 mm<\/p>","protected":false},"excerpt":{"rendered":"<p><label class=\"label\">Marca<\/label>\u00a0KERN<\/p>\n<div class=\"product-information\">\n<div id=\"product-description-short-506\">Balanza analitica 0,1mg :120g calibracion int.<\/div>\n<\/div>","protected":false},"featured_media":478,"template":"","meta":{"site-sidebar-layout":"default","site-content-layout":"","ast-site-content-layout":"default","site-content-style":"default","site-sidebar-style":"default","ast-global-header-display":"","ast-banner-title-visibility":"","ast-main-header-display":"","ast-hfb-above-header-display":"","ast-hfb-below-header-display":"","ast-hfb-mobile-header-display":"","site-post-title":"","ast-breadcrumbs-content":"","ast-featured-img":"","footer-sml-layout":"","ast-disable-related-posts":"","theme-transparent-header-meta":"","adv-header-id-meta":"","stick-header-meta":"","header-above-stick-meta":"","header-main-stick-meta":"","header-below-stick-meta":"","astra-migrate-meta-layouts":"default","ast-page-background-enabled":"default","ast-page-background-meta":{"desktop":{"background-color":"var(--ast-global-color-4)","background-image":"","background-repeat":"repeat","background-position":"center center","background-size":"auto","background-attachment":"scroll","background-type":"","background-media":"","overlay-type":"","overlay-color":"","overlay-opacity":"","overlay-gradient":""},"tablet":{"background-color":"","background-image":"","background-repeat":"repeat","background-position":"center center","background-size":"auto","background-attachment":"scroll","background-type":"","background-media":"","overlay-type":"","overlay-color":"","overlay-opacity":"","overlay-gradient":""},"mobile":{"background-color":"","background-image":"","background-repeat":"repeat","background-position":"center center","background-size":"auto","background-attachment":"scroll","background-type":"","background-media":"","overlay-type":"","overlay-color":"","overlay-opacity":"","overlay-gradient":""}},"ast-content-background-meta":{"desktop":{"background-color":"var(--ast-global-color-5)","background-image":"","background-repeat":"repeat","background-position":"center center","background-size":"auto","background-attachment":"scroll","background-type":"","background-media":"","overlay-type":"","overlay-color":"","overlay-opacity":"","overlay-gradient":""},"tablet":{"background-color":"var(--ast-global-color-5)","background-image":"","background-repeat":"repeat","background-position":"center center","background-size":"auto","background-attachment":"scroll","background-type":"","background-media":"","overlay-type":"","overlay-color":"","overlay-opacity":"","overlay-gradient":""},"mobile":{"background-color":"var(--ast-global-color-5)","background-image":"","background-repeat":"repeat","background-position":"center center","background-size":"auto","background-attachment":"scroll","background-type":"","background-media":"","overlay-type":"","overlay-color":"","overlay-opacity":"","overlay-gradient":""}}},"product_brand":[],"product_cat":[25],"product_tag":[],"class_list":{"0":"post-476","1":"product","2":"type-product","3":"status-publish","4":"has-post-thumbnail","6":"product_cat-balanzas-equipos-de-precision","7":"desktop-align-left","8":"tablet-align-left","9":"mobile-align-left","11":"first","12":"instock","13":"shipping-taxable","14":"purchasable","15":"product-type-simple"},"_links":{"self":[{"href":"https:\/\/ineqlab.cl\/en\/wp-json\/wp\/v2\/product\/476","targetHints":{"allow":["GET"]}}],"collection":[{"href":"https:\/\/ineqlab.cl\/en\/wp-json\/wp\/v2\/product"}],"about":[{"href":"https:\/\/ineqlab.cl\/en\/wp-json\/wp\/v2\/types\/product"}],"wp:featuredmedia":[{"embeddable":true,"href":"https:\/\/ineqlab.cl\/en\/wp-json\/wp\/v2\/media\/478"}],"wp:attachment":[{"href":"https:\/\/ineqlab.cl\/en\/wp-json\/wp\/v2\/media?parent=476"}],"wp:term":[{"taxonomy":"product_brand","embeddable":true,"href":"https:\/\/ineqlab.cl\/en\/wp-json\/wp\/v2\/product_brand?post=476"},{"taxonomy":"product_cat","embeddable":true,"href":"https:\/\/ineqlab.cl\/en\/wp-json\/wp\/v2\/product_cat?post=476"},{"taxonomy":"product_tag","embeddable":true,"href":"https:\/\/ineqlab.cl\/en\/wp-json\/wp\/v2\/product_tag?post=476"}],"curies":[{"name":"wp","href":"https:\/\/api.w.org\/{rel}","templated":true}]}}