{"id":477,"date":"2022-10-12T02:44:57","date_gmt":"2022-10-12T05:44:57","guid":{"rendered":"https:\/\/ineqlab.cl\/?post_type=product&#038;p=477"},"modified":"2023-03-12T19:31:33","modified_gmt":"2023-03-12T22:31:33","slug":"lector-de-microplaca-spectrostar-nano-basic","status":"publish","type":"product","link":"https:\/\/ineqlab.cl\/en\/product\/lector-de-microplaca-spectrostar-nano-basic\/","title":{"rendered":"Lector de microplaca spectrostar nano basic"},"content":{"rendered":"<p>SPECTROstar Nano esta equipado con el espectr\u00f3metro UVVis ultrar\u00e1pido, que permite realizar espectros de absorbancia completos 220-1000 nm en menos de 1 segundo por pocillo. Es el instrumento ideal para realizar todos los ensayos de absorbancia en microplaca o cubeta &#8211; con muchos protocolos predefinidos. Caracter\u00edsticas Tecnicas : &#8211; Espectro completo de absorbancia UVVis en &lt; 1 segundo por pocillo &#8211; Medida de microplas de hasta 1536 pocillos &#8211; Puerto para cubetas para muestras individuales &#8211; Agitaci\u00f3n de placas e incubaci\u00f3n uniforme hasta 45\u00baC &#8211; Incluye software de control multiusuario y software de an\u00e1lisis de datos MARS &#8211; Compatible con placa LVis para muestras de bajo volumen hasta 2 \u00b5l Especificaciones Tecnicas : &#8211; Modo de Detecci\u00f3n : Espectr\u00f3metro de absorbancia UVVis. &#8211; Modo de medida : Medidas cin\u00e9ticas y a punto final Barridos espectrales absorbancia Escaneado del pocillo &#8211; Formato de microplacas: Lectura de placas de 6 hasta 1536 pocillos con la placa LVis puede medir absorbancia en hasta 16 muestras de tan s\u00f3lo 2 \u00b5L. &#8211; Portaplacas : SPECTROstar Nano es id\u00f3neo para ser integrado en un sistema robotizado. &#8211; Light Sources : L\u00e1mpara de Xenon de alta energ\u00eda. &#8211; Fuentes de luz : Espectr\u00f3metro CCD. &#8211; Selecci\u00f3n de longitud de onda : UVVis Absorbance Spectrometer: Full spectra or 8 distinct wavelengths in &lt; 1 sec well. &#8211; Rango espectral : 220 &#8211; 1000 nm para ABS. &#8211; Sensibilidad* ABS con Espectr\u00f3metro: Espectro completo en &lt; 1 s pocillo Resoluci\u00f3n espectral seleccionable: 1, 2, 5, y 10 nm Rango de OD: 0 &#8211; 4 OD Exactitud: &lt; 1% a 2 OD Precision: &lt; 0.5% a 1 OD y &lt; 0.8% a 2 OD &#8211; Agitaci\u00f3n : Lineal, orbital, doble-orbital con tiempo y velocidad definibles por el usuario. &#8211; Purge Gas Vent : Sistema para inyectar una atm\u00f3sfera o para forzar vac\u00edo en el lector. &#8211; Lector de c\u00f3digo de barras integrado : Lector de c\u00f3digo de barras manual. &#8211; Incubaci\u00f3n : +3 \u00b0C sobre ambiente hasta 45 \u00b0C. &#8211; Software : Incluye software de control multiusuario y s\u00f3ftware de an\u00e1lisis MARS. Cumple la norma FDA 21 CFR Parte 11 &#8211; Dimensiones : Ancho: 36cm x Profundidad: 50cm x Altura: 16cm. &#8211; Peso: 10 kg<\/p>","protected":false},"excerpt":{"rendered":"<p><label class=\"label\">Marca<\/label>\u00a0Bmglabtech<\/p>\n<div class=\"product-information\">\n<div id=\"product-description-short-187\">Lector de microplaca spectrostar nano basic<\/div>\n<\/div>","protected":false},"featured_media":479,"template":"","meta":{"site-sidebar-layout":"default","site-content-layout":"","ast-site-content-layout":"default","site-content-style":"default","site-sidebar-style":"default","ast-global-header-display":"","ast-banner-title-visibility":"","ast-main-header-display":"","ast-hfb-above-header-display":"","ast-hfb-below-header-display":"","ast-hfb-mobile-header-display":"","site-post-title":"","ast-breadcrumbs-content":"","ast-featured-img":"","footer-sml-layout":"","ast-disable-related-posts":"","theme-transparent-header-meta":"","adv-header-id-meta":"","stick-header-meta":"","header-above-stick-meta":"","header-main-stick-meta":"","header-below-stick-meta":"","astra-migrate-meta-layouts":"default","ast-page-background-enabled":"default","ast-page-background-meta":{"desktop":{"background-color":"var(--ast-global-color-4)","background-image":"","background-repeat":"repeat","background-position":"center center","background-size":"auto","background-attachment":"scroll","background-type":"","background-media":"","overlay-type":"","overlay-color":"","overlay-opacity":"","overlay-gradient":""},"tablet":{"background-color":"","background-image":"","background-repeat":"repeat","background-position":"center center","background-size":"auto","background-attachment":"scroll","background-type":"","background-media":"","overlay-type":"","overlay-color":"","overlay-opacity":"","overlay-gradient":""},"mobile":{"background-color":"","background-image":"","background-repeat":"repeat","background-position":"center center","background-size":"auto","background-attachment":"scroll","background-type":"","background-media":"","overlay-type":"","overlay-color":"","overlay-opacity":"","overlay-gradient":""}},"ast-content-background-meta":{"desktop":{"background-color":"var(--ast-global-color-5)","background-image":"","background-repeat":"repeat","background-position":"center center","background-size":"auto","background-attachment":"scroll","background-type":"","background-media":"","overlay-type":"","overlay-color":"","overlay-opacity":"","overlay-gradient":""},"tablet":{"background-color":"var(--ast-global-color-5)","background-image":"","background-repeat":"repeat","background-position":"center center","background-size":"auto","background-attachment":"scroll","background-type":"","background-media":"","overlay-type":"","overlay-color":"","overlay-opacity":"","overlay-gradient":""},"mobile":{"background-color":"var(--ast-global-color-5)","background-image":"","background-repeat":"repeat","background-position":"center center","background-size":"auto","background-attachment":"scroll","background-type":"","background-media":"","overlay-type":"","overlay-color":"","overlay-opacity":"","overlay-gradient":""}}},"product_brand":[],"product_cat":[26],"product_tag":[],"class_list":{"0":"post-477","1":"product","2":"type-product","3":"status-publish","4":"has-post-thumbnail","6":"product_cat-espectrofotometria","7":"desktop-align-left","8":"tablet-align-left","9":"mobile-align-left","11":"first","12":"instock","13":"shipping-taxable","14":"purchasable","15":"product-type-simple"},"_links":{"self":[{"href":"https:\/\/ineqlab.cl\/en\/wp-json\/wp\/v2\/product\/477","targetHints":{"allow":["GET"]}}],"collection":[{"href":"https:\/\/ineqlab.cl\/en\/wp-json\/wp\/v2\/product"}],"about":[{"href":"https:\/\/ineqlab.cl\/en\/wp-json\/wp\/v2\/types\/product"}],"wp:featuredmedia":[{"embeddable":true,"href":"https:\/\/ineqlab.cl\/en\/wp-json\/wp\/v2\/media\/479"}],"wp:attachment":[{"href":"https:\/\/ineqlab.cl\/en\/wp-json\/wp\/v2\/media?parent=477"}],"wp:term":[{"taxonomy":"product_brand","embeddable":true,"href":"https:\/\/ineqlab.cl\/en\/wp-json\/wp\/v2\/product_brand?post=477"},{"taxonomy":"product_cat","embeddable":true,"href":"https:\/\/ineqlab.cl\/en\/wp-json\/wp\/v2\/product_cat?post=477"},{"taxonomy":"product_tag","embeddable":true,"href":"https:\/\/ineqlab.cl\/en\/wp-json\/wp\/v2\/product_tag?post=477"}],"curies":[{"name":"wp","href":"https:\/\/api.w.org\/{rel}","templated":true}]}}