{"id":481,"date":"2022-10-12T02:45:44","date_gmt":"2022-10-12T05:45:44","guid":{"rendered":"https:\/\/ineqlab.cl\/?post_type=product&#038;p=481"},"modified":"2023-03-12T19:31:33","modified_gmt":"2023-03-12T22:31:33","slug":"espectrofotometro-maestrogen-nanopro-rnadna","status":"publish","type":"product","link":"https:\/\/ineqlab.cl\/en\/product\/espectrofotometro-maestrogen-nanopro-rnadna\/","title":{"rendered":"Espectrofot\u00f3metro maestrogen nanopro rnadna"},"content":{"rendered":"<p>caracteristicas: maestronano pro es una tecnolog\u00eda completamente nueva de dise\u00f1o de sistemas \u00f3pticos de espectrofot\u00f3metro de micro volumen. no necesita fibra \u00f3ptica, adem\u00e1s, con el dise\u00f1o de diapositiva vertical que el \u00e1rea de medici\u00f3n de la muestra tambi\u00e9n es m\u00e1s duradera y estable. maestro nano pro tiene un rango confiable de medici\u00f3n de concentraci\u00f3n de 2 a 2000ng uL y tiene una gran resistencia a la interferencia de la luz ambiental para obtener una medici\u00f3n m\u00e1s precisa. Medida muestra tama\u00f1o 2uL A OD230nm, OD260nm, OD280nm. datos de medici\u00f3n Salida B Concentraci\u00f3n de muestra ng uL C OD260nm OD230nm, OD260nm OD280nm. Concentraci\u00f3n Manima 2ng uL dsDNA Concentraacio Maxima 2.000ng uL dsDNA Material de propagaci\u00f3n de luz Vidrio de cuarzo Rango de absorbancia 10 mm 0.04-40 longitud del onda -0.5mm tiempo de medici\u00f3n &lt;5 seg. sistema operativo Android OS 4.4.3 Resoluci\u00f3n LCD 7 pulgadas, matriz de puntos 1024 W x 600 H fuente de luz l\u00e1mpara de flash de xen\u00f3n almacenamiento interno 32GB interfaz de salida de datos impresora t\u00e9rmica 1. wi-fi x 1 usb 2. otg usb x 1 conectado a la PC para acceder interfaz de conexi\u00f3n de datos 3. ethernet x 1 RJ-45 4. USB x 2 mantenimiento Diagn\u00f3stico autom\u00e1tico, programa de calibraci\u00f3n, correcci\u00f3n de longitud de ruta voltaje de funcionamiento 12V dimensiones 26 x 26 x 20 cm peso 4.2Kg<\/p>","protected":false},"excerpt":{"rendered":"<p><label class=\"label\">Marca<\/label>\u00a0Maestrogen<\/p>\n<div class=\"product-information\">\n<div id=\"product-description-short-391\">Espectrofotometro maestrogen nanopro rnadna<\/div>\n<\/div>","protected":false},"featured_media":484,"template":"","meta":{"site-sidebar-layout":"default","site-content-layout":"","ast-site-content-layout":"default","site-content-style":"default","site-sidebar-style":"default","ast-global-header-display":"","ast-banner-title-visibility":"","ast-main-header-display":"","ast-hfb-above-header-display":"","ast-hfb-below-header-display":"","ast-hfb-mobile-header-display":"","site-post-title":"","ast-breadcrumbs-content":"","ast-featured-img":"","footer-sml-layout":"","ast-disable-related-posts":"","theme-transparent-header-meta":"","adv-header-id-meta":"","stick-header-meta":"","header-above-stick-meta":"","header-main-stick-meta":"","header-below-stick-meta":"","astra-migrate-meta-layouts":"default","ast-page-background-enabled":"default","ast-page-background-meta":{"desktop":{"background-color":"var(--ast-global-color-4)","background-image":"","background-repeat":"repeat","background-position":"center center","background-size":"auto","background-attachment":"scroll","background-type":"","background-media":"","overlay-type":"","overlay-color":"","overlay-opacity":"","overlay-gradient":""},"tablet":{"background-color":"","background-image":"","background-repeat":"repeat","background-position":"center center","background-size":"auto","background-attachment":"scroll","background-type":"","background-media":"","overlay-type":"","overlay-color":"","overlay-opacity":"","overlay-gradient":""},"mobile":{"background-color":"","background-image":"","background-repeat":"repeat","background-position":"center center","background-size":"auto","background-attachment":"scroll","background-type":"","background-media":"","overlay-type":"","overlay-color":"","overlay-opacity":"","overlay-gradient":""}},"ast-content-background-meta":{"desktop":{"background-color":"var(--ast-global-color-5)","background-image":"","background-repeat":"repeat","background-position":"center center","background-size":"auto","background-attachment":"scroll","background-type":"","background-media":"","overlay-type":"","overlay-color":"","overlay-opacity":"","overlay-gradient":""},"tablet":{"background-color":"var(--ast-global-color-5)","background-image":"","background-repeat":"repeat","background-position":"center center","background-size":"auto","background-attachment":"scroll","background-type":"","background-media":"","overlay-type":"","overlay-color":"","overlay-opacity":"","overlay-gradient":""},"mobile":{"background-color":"var(--ast-global-color-5)","background-image":"","background-repeat":"repeat","background-position":"center center","background-size":"auto","background-attachment":"scroll","background-type":"","background-media":"","overlay-type":"","overlay-color":"","overlay-opacity":"","overlay-gradient":""}}},"product_brand":[],"product_cat":[26],"product_tag":[],"class_list":{"0":"post-481","1":"product","2":"type-product","3":"status-publish","4":"has-post-thumbnail","6":"product_cat-espectrofotometria","7":"desktop-align-left","8":"tablet-align-left","9":"mobile-align-left","11":"first","12":"instock","13":"shipping-taxable","14":"purchasable","15":"product-type-simple"},"_links":{"self":[{"href":"https:\/\/ineqlab.cl\/en\/wp-json\/wp\/v2\/product\/481","targetHints":{"allow":["GET"]}}],"collection":[{"href":"https:\/\/ineqlab.cl\/en\/wp-json\/wp\/v2\/product"}],"about":[{"href":"https:\/\/ineqlab.cl\/en\/wp-json\/wp\/v2\/types\/product"}],"wp:featuredmedia":[{"embeddable":true,"href":"https:\/\/ineqlab.cl\/en\/wp-json\/wp\/v2\/media\/484"}],"wp:attachment":[{"href":"https:\/\/ineqlab.cl\/en\/wp-json\/wp\/v2\/media?parent=481"}],"wp:term":[{"taxonomy":"product_brand","embeddable":true,"href":"https:\/\/ineqlab.cl\/en\/wp-json\/wp\/v2\/product_brand?post=481"},{"taxonomy":"product_cat","embeddable":true,"href":"https:\/\/ineqlab.cl\/en\/wp-json\/wp\/v2\/product_cat?post=481"},{"taxonomy":"product_tag","embeddable":true,"href":"https:\/\/ineqlab.cl\/en\/wp-json\/wp\/v2\/product_tag?post=481"}],"curies":[{"name":"wp","href":"https:\/\/api.w.org\/{rel}","templated":true}]}}