{"id":485,"date":"2022-10-12T02:46:31","date_gmt":"2022-10-12T05:46:31","guid":{"rendered":"https:\/\/ineqlab.cl\/?post_type=product&#038;p=485"},"modified":"2023-03-12T19:31:33","modified_gmt":"2023-03-12T22:31:33","slug":"espectrometro-de-absorcion-atomica-zeeman","status":"publish","type":"product","link":"https:\/\/ineqlab.cl\/en\/product\/espectrometro-de-absorcion-atomica-zeeman\/","title":{"rendered":"Espectr\u00f3metro de absorci\u00f3n at\u00f3mica zeeman"},"content":{"rendered":"<p>Correcci\u00f3n de fondo de la Modulaci\u00f3n de Polarizaci\u00f3n de Alta Frecuencia Zeeman. La medici\u00f3n simult\u00e1nea de las absorciones totales y de fondo proporciona una correcci\u00f3n de fondo precisa, incluso para matrices de muestras complejas Las l\u00e1mparas de descarga de alta intensidad sin electrodos EDL garantizan l\u00edmites de detecci\u00f3n m\u00e1s bajos que las l\u00e1mparas tradicionales de c\u00e1todo hueco HCL y permiten la determinaci\u00f3n directa de ars\u00e9nico y selenio a niveles de partes por mill\u00f3n y subpartes por mill\u00f3n sin t\u00e9cnicas de generaci\u00f3n de hidruros Implementa el concepto de horno de plataforma a temperatura estabilizada STPF Las diferencias en instrumentos que surgen de diversas fuentes, por ejemplo, l\u00e1mparas espectrales y aparatos electr\u00f3nicos, se compensan eficazmente con un sistema \u00f3ptico de doble haz. No se requiere calentamiento T\u00e9cnica de generaci\u00f3n de vapor fr\u00edohidruro disponible Operaci\u00f3n silenciosa y tama\u00f1o peque\u00f1o. AUTOMATIZACI\u00d3N Y CAPACIDAD DE USO Conexi\u00f3n y medici\u00f3n inmediatas, software f\u00e1cil de usar para configurar las condiciones de uso, el almacenamiento de resultados y el procesamiento Torreta de 6 l\u00e1mparas controlada por PC dise\u00f1ada para los principales tipos de l\u00e1mparas de c\u00e1todo hueco y l\u00e1mparas de descarga sin electrodos Analizador autom\u00e1tico inteligente con todas las funciones de rutina Control autom\u00e1tico de seguridad. Capacitaciones, Servicio de garant\u00eda y post garant\u00eda, procedimientos anal\u00edticos personalizados a petici\u00f3n y soporte de validaci\u00f3n Suministro de insumos. ESPECIFICACIONES TENICAS Rango espectral 190 a 900 nm Tasa de calentamiento del horno Hasta 4500 Ks Caudal de arg\u00f3n arg\u00f3n de alta pureza &lt;1 lmin Horno de grafito S\u00ed Temperatura m\u00e1xima del atomizador del horno 3000 \u00b0C C\u00e1mara de l\u00e1mpara 6 l\u00e1mparas Tubos de grafito 28mm est\u00e1ndar Massman or L\u00b4vov type Autosampler Diluci\u00f3n, calibraci\u00f3n y lavado. Sistema de refrigeraci\u00f3n circuito cerrado de refrigeraci\u00f3n por agua Requerimientos el\u00e9ctricos trif\u00e1sica AC, 380V, 50 Hz. Modo espera y establecer par\u00e1metros anal\u00edticos &lt;0.1kW Modo atomizaci\u00f3n y purga dentro de 2 segundos &lt;6kW Vida \u00fatil del tubo 800 ciclos de calentamiento Tama\u00f1o 800 x 475 x 310 mm Peso 50 kg<\/p>","protected":false},"excerpt":{"rendered":"<p><label class=\"label\">Marca<\/label>\u00a0Lumex<\/p>\n<div class=\"product-information\">\n<div id=\"product-description-short-411\">Espectr\u00f3metro de absorci\u00f3n at\u00f3mica zeeman<\/div>\n<\/div>","protected":false},"featured_media":487,"template":"","meta":{"site-sidebar-layout":"default","site-content-layout":"","ast-site-content-layout":"default","site-content-style":"default","site-sidebar-style":"default","ast-global-header-display":"","ast-banner-title-visibility":"","ast-main-header-display":"","ast-hfb-above-header-display":"","ast-hfb-below-header-display":"","ast-hfb-mobile-header-display":"","site-post-title":"","ast-breadcrumbs-content":"","ast-featured-img":"","footer-sml-layout":"","ast-disable-related-posts":"","theme-transparent-header-meta":"","adv-header-id-meta":"","stick-header-meta":"","header-above-stick-meta":"","header-main-stick-meta":"","header-below-stick-meta":"","astra-migrate-meta-layouts":"default","ast-page-background-enabled":"default","ast-page-background-meta":{"desktop":{"background-color":"var(--ast-global-color-4)","background-image":"","background-repeat":"repeat","background-position":"center center","background-size":"auto","background-attachment":"scroll","background-type":"","background-media":"","overlay-type":"","overlay-color":"","overlay-opacity":"","overlay-gradient":""},"tablet":{"background-color":"","background-image":"","background-repeat":"repeat","background-position":"center center","background-size":"auto","background-attachment":"scroll","background-type":"","background-media":"","overlay-type":"","overlay-color":"","overlay-opacity":"","overlay-gradient":""},"mobile":{"background-color":"","background-image":"","background-repeat":"repeat","background-position":"center center","background-size":"auto","background-attachment":"scroll","background-type":"","background-media":"","overlay-type":"","overlay-color":"","overlay-opacity":"","overlay-gradient":""}},"ast-content-background-meta":{"desktop":{"background-color":"var(--ast-global-color-5)","background-image":"","background-repeat":"repeat","background-position":"center center","background-size":"auto","background-attachment":"scroll","background-type":"","background-media":"","overlay-type":"","overlay-color":"","overlay-opacity":"","overlay-gradient":""},"tablet":{"background-color":"var(--ast-global-color-5)","background-image":"","background-repeat":"repeat","background-position":"center center","background-size":"auto","background-attachment":"scroll","background-type":"","background-media":"","overlay-type":"","overlay-color":"","overlay-opacity":"","overlay-gradient":""},"mobile":{"background-color":"var(--ast-global-color-5)","background-image":"","background-repeat":"repeat","background-position":"center center","background-size":"auto","background-attachment":"scroll","background-type":"","background-media":"","overlay-type":"","overlay-color":"","overlay-opacity":"","overlay-gradient":""}}},"product_brand":[],"product_cat":[26],"product_tag":[],"class_list":{"0":"post-485","1":"product","2":"type-product","3":"status-publish","4":"has-post-thumbnail","6":"product_cat-espectrofotometria","7":"desktop-align-left","8":"tablet-align-left","9":"mobile-align-left","11":"first","12":"instock","13":"shipping-taxable","14":"purchasable","15":"product-type-simple"},"_links":{"self":[{"href":"https:\/\/ineqlab.cl\/en\/wp-json\/wp\/v2\/product\/485","targetHints":{"allow":["GET"]}}],"collection":[{"href":"https:\/\/ineqlab.cl\/en\/wp-json\/wp\/v2\/product"}],"about":[{"href":"https:\/\/ineqlab.cl\/en\/wp-json\/wp\/v2\/types\/product"}],"wp:featuredmedia":[{"embeddable":true,"href":"https:\/\/ineqlab.cl\/en\/wp-json\/wp\/v2\/media\/487"}],"wp:attachment":[{"href":"https:\/\/ineqlab.cl\/en\/wp-json\/wp\/v2\/media?parent=485"}],"wp:term":[{"taxonomy":"product_brand","embeddable":true,"href":"https:\/\/ineqlab.cl\/en\/wp-json\/wp\/v2\/product_brand?post=485"},{"taxonomy":"product_cat","embeddable":true,"href":"https:\/\/ineqlab.cl\/en\/wp-json\/wp\/v2\/product_cat?post=485"},{"taxonomy":"product_tag","embeddable":true,"href":"https:\/\/ineqlab.cl\/en\/wp-json\/wp\/v2\/product_tag?post=485"}],"curies":[{"name":"wp","href":"https:\/\/api.w.org\/{rel}","templated":true}]}}