{"id":495,"date":"2022-10-12T02:51:49","date_gmt":"2022-10-12T05:51:49","guid":{"rendered":"https:\/\/ineqlab.cl\/?post_type=product&#038;p=495"},"modified":"2023-03-12T19:31:33","modified_gmt":"2023-03-12T22:31:33","slug":"balanza-precis-digital-3000gr01gr","status":"publish","type":"product","link":"https:\/\/ineqlab.cl\/en\/product\/balanza-precis-digital-3000gr01gr\/","title":{"rendered":"Balanza precis. Digital 3000gr:0,1gr"},"content":{"rendered":"<p>Caracter\u00edsticas: &#8211; Manejo f\u00e1cil y c\u00f3modo mediante 2 teclas, &#8211; Con una estructura especialmente plana &#8211; La balanza se queda fija de forma segura, gracias a los pies de goma &#8211; Funci\u00f3n de apagado autom\u00e1tico para ahorrar energ\u00eda, desprogramable &#8211; Pesajes inferiores: Toma de carga mediante gancho en el lado inferior de la balanza. Datos t\u00e9cnicos: &#8211; Pantalla LCD grande, altura de d\u00edgitos 15 mm &#8211; Dimensiones del plato de pesaje \u00d8 150 mm, &#8211; Material del plato de pesaje: Pl\u00e1stico &#8211; Peso neto aprox. 0,5 kg &#8211; Temperatura ambiente admisible 5 \u00b0C 35 \u00b0C &#8211; Programa de ajuste CAL: Para el ajuste de la precisi\u00f3n. Se precisa de una pesa de ajuste externa. No Incluye: bater\u00edas y manual de instrucciones. Adaptador de corriente se vende por separado.<\/p>","protected":false},"excerpt":{"rendered":"<p><label class=\"label\">Marca<\/label>\u00a0KERN<\/p>\n<div class=\"product-information\">\n<div id=\"product-description-short-515\">Balanza precis. Digital 3000gr:0,1gr<\/div>\n<div class=\"product-actions\">\n<form id=\"add-to-cart-or-refresh\" action=\"https:\/\/ltech.cl\/carrito\" method=\"post\">\n<div class=\"product-variants\"><\/div>\n<section class=\"product-discounts\"><\/section>\n<div class=\"botoncomprarcotizar\">\n<div class=\"product-add-to-cart\"><\/div>\n<\/div>\n<\/form>\n<\/div>\n<\/div>","protected":false},"featured_media":493,"template":"","meta":{"site-sidebar-layout":"default","site-content-layout":"","ast-site-content-layout":"default","site-content-style":"default","site-sidebar-style":"default","ast-global-header-display":"","ast-banner-title-visibility":"","ast-main-header-display":"","ast-hfb-above-header-display":"","ast-hfb-below-header-display":"","ast-hfb-mobile-header-display":"","site-post-title":"","ast-breadcrumbs-content":"","ast-featured-img":"","footer-sml-layout":"","ast-disable-related-posts":"","theme-transparent-header-meta":"","adv-header-id-meta":"","stick-header-meta":"","header-above-stick-meta":"","header-main-stick-meta":"","header-below-stick-meta":"","astra-migrate-meta-layouts":"default","ast-page-background-enabled":"default","ast-page-background-meta":{"desktop":{"background-color":"var(--ast-global-color-4)","background-image":"","background-repeat":"repeat","background-position":"center center","background-size":"auto","background-attachment":"scroll","background-type":"","background-media":"","overlay-type":"","overlay-color":"","overlay-opacity":"","overlay-gradient":""},"tablet":{"background-color":"","background-image":"","background-repeat":"repeat","background-position":"center center","background-size":"auto","background-attachment":"scroll","background-type":"","background-media":"","overlay-type":"","overlay-color":"","overlay-opacity":"","overlay-gradient":""},"mobile":{"background-color":"","background-image":"","background-repeat":"repeat","background-position":"center center","background-size":"auto","background-attachment":"scroll","background-type":"","background-media":"","overlay-type":"","overlay-color":"","overlay-opacity":"","overlay-gradient":""}},"ast-content-background-meta":{"desktop":{"background-color":"var(--ast-global-color-5)","background-image":"","background-repeat":"repeat","background-position":"center center","background-size":"auto","background-attachment":"scroll","background-type":"","background-media":"","overlay-type":"","overlay-color":"","overlay-opacity":"","overlay-gradient":""},"tablet":{"background-color":"var(--ast-global-color-5)","background-image":"","background-repeat":"repeat","background-position":"center center","background-size":"auto","background-attachment":"scroll","background-type":"","background-media":"","overlay-type":"","overlay-color":"","overlay-opacity":"","overlay-gradient":""},"mobile":{"background-color":"var(--ast-global-color-5)","background-image":"","background-repeat":"repeat","background-position":"center center","background-size":"auto","background-attachment":"scroll","background-type":"","background-media":"","overlay-type":"","overlay-color":"","overlay-opacity":"","overlay-gradient":""}}},"product_brand":[],"product_cat":[25],"product_tag":[],"class_list":{"0":"post-495","1":"product","2":"type-product","3":"status-publish","4":"has-post-thumbnail","6":"product_cat-balanzas-equipos-de-precision","7":"desktop-align-left","8":"tablet-align-left","9":"mobile-align-left","11":"first","12":"instock","13":"shipping-taxable","14":"purchasable","15":"product-type-simple"},"_links":{"self":[{"href":"https:\/\/ineqlab.cl\/en\/wp-json\/wp\/v2\/product\/495","targetHints":{"allow":["GET"]}}],"collection":[{"href":"https:\/\/ineqlab.cl\/en\/wp-json\/wp\/v2\/product"}],"about":[{"href":"https:\/\/ineqlab.cl\/en\/wp-json\/wp\/v2\/types\/product"}],"wp:featuredmedia":[{"embeddable":true,"href":"https:\/\/ineqlab.cl\/en\/wp-json\/wp\/v2\/media\/493"}],"wp:attachment":[{"href":"https:\/\/ineqlab.cl\/en\/wp-json\/wp\/v2\/media?parent=495"}],"wp:term":[{"taxonomy":"product_brand","embeddable":true,"href":"https:\/\/ineqlab.cl\/en\/wp-json\/wp\/v2\/product_brand?post=495"},{"taxonomy":"product_cat","embeddable":true,"href":"https:\/\/ineqlab.cl\/en\/wp-json\/wp\/v2\/product_cat?post=495"},{"taxonomy":"product_tag","embeddable":true,"href":"https:\/\/ineqlab.cl\/en\/wp-json\/wp\/v2\/product_tag?post=495"}],"curies":[{"name":"wp","href":"https:\/\/api.w.org\/{rel}","templated":true}]}}