{"id":499,"date":"2022-10-12T02:54:11","date_gmt":"2022-10-12T05:54:11","guid":{"rendered":"https:\/\/ineqlab.cl\/?post_type=product&#038;p=499"},"modified":"2023-03-12T19:31:34","modified_gmt":"2023-03-12T22:31:34","slug":"durometro-movil-lebb-hmm-np","status":"publish","type":"product","link":"https:\/\/ineqlab.cl\/en\/product\/durometro-movil-lebb-hmm-np\/","title":{"rendered":"Dur\u00f3metro m\u00f3vil lebb hmm-np"},"content":{"rendered":"<p>El m\u00f3dulo de rebote se dispara mediante un resorte contra el objeto de prueba. Seg\u00fan la dureza del objeto, se absorber\u00e1 la energ\u00eda cin\u00e9tica del m\u00f3dulo. Se mide la disminuci\u00f3n de la velocidad y se transforma en valores de dureza Leeb. Captor externo de rebote Tipo D incluido Movilidad: SAUTER HMM. Ofrece, respecto a los aparatos fijos de sobremesa y los instrumentos de comprobaci\u00f3n de dureza con sensor interno, una movilidad y flexibilidad absoluta durante el empleo Realiza pruebas en todas las direcciones 360\u00b0 gracias a una funci\u00f3n de compensaci\u00f3n autom\u00e1tica Bloque de prueba dureza al comparaci\u00f3n incluido aprox. 790 \u00b1 40 HL Suministro en s\u00f3lidos maletines de transporte Memoria interna para un m\u00e1ximo de 9 grupos de medici\u00f3n, con un m\u00e1ximo de 9 valores individuales por grupo, a partir de los cuales se obtiene el valor medio del grupo Funci\u00f3n mini-estad\u00edstica: indica el valor de medici\u00f3n, el valor medio, la direcci\u00f3n de medici\u00f3n, la fecha y la hora TIPO DE MEDICION: SAUTER HMM-NP! Indicador de valores de medici\u00f3n: ROCKWELL B &amp; C, Vickers HV, Brinell HB, Shore HSD, Leeb HL, resistencia a tracci\u00f3n MPa Conversi\u00f3n de las unidades autom\u00e1tica: El resultado de medici\u00f3n se calcula autom\u00e1ticamente en todas la unidades de dureza nombradas<\/p>","protected":false},"excerpt":{"rendered":"<p><label class=\"label\">arca<\/label>\u00a0KERN<\/p>\n<div class=\"product-information\">\n<div id=\"product-description-short-513\">Durometro movil lebb hmm-np<\/div>\n<\/div>","protected":false},"featured_media":500,"template":"","meta":{"site-sidebar-layout":"default","site-content-layout":"","ast-site-content-layout":"default","site-content-style":"default","site-sidebar-style":"default","ast-global-header-display":"","ast-banner-title-visibility":"","ast-main-header-display":"","ast-hfb-above-header-display":"","ast-hfb-below-header-display":"","ast-hfb-mobile-header-display":"","site-post-title":"","ast-breadcrumbs-content":"","ast-featured-img":"","footer-sml-layout":"","ast-disable-related-posts":"","theme-transparent-header-meta":"","adv-header-id-meta":"","stick-header-meta":"","header-above-stick-meta":"","header-main-stick-meta":"","header-below-stick-meta":"","astra-migrate-meta-layouts":"default","ast-page-background-enabled":"default","ast-page-background-meta":{"desktop":{"background-color":"var(--ast-global-color-4)","background-image":"","background-repeat":"repeat","background-position":"center center","background-size":"auto","background-attachment":"scroll","background-type":"","background-media":"","overlay-type":"","overlay-color":"","overlay-opacity":"","overlay-gradient":""},"tablet":{"background-color":"","background-image":"","background-repeat":"repeat","background-position":"center center","background-size":"auto","background-attachment":"scroll","background-type":"","background-media":"","overlay-type":"","overlay-color":"","overlay-opacity":"","overlay-gradient":""},"mobile":{"background-color":"","background-image":"","background-repeat":"repeat","background-position":"center center","background-size":"auto","background-attachment":"scroll","background-type":"","background-media":"","overlay-type":"","overlay-color":"","overlay-opacity":"","overlay-gradient":""}},"ast-content-background-meta":{"desktop":{"background-color":"var(--ast-global-color-5)","background-image":"","background-repeat":"repeat","background-position":"center center","background-size":"auto","background-attachment":"scroll","background-type":"","background-media":"","overlay-type":"","overlay-color":"","overlay-opacity":"","overlay-gradient":""},"tablet":{"background-color":"var(--ast-global-color-5)","background-image":"","background-repeat":"repeat","background-position":"center center","background-size":"auto","background-attachment":"scroll","background-type":"","background-media":"","overlay-type":"","overlay-color":"","overlay-opacity":"","overlay-gradient":""},"mobile":{"background-color":"var(--ast-global-color-5)","background-image":"","background-repeat":"repeat","background-position":"center center","background-size":"auto","background-attachment":"scroll","background-type":"","background-media":"","overlay-type":"","overlay-color":"","overlay-opacity":"","overlay-gradient":""}}},"product_brand":[],"product_cat":[25],"product_tag":[],"class_list":{"0":"post-499","1":"product","2":"type-product","3":"status-publish","4":"has-post-thumbnail","6":"product_cat-balanzas-equipos-de-precision","7":"desktop-align-left","8":"tablet-align-left","9":"mobile-align-left","11":"first","12":"instock","13":"shipping-taxable","14":"purchasable","15":"product-type-simple"},"_links":{"self":[{"href":"https:\/\/ineqlab.cl\/en\/wp-json\/wp\/v2\/product\/499","targetHints":{"allow":["GET"]}}],"collection":[{"href":"https:\/\/ineqlab.cl\/en\/wp-json\/wp\/v2\/product"}],"about":[{"href":"https:\/\/ineqlab.cl\/en\/wp-json\/wp\/v2\/types\/product"}],"wp:featuredmedia":[{"embeddable":true,"href":"https:\/\/ineqlab.cl\/en\/wp-json\/wp\/v2\/media\/500"}],"wp:attachment":[{"href":"https:\/\/ineqlab.cl\/en\/wp-json\/wp\/v2\/media?parent=499"}],"wp:term":[{"taxonomy":"product_brand","embeddable":true,"href":"https:\/\/ineqlab.cl\/en\/wp-json\/wp\/v2\/product_brand?post=499"},{"taxonomy":"product_cat","embeddable":true,"href":"https:\/\/ineqlab.cl\/en\/wp-json\/wp\/v2\/product_cat?post=499"},{"taxonomy":"product_tag","embeddable":true,"href":"https:\/\/ineqlab.cl\/en\/wp-json\/wp\/v2\/product_tag?post=499"}],"curies":[{"name":"wp","href":"https:\/\/api.w.org\/{rel}","templated":true}]}}