{"id":501,"date":"2022-10-12T02:55:09","date_gmt":"2022-10-12T05:55:09","guid":{"rendered":"https:\/\/ineqlab.cl\/?post_type=product&#038;p=501"},"modified":"2023-03-12T19:31:34","modified_gmt":"2023-03-12T22:31:34","slug":"balanza-dig-precision-3500gr-0-01gr","status":"publish","type":"product","link":"https:\/\/ineqlab.cl\/en\/product\/balanza-dig-precision-3500gr-0-01gr\/","title":{"rendered":"Balanza dig. Precisi\u00f3n 3500gr: 0.01gr"},"content":{"rendered":"<p>Caracter\u00edsticas Tecnicas: Funci\u00f3n PRE-TARE para pre reducci\u00f3n manual del peso de un recipiente conocido, \u00fatil para el control de cantidades de llenado Unidad de pesaje programable libremente: para la indicaci\u00f3n directa en longitud de hilo gm, peso del papel gm2, o similar. Determinaci\u00f3n de porcentajes: permite pesar con respecto a un valor preestablecido el 100 % y determinar la divergencia en % con respecto a ese valor de referencia. Especificaciones Tecnicas: Pantalla LCD retro iluminada, altura de d\u00edgitos 15 mm Dimensiones del plato de pesaje 130&#215;130 mm, Material del plato de pesaje, acero inoxidable Puede utilizarse con pilas, 9 V bloque no incluida. Tiempo de funcionamiento hasta 12 h. Funci\u00f3n apagado autom\u00e1tico, des programable. Temperatura ambiente admisible 5 \u00b0C 35 \u00b0C Funci\u00f3n de retenci\u00f3n: para pesaje de animales. Interfaz de datos RS-232 cable no incluido. Protocolo GLPISO solo para impresoras Kern, no incluida con el equipo Calibraci\u00f3n externa Incluye: adaptador de corriente, gancho para pesajes inferiores y manual de instrucciones.<\/p>","protected":false},"excerpt":{"rendered":"<p><label class=\"label\">Marca<\/label>\u00a0KERN<\/p>\n<div class=\"product-information\">\n<div id=\"product-description-short-519\">Balanza dig. Precision 3500gr: 0.01gr<\/div>\n<\/div>","protected":false},"featured_media":502,"template":"","meta":{"site-sidebar-layout":"default","site-content-layout":"","ast-site-content-layout":"default","site-content-style":"default","site-sidebar-style":"default","ast-global-header-display":"","ast-banner-title-visibility":"","ast-main-header-display":"","ast-hfb-above-header-display":"","ast-hfb-below-header-display":"","ast-hfb-mobile-header-display":"","site-post-title":"","ast-breadcrumbs-content":"","ast-featured-img":"","footer-sml-layout":"","ast-disable-related-posts":"","theme-transparent-header-meta":"","adv-header-id-meta":"","stick-header-meta":"","header-above-stick-meta":"","header-main-stick-meta":"","header-below-stick-meta":"","astra-migrate-meta-layouts":"default","ast-page-background-enabled":"default","ast-page-background-meta":{"desktop":{"background-color":"var(--ast-global-color-4)","background-image":"","background-repeat":"repeat","background-position":"center center","background-size":"auto","background-attachment":"scroll","background-type":"","background-media":"","overlay-type":"","overlay-color":"","overlay-opacity":"","overlay-gradient":""},"tablet":{"background-color":"","background-image":"","background-repeat":"repeat","background-position":"center center","background-size":"auto","background-attachment":"scroll","background-type":"","background-media":"","overlay-type":"","overlay-color":"","overlay-opacity":"","overlay-gradient":""},"mobile":{"background-color":"","background-image":"","background-repeat":"repeat","background-position":"center center","background-size":"auto","background-attachment":"scroll","background-type":"","background-media":"","overlay-type":"","overlay-color":"","overlay-opacity":"","overlay-gradient":""}},"ast-content-background-meta":{"desktop":{"background-color":"var(--ast-global-color-5)","background-image":"","background-repeat":"repeat","background-position":"center center","background-size":"auto","background-attachment":"scroll","background-type":"","background-media":"","overlay-type":"","overlay-color":"","overlay-opacity":"","overlay-gradient":""},"tablet":{"background-color":"var(--ast-global-color-5)","background-image":"","background-repeat":"repeat","background-position":"center center","background-size":"auto","background-attachment":"scroll","background-type":"","background-media":"","overlay-type":"","overlay-color":"","overlay-opacity":"","overlay-gradient":""},"mobile":{"background-color":"var(--ast-global-color-5)","background-image":"","background-repeat":"repeat","background-position":"center center","background-size":"auto","background-attachment":"scroll","background-type":"","background-media":"","overlay-type":"","overlay-color":"","overlay-opacity":"","overlay-gradient":""}}},"product_brand":[],"product_cat":[25],"product_tag":[],"class_list":{"0":"post-501","1":"product","2":"type-product","3":"status-publish","4":"has-post-thumbnail","6":"product_cat-balanzas-equipos-de-precision","7":"desktop-align-left","8":"tablet-align-left","9":"mobile-align-left","11":"first","12":"instock","13":"shipping-taxable","14":"purchasable","15":"product-type-simple"},"_links":{"self":[{"href":"https:\/\/ineqlab.cl\/en\/wp-json\/wp\/v2\/product\/501","targetHints":{"allow":["GET"]}}],"collection":[{"href":"https:\/\/ineqlab.cl\/en\/wp-json\/wp\/v2\/product"}],"about":[{"href":"https:\/\/ineqlab.cl\/en\/wp-json\/wp\/v2\/types\/product"}],"wp:featuredmedia":[{"embeddable":true,"href":"https:\/\/ineqlab.cl\/en\/wp-json\/wp\/v2\/media\/502"}],"wp:attachment":[{"href":"https:\/\/ineqlab.cl\/en\/wp-json\/wp\/v2\/media?parent=501"}],"wp:term":[{"taxonomy":"product_brand","embeddable":true,"href":"https:\/\/ineqlab.cl\/en\/wp-json\/wp\/v2\/product_brand?post=501"},{"taxonomy":"product_cat","embeddable":true,"href":"https:\/\/ineqlab.cl\/en\/wp-json\/wp\/v2\/product_cat?post=501"},{"taxonomy":"product_tag","embeddable":true,"href":"https:\/\/ineqlab.cl\/en\/wp-json\/wp\/v2\/product_tag?post=501"}],"curies":[{"name":"wp","href":"https:\/\/api.w.org\/{rel}","templated":true}]}}