{"id":520,"date":"2022-10-12T03:06:15","date_gmt":"2022-10-12T06:06:15","guid":{"rendered":"https:\/\/ineqlab.cl\/?post_type=product&#038;p=520"},"modified":"2023-03-12T19:31:34","modified_gmt":"2023-03-12T22:31:34","slug":"calorimetro-global-estandar-mod-c6000","status":"publish","type":"product","link":"https:\/\/ineqlab.cl\/en\/product\/calorimetro-global-estandar-mod-c6000\/","title":{"rendered":"Calor\u00edmetro global estandar mod.c6000"},"content":{"rendered":"<p>Calor\u00edmetro con bomba de ox\u00edgeno, combina tecnolog\u00eda moderna, variabilidad y automatizaci\u00f3n en un solo instrumento. De acuerdo a los est\u00e1ndares internacionales como DIN, ISO, ASTM, GOST y GB. El operador puede elegir entre tres temperaturas de inicio diferentes de 22 \u00b0 C, 25 \u00b0 C, 30 \u00b0 C en cada modo de medici\u00f3n. Debido al nuevo dise\u00f1o compacto y con recipiente de descomposici\u00f3n, el tiempo de medici\u00f3n se reduce. Se puede utilizar con diferentes interfaces para PC, impresora Ethernet, serie y USB, balanza y memoria USB. Esta unidad se adapta f\u00e1cilmente a las necesidades espec\u00edficas de las aplicaciones del cliente. Es posible una mayor gesti\u00f3n de datos a trav\u00e9s de un sistema LIMS con nuestro software de calor\u00edmetro C 6040 Calwin Accesorio. &#8220;Encendido autom\u00e1tico y determinaci\u00f3n de la energ\u00eda de encendido. &#8220;Llenado y vaciado autom\u00e1tico de agua. &#8220;Llenado autom\u00e1tico de ox\u00edgeno, ventilaci\u00f3n y lavado. &#8220;Tecnolog\u00eda RFID para la identificaci\u00f3n autom\u00e1tica de recipientes de descomposici\u00f3n. &#8220;Nuevo dise\u00f1o del recipiente de descomposici\u00f3n que permite una preparaci\u00f3n de muestras m\u00e1s f\u00e1cil y r\u00e1pida. &#8220;Operaci\u00f3n de pantalla t\u00e1ctil, f\u00e1cil y conveniente &#8220;Control de vista de gr\u00e1ficos y correcci\u00f3n de c\u00e1lculo. &#8220;Interfaz Ethernet para conectar una impresora de red. &#8220;Interfaz USB que permite una f\u00e1cil gesti\u00f3n de datos y actualizaciones de software Especificaciones tecnicas : Rango de medici\u00f3n m\u00e1x. 40000 J Modo de medici\u00f3n adiab\u00e1tico 22\u00b0C, 25\u00b0C, 30\u00b0C s\u00ed Modo de medici\u00f3n din\u00e1mica 22\u00b0C, 25\u00b0C, 30\u00b0C s\u00ed Modo de medici\u00f3n isoperib\u00f3lico 22\u00b0C, 25\u00b0C, 30\u00b0C s\u00ed medicionesh adiab\u00e1tico 5 medicionesh din\u00e1mico 6 medicionesh isoperib\u00f3lico 4 Reproducibilidad adiab\u00e1tica 1g \u00e1cido benzoico NBS39i 0.05 %RSD Reproducibilidad din\u00e1mica 1g \u00e1cido benzoico NBS39i 0.15 %RSD Reproducibilidad isoperib\u00f3lico 1g \u00e1cido benzoico NBS39i 0.05 %RSD Pantalla t\u00e1ctil s\u00ed Funcionamiento de temperatura 22 &#8211; 30 \u00b0C Resoluci\u00f3n de medida de temperatura 0.0001 K Temperatura del medio refrigerante 12 &#8211; 27 \u00b0C Presi\u00f3n de funcionamiento permitida del medio refrigerante 1.5 bar Medio refrigerante agua del grifo Tipo de enfriamiento flujo chiller RC 2 Basic Flujo 60 &#8211; 70 lh Caudal registrado a 18 \u00b0C 60 lh Presi\u00f3n m\u00e1x. de operaci\u00f3n de ox\u00edgeno 40 bar Escala del interfaz RS232 Impresora del interfaz USB PC del interfaz RS232 Estante de prueba del interfaz s\u00ed Teclado ext. del interfaz s\u00ed Llenado de ox\u00edgeno s\u00ed Desgasificaci\u00f3n s\u00ed Detecci\u00f3n de descomposici\u00f3n s\u00ed Vaso descomposici\u00f3n C 6010 s\u00ed An\u00e1lisis de acuerdo al DIN 519000, ISO 1716, ISO 9831, 15170, CEN TS 14918 s\u00ed An\u00e1lisis de acuerdo al ASTM D240, D4809, D5865, E711 s\u00ed An\u00e1lisis de acuerdo al ISO 1928 s\u00ed An\u00e1lisis de acuerdo al GB T213 s\u00ed Dimensiones 500x425x450 mm Peso 29 kg Temperatura ambiental permitida 20 &#8211; 30 \u00b0C Humedad relativa permitida 80 % Clase de protecci\u00f3n de acuerdo al DIN EN 60529 IP 20 Interfaz de RS 232 s\u00ed Interfaz de USB s\u00ed Voltaje 220-240100-120V Frecuencia 5060 Hz Consumo de energ\u00eda 1700W<\/p>","protected":false},"excerpt":{"rendered":"<p><label class=\"label\">Marca<\/label>\u00a0IKA<\/p>\n<div class=\"product-information\">\n<div id=\"product-description-short-322\">Calorimetro global estandar mod.c6000<\/div>\n<\/div>","protected":false},"featured_media":521,"template":"","meta":{"site-sidebar-layout":"default","site-content-layout":"","ast-site-content-layout":"default","site-content-style":"default","site-sidebar-style":"default","ast-global-header-display":"","ast-banner-title-visibility":"","ast-main-header-display":"","ast-hfb-above-header-display":"","ast-hfb-below-header-display":"","ast-hfb-mobile-header-display":"","site-post-title":"","ast-breadcrumbs-content":"","ast-featured-img":"","footer-sml-layout":"","ast-disable-related-posts":"","theme-transparent-header-meta":"","adv-header-id-meta":"","stick-header-meta":"","header-above-stick-meta":"","header-main-stick-meta":"","header-below-stick-meta":"","astra-migrate-meta-layouts":"default","ast-page-background-enabled":"default","ast-page-background-meta":{"desktop":{"background-color":"var(--ast-global-color-4)","background-image":"","background-repeat":"repeat","background-position":"center center","background-size":"auto","background-attachment":"scroll","background-type":"","background-media":"","overlay-type":"","overlay-color":"","overlay-opacity":"","overlay-gradient":""},"tablet":{"background-color":"","background-image":"","background-repeat":"repeat","background-position":"center center","background-size":"auto","background-attachment":"scroll","background-type":"","background-media":"","overlay-type":"","overlay-color":"","overlay-opacity":"","overlay-gradient":""},"mobile":{"background-color":"","background-image":"","background-repeat":"repeat","background-position":"center center","background-size":"auto","background-attachment":"scroll","background-type":"","background-media":"","overlay-type":"","overlay-color":"","overlay-opacity":"","overlay-gradient":""}},"ast-content-background-meta":{"desktop":{"background-color":"var(--ast-global-color-5)","background-image":"","background-repeat":"repeat","background-position":"center center","background-size":"auto","background-attachment":"scroll","background-type":"","background-media":"","overlay-type":"","overlay-color":"","overlay-opacity":"","overlay-gradient":""},"tablet":{"background-color":"var(--ast-global-color-5)","background-image":"","background-repeat":"repeat","background-position":"center center","background-size":"auto","background-attachment":"scroll","background-type":"","background-media":"","overlay-type":"","overlay-color":"","overlay-opacity":"","overlay-gradient":""},"mobile":{"background-color":"var(--ast-global-color-5)","background-image":"","background-repeat":"repeat","background-position":"center center","background-size":"auto","background-attachment":"scroll","background-type":"","background-media":"","overlay-type":"","overlay-color":"","overlay-opacity":"","overlay-gradient":""}}},"product_brand":[],"product_cat":[27],"product_tag":[],"class_list":{"0":"post-520","1":"product","2":"type-product","3":"status-publish","4":"has-post-thumbnail","6":"product_cat-calorimetria","7":"desktop-align-left","8":"tablet-align-left","9":"mobile-align-left","11":"first","12":"instock","13":"shipping-taxable","14":"purchasable","15":"product-type-simple"},"_links":{"self":[{"href":"https:\/\/ineqlab.cl\/en\/wp-json\/wp\/v2\/product\/520","targetHints":{"allow":["GET"]}}],"collection":[{"href":"https:\/\/ineqlab.cl\/en\/wp-json\/wp\/v2\/product"}],"about":[{"href":"https:\/\/ineqlab.cl\/en\/wp-json\/wp\/v2\/types\/product"}],"wp:featuredmedia":[{"embeddable":true,"href":"https:\/\/ineqlab.cl\/en\/wp-json\/wp\/v2\/media\/521"}],"wp:attachment":[{"href":"https:\/\/ineqlab.cl\/en\/wp-json\/wp\/v2\/media?parent=520"}],"wp:term":[{"taxonomy":"product_brand","embeddable":true,"href":"https:\/\/ineqlab.cl\/en\/wp-json\/wp\/v2\/product_brand?post=520"},{"taxonomy":"product_cat","embeddable":true,"href":"https:\/\/ineqlab.cl\/en\/wp-json\/wp\/v2\/product_cat?post=520"},{"taxonomy":"product_tag","embeddable":true,"href":"https:\/\/ineqlab.cl\/en\/wp-json\/wp\/v2\/product_tag?post=520"}],"curies":[{"name":"wp","href":"https:\/\/api.w.org\/{rel}","templated":true}]}}