{"id":524,"date":"2022-10-12T14:11:10","date_gmt":"2022-10-12T17:11:10","guid":{"rendered":"https:\/\/ineqlab.cl\/?post_type=product&#038;p=524"},"modified":"2023-03-12T19:31:34","modified_gmt":"2023-03-12T22:31:34","slug":"termociclador-tiempo-real-2-canales-line-gene-k","status":"publish","type":"product","link":"https:\/\/ineqlab.cl\/en\/product\/termociclador-tiempo-real-2-canales-line-gene-k\/","title":{"rendered":"Termociclador tiempo real 2 canales line gene k"},"content":{"rendered":"<section id=\"wrapper\">\n<div class=\"container\">\n<div id=\"content-wrapper\">\n<section id=\"main\">\n<div class=\"row product-container\">\n<div class=\"col-md-12\">\n<div class=\"tabs\">\n<div id=\"tab-content\" class=\"tab-content\">\n<div id=\"description\" class=\"tab-pane fade in active\" role=\"tabpanel\">\n<div class=\"product-description\">Caracteristicas Tecnicas : LineGene K plus tiene una velocidad de calentamiento y enfriamiento m\u00e1s r\u00e1pida, mejor precisi\u00f3n en el control de temperatura, uniformidad de temperatura y estabilidad de la m\u00e1quina con el Peltier especialmente hecho por Ferrotec, tecnolog\u00eda avanzada de fibra \u00f3ptica y el modo de patente de detecci\u00f3n de fondo. Se puede utilizar con Windows Tablet PC. Esta nueva operaci\u00f3n de pantalla t\u00e1ctil le brindar\u00e1 la mejor experiencia de interacci\u00f3n persona-computadora. Incluye tablet Modelo LINE GENE K F1:SYBR GREEN, FAM F2: VIC,HEX, JOE, Cy3,TAMRA Temp del bloque. Rango 4 ~ 105\u00b0C la escala de configuraci\u00f3n m\u00ednima es 0,1 \u00b0C Tasa de enfriamiento 4C s m\u00e1x. Temperatura. Exactitud de control = + 0.1\u00b0C 55\u00b0C valor t\u00edpico Temperatura. Fluctuaci\u00f3n = \u00b1 0,1\u00b0C Temperatura. Uniformidad = \u00b1 0,3\u00b0C Temp. De tapa caliente Rango 70-110\u00b0C ajustable, predeterminado 105\u00b0C, tapa caliente autom\u00e1tica Modo de operaci\u00f3n: Tres bloques de control de temperatura independientes, 0,1-6 ? Diferencia de temperatura entre bloques. Temperatura. Modo de control: Continuo Funci\u00f3n: Cuantificaci\u00f3n absoluta, cuantificaci\u00f3n relativa, an\u00e1lisis SNP, genotipado de curvas de fusi\u00f3n, gradiente, HRM, correcci\u00f3n de diafon\u00eda multicanal, correcci\u00f3n de fondo, ganancia autom\u00e1tica, par\u00e1metros personalizados. Sistema operativo: Microsoft: Windows XP Windows 7 Windows 8.1 Windows 10 Configuraci\u00f3n de PC Surface Pro series, PC port\u00e1til Conexion: Adaptador RS232, adaptador USB, adaptador Bluetooth Fuente de alimentaci\u00f3n 100-240V- 50 60Hz 600W Dimensi\u00f3n 384 mm x 353 mm x 348 mm Peso 13kg<\/div>\n<\/div>\n<\/div>\n<\/div>\n<\/div>\n<\/div>\n<\/section>\n<\/div>\n<footer class=\"page-footer\"><\/footer>\n<\/div>\n<\/section>\n<footer id=\"footer\">\n<section class=\"footuyu\">\n<div class=\"container-fluid\">\n<div class=\"row\"><\/div>\n<\/div>\n<\/section>\n<div class=\"footer-container\">\n<div class=\"container\">\n<div class=\"row\">\n<div class=\"footer-grid1\"><\/div>\n<\/div>\n<\/div>\n<\/div>\n<\/footer>","protected":false},"excerpt":{"rendered":"<p><label class=\"label\">Marca<\/label>\u00a0Bioer<\/p>\n<div class=\"product-information\">\n<div id=\"product-description-short-229\">Termociclador tiempo real 2 canales line gene k<\/div>\n<\/div>","protected":false},"featured_media":525,"template":"","meta":{"site-sidebar-layout":"default","site-content-layout":"","ast-site-content-layout":"default","site-content-style":"default","site-sidebar-style":"default","ast-global-header-display":"","ast-banner-title-visibility":"","ast-main-header-display":"","ast-hfb-above-header-display":"","ast-hfb-below-header-display":"","ast-hfb-mobile-header-display":"","site-post-title":"","ast-breadcrumbs-content":"","ast-featured-img":"","footer-sml-layout":"","ast-disable-related-posts":"","theme-transparent-header-meta":"","adv-header-id-meta":"","stick-header-meta":"","header-above-stick-meta":"","header-main-stick-meta":"","header-below-stick-meta":"","astra-migrate-meta-layouts":"default","ast-page-background-enabled":"default","ast-page-background-meta":{"desktop":{"background-color":"var(--ast-global-color-4)","background-image":"","background-repeat":"repeat","background-position":"center center","background-size":"auto","background-attachment":"scroll","background-type":"","background-media":"","overlay-type":"","overlay-color":"","overlay-opacity":"","overlay-gradient":""},"tablet":{"background-color":"","background-image":"","background-repeat":"repeat","background-position":"center center","background-size":"auto","background-attachment":"scroll","background-type":"","background-media":"","overlay-type":"","overlay-color":"","overlay-opacity":"","overlay-gradient":""},"mobile":{"background-color":"","background-image":"","background-repeat":"repeat","background-position":"center center","background-size":"auto","background-attachment":"scroll","background-type":"","background-media":"","overlay-type":"","overlay-color":"","overlay-opacity":"","overlay-gradient":""}},"ast-content-background-meta":{"desktop":{"background-color":"var(--ast-global-color-5)","background-image":"","background-repeat":"repeat","background-position":"center center","background-size":"auto","background-attachment":"scroll","background-type":"","background-media":"","overlay-type":"","overlay-color":"","overlay-opacity":"","overlay-gradient":""},"tablet":{"background-color":"var(--ast-global-color-5)","background-image":"","background-repeat":"repeat","background-position":"center center","background-size":"auto","background-attachment":"scroll","background-type":"","background-media":"","overlay-type":"","overlay-color":"","overlay-opacity":"","overlay-gradient":""},"mobile":{"background-color":"var(--ast-global-color-5)","background-image":"","background-repeat":"repeat","background-position":"center center","background-size":"auto","background-attachment":"scroll","background-type":"","background-media":"","overlay-type":"","overlay-color":"","overlay-opacity":"","overlay-gradient":""}}},"product_brand":[],"product_cat":[28],"product_tag":[],"class_list":{"0":"post-524","1":"product","2":"type-product","3":"status-publish","4":"has-post-thumbnail","6":"product_cat-termocicladores","7":"desktop-align-left","8":"tablet-align-left","9":"mobile-align-left","11":"first","12":"instock","13":"shipping-taxable","14":"purchasable","15":"product-type-simple"},"_links":{"self":[{"href":"https:\/\/ineqlab.cl\/en\/wp-json\/wp\/v2\/product\/524","targetHints":{"allow":["GET"]}}],"collection":[{"href":"https:\/\/ineqlab.cl\/en\/wp-json\/wp\/v2\/product"}],"about":[{"href":"https:\/\/ineqlab.cl\/en\/wp-json\/wp\/v2\/types\/product"}],"wp:featuredmedia":[{"embeddable":true,"href":"https:\/\/ineqlab.cl\/en\/wp-json\/wp\/v2\/media\/525"}],"wp:attachment":[{"href":"https:\/\/ineqlab.cl\/en\/wp-json\/wp\/v2\/media?parent=524"}],"wp:term":[{"taxonomy":"product_brand","embeddable":true,"href":"https:\/\/ineqlab.cl\/en\/wp-json\/wp\/v2\/product_brand?post=524"},{"taxonomy":"product_cat","embeddable":true,"href":"https:\/\/ineqlab.cl\/en\/wp-json\/wp\/v2\/product_cat?post=524"},{"taxonomy":"product_tag","embeddable":true,"href":"https:\/\/ineqlab.cl\/en\/wp-json\/wp\/v2\/product_tag?post=524"}],"curies":[{"name":"wp","href":"https:\/\/api.w.org\/{rel}","templated":true}]}}