{"id":530,"date":"2022-10-12T14:13:31","date_gmt":"2022-10-12T17:13:31","guid":{"rendered":"https:\/\/ineqlab.cl\/?post_type=product&#038;p=530"},"modified":"2023-03-12T19:31:34","modified_gmt":"2023-03-12T22:31:34","slug":"termociclador-tiempo-real-5-canales-quantgene-9600","status":"publish","type":"product","link":"https:\/\/ineqlab.cl\/en\/product\/termociclador-tiempo-real-5-canales-quantgene-9600\/","title":{"rendered":"Termociclador tiempo real 5 canales quantgene 9600"},"content":{"rendered":"<section id=\"wrapper\">\n<div class=\"container\">\n<div id=\"content-wrapper\">\n<section id=\"main\">\n<div class=\"row product-container\">\n<div class=\"col-md-12\">\n<div class=\"tabs\">\n<div id=\"tab-content\" class=\"tab-content\">\n<div id=\"description\" class=\"tab-pane fade in active\" role=\"tabpanel\">\n<div class=\"product-description\">Modelo FQD-96C QuantGene 9600 ha adoptado una tecnolog\u00eda de refrigeraci\u00f3n termoel\u00e9ctrica madura, una fuente de luz completamente nueva y un dise\u00f1o de trayectoria de luz. La potencia de corriente del condtante \u00fanica y el m\u00e9todo de control de temperatura independiente de 6 zonas garantizan un an\u00e1lisis cuantitativo de fluorescencia m\u00e1s r\u00e1pido, correcto y estable del producto, al tiempo que mantiene su excelente rendimiento en un bajo consumo de energ\u00eda. Especificaciones T\u00e9cnicas Capacidad de muestra Tubo \u00fanico de 0,2 ml tap\u00f3n transparente, 96 \u00d7 0,2 0,1 ml Placa tap\u00f3n transparente, tubos de 8 tiras tap\u00f3n transparente Volumen de reacci\u00f3n 10-100ul placa 96 Rango de din\u00e1mica 1-1010 copias L Longitud de onda de excitaci\u00f3n 300 ~ 800 nm Longitud de onda de emisi\u00f3n 500 ~ 800 nm Temp del bloque. Rango 4-105 \u00b0 C Incremento m\u00ednimo: 0,1 \u00b0C Temperatura. Modo de control Modo de simulaci\u00f3n BLOCK TUBE Temperatura. Tecnolog\u00eda de control Peltier Temperatura. Resoluci\u00f3n de pantalla \u00b1 0,15 \u00b0 C Temperatura. Uniformidad= \u00b1 0,2 \u00b0 C Tasa m\u00e1xima de calentamiento 6 \u00b0 C s Tasa m\u00e1xima de enfriamiento 5,5 \u00b0 C s Secci\u00f3n de control de gradiente 6 Temp. Independiente zona de control Temperatura de la tapa caliente Rango: 30-110 \u00b0 C Canal de detecci\u00f3n Tintes de fluorescencia F1: FAM SYBR GreenI F2: VIC ? HEX. TET ? JOE ? TAMRA ? CY3 ? NED F3: ROX. Texas-Rojo F4: Cy5 F5: Solicitud de Cliente Fuente de alimentaci\u00f3n 100-240 V, 5060 Hz 1000 W Interface de comunicaci\u00f3n Adaptador USB a PC, adaptador bluetooth Sensibilidad Distinguir 500 y 1000 concentraciones Dimensi\u00f3n 380 * 400 * 380mm Peso neto 20KG<\/div>\n<\/div>\n<\/div>\n<\/div>\n<\/div>\n<\/div>\n<\/section>\n<\/div>\n<footer class=\"page-footer\"><\/footer>\n<\/div>\n<\/section>\n<footer id=\"footer\">\n<section class=\"footuyu\">\n<div class=\"container-fluid\">\n<div class=\"row\"><\/div>\n<\/div>\n<\/section>\n<div class=\"footer-container\">\n<div class=\"container\">\n<div class=\"row\">\n<div class=\"footer-grid1\"><\/div>\n<\/div>\n<\/div>\n<\/div>\n<\/footer>","protected":false},"excerpt":{"rendered":"<p><label class=\"label\">Marca<\/label>\u00a0Bioer<\/p>\n<div class=\"product-information\">\n<div id=\"product-description-short-232\">Termociclador tiempo real 5 canales quantgene 9600<\/div>\n<\/div>","protected":false},"featured_media":531,"template":"","meta":{"site-sidebar-layout":"default","site-content-layout":"","ast-site-content-layout":"default","site-content-style":"default","site-sidebar-style":"default","ast-global-header-display":"","ast-banner-title-visibility":"","ast-main-header-display":"","ast-hfb-above-header-display":"","ast-hfb-below-header-display":"","ast-hfb-mobile-header-display":"","site-post-title":"","ast-breadcrumbs-content":"","ast-featured-img":"","footer-sml-layout":"","ast-disable-related-posts":"","theme-transparent-header-meta":"","adv-header-id-meta":"","stick-header-meta":"","header-above-stick-meta":"","header-main-stick-meta":"","header-below-stick-meta":"","astra-migrate-meta-layouts":"default","ast-page-background-enabled":"default","ast-page-background-meta":{"desktop":{"background-color":"var(--ast-global-color-4)","background-image":"","background-repeat":"repeat","background-position":"center center","background-size":"auto","background-attachment":"scroll","background-type":"","background-media":"","overlay-type":"","overlay-color":"","overlay-opacity":"","overlay-gradient":""},"tablet":{"background-color":"","background-image":"","background-repeat":"repeat","background-position":"center center","background-size":"auto","background-attachment":"scroll","background-type":"","background-media":"","overlay-type":"","overlay-color":"","overlay-opacity":"","overlay-gradient":""},"mobile":{"background-color":"","background-image":"","background-repeat":"repeat","background-position":"center center","background-size":"auto","background-attachment":"scroll","background-type":"","background-media":"","overlay-type":"","overlay-color":"","overlay-opacity":"","overlay-gradient":""}},"ast-content-background-meta":{"desktop":{"background-color":"var(--ast-global-color-5)","background-image":"","background-repeat":"repeat","background-position":"center center","background-size":"auto","background-attachment":"scroll","background-type":"","background-media":"","overlay-type":"","overlay-color":"","overlay-opacity":"","overlay-gradient":""},"tablet":{"background-color":"var(--ast-global-color-5)","background-image":"","background-repeat":"repeat","background-position":"center center","background-size":"auto","background-attachment":"scroll","background-type":"","background-media":"","overlay-type":"","overlay-color":"","overlay-opacity":"","overlay-gradient":""},"mobile":{"background-color":"var(--ast-global-color-5)","background-image":"","background-repeat":"repeat","background-position":"center center","background-size":"auto","background-attachment":"scroll","background-type":"","background-media":"","overlay-type":"","overlay-color":"","overlay-opacity":"","overlay-gradient":""}}},"product_brand":[],"product_cat":[28],"product_tag":[],"class_list":{"0":"post-530","1":"product","2":"type-product","3":"status-publish","4":"has-post-thumbnail","6":"product_cat-termocicladores","7":"desktop-align-left","8":"tablet-align-left","9":"mobile-align-left","11":"first","12":"instock","13":"shipping-taxable","14":"purchasable","15":"product-type-simple"},"_links":{"self":[{"href":"https:\/\/ineqlab.cl\/en\/wp-json\/wp\/v2\/product\/530","targetHints":{"allow":["GET"]}}],"collection":[{"href":"https:\/\/ineqlab.cl\/en\/wp-json\/wp\/v2\/product"}],"about":[{"href":"https:\/\/ineqlab.cl\/en\/wp-json\/wp\/v2\/types\/product"}],"wp:featuredmedia":[{"embeddable":true,"href":"https:\/\/ineqlab.cl\/en\/wp-json\/wp\/v2\/media\/531"}],"wp:attachment":[{"href":"https:\/\/ineqlab.cl\/en\/wp-json\/wp\/v2\/media?parent=530"}],"wp:term":[{"taxonomy":"product_brand","embeddable":true,"href":"https:\/\/ineqlab.cl\/en\/wp-json\/wp\/v2\/product_brand?post=530"},{"taxonomy":"product_cat","embeddable":true,"href":"https:\/\/ineqlab.cl\/en\/wp-json\/wp\/v2\/product_cat?post=530"},{"taxonomy":"product_tag","embeddable":true,"href":"https:\/\/ineqlab.cl\/en\/wp-json\/wp\/v2\/product_tag?post=530"}],"curies":[{"name":"wp","href":"https:\/\/api.w.org\/{rel}","templated":true}]}}