{"id":534,"date":"2022-10-12T14:15:44","date_gmt":"2022-10-12T17:15:44","guid":{"rendered":"https:\/\/ineqlab.cl\/?post_type=product&#038;p=534"},"modified":"2023-03-12T19:31:34","modified_gmt":"2023-03-12T22:31:34","slug":"termociclador-cgradiente-mod-gene-explorer-96x02ml","status":"publish","type":"product","link":"https:\/\/ineqlab.cl\/en\/product\/termociclador-cgradiente-mod-gene-explorer-96x02ml\/","title":{"rendered":"Termociclador cgradiente mod. Gene explorer 96&#215;0,2ml"},"content":{"rendered":"<section id=\"wrapper\">\n<div class=\"container\">\n<div id=\"content-wrapper\">\n<section id=\"main\">\n<div class=\"row product-container\">\n<div class=\"col-md-12\">\n<div class=\"tabs\">\n<div id=\"tab-content\" class=\"tab-content\">\n<div id=\"description\" class=\"tab-pane fade in active\" role=\"tabpanel\">\n<div class=\"product-description\">Gene Explorer es la nueva serie de productos que cambia el concepto de dise\u00f1o tradicional de la empresa Bioer, combina las caracter\u00edsticas de la tecnolog\u00eda de control de temperatura avanzada, presenta la capa fria de control de temperatura de cer\u00e1mica semiconductora personalizada por Japan Ferrotec, con el objetivo de producir un equipo de amplificaci\u00f3n m\u00e1s simple y rentable. Por primera vez, este producto utiliza una aplicaci\u00f3n de sincronizaci\u00f3n de tel\u00e9fono m\u00f3vil para monitorear el funcionamiento del dispositivo en tiempo real y manipular de forma remota la funci\u00f3n de apagado de varios dispositivos en red. Su sistema operativo de interfaz de usuario \u00fanico no solo realiza la operaci\u00f3n con un solo clic de una sola interfaz, sino que tambi\u00e9n realiza una serie de operaciones inteligentes en l\u00ednea Especificaciones: -Capacidad de muestra : 96&#215;0,2ml -Rango de temperatura : 4-105\u00b0C -Calentamiento enfriamiento max : 6\u00b0C5.5\u00b0C por segundo. -Rango gradiente : 30\u00b0C -105\u00b0C -Uniformidad de block : +- 0,2\u00b0C -Control temperatura de tapa : 30-110\u00b0C cierre autom\u00e1tico seg\u00fan sea el caso. -M\u00e1ximo de ciclos : 99 -Memoria: 2000 programas para almacenar, ilimitados con expansi\u00f3n de unidad flash USB -Interfaz: USB, LAN, WIFI -Aplicaci\u00f3n movil: iOS Android -Corriente: 220V50Hz &#8211; Medidas: 420x269x254mm -Peso: 10,5 kg<\/div>\n<\/div>\n<\/div>\n<\/div>\n<\/div>\n<\/div>\n<\/section>\n<\/div>\n<footer class=\"page-footer\"><\/footer>\n<\/div>\n<\/section>\n<footer id=\"footer\">\n<section class=\"footuyu\">\n<div class=\"container-fluid\">\n<div class=\"row\"><\/div>\n<\/div>\n<\/section>\n<div class=\"footer-container\">\n<div class=\"container\">\n<div class=\"row\">\n<div class=\"footer-grid1\"><\/div>\n<\/div>\n<\/div>\n<\/div>\n<\/footer>","protected":false},"excerpt":{"rendered":"<p><label class=\"label\">Marca<\/label>\u00a0Bioer<\/p>\n<div class=\"product-information\">\n<div id=\"product-description-short-234\">Termociclador cgradiente mod. Gene explorer 96&#215;0,2ml<\/div>\n<\/div>","protected":false},"featured_media":535,"template":"","meta":{"site-sidebar-layout":"default","site-content-layout":"","ast-site-content-layout":"default","site-content-style":"default","site-sidebar-style":"default","ast-global-header-display":"","ast-banner-title-visibility":"","ast-main-header-display":"","ast-hfb-above-header-display":"","ast-hfb-below-header-display":"","ast-hfb-mobile-header-display":"","site-post-title":"","ast-breadcrumbs-content":"","ast-featured-img":"","footer-sml-layout":"","ast-disable-related-posts":"","theme-transparent-header-meta":"","adv-header-id-meta":"","stick-header-meta":"","header-above-stick-meta":"","header-main-stick-meta":"","header-below-stick-meta":"","astra-migrate-meta-layouts":"default","ast-page-background-enabled":"default","ast-page-background-meta":{"desktop":{"background-color":"var(--ast-global-color-4)","background-image":"","background-repeat":"repeat","background-position":"center center","background-size":"auto","background-attachment":"scroll","background-type":"","background-media":"","overlay-type":"","overlay-color":"","overlay-opacity":"","overlay-gradient":""},"tablet":{"background-color":"","background-image":"","background-repeat":"repeat","background-position":"center center","background-size":"auto","background-attachment":"scroll","background-type":"","background-media":"","overlay-type":"","overlay-color":"","overlay-opacity":"","overlay-gradient":""},"mobile":{"background-color":"","background-image":"","background-repeat":"repeat","background-position":"center center","background-size":"auto","background-attachment":"scroll","background-type":"","background-media":"","overlay-type":"","overlay-color":"","overlay-opacity":"","overlay-gradient":""}},"ast-content-background-meta":{"desktop":{"background-color":"var(--ast-global-color-5)","background-image":"","background-repeat":"repeat","background-position":"center center","background-size":"auto","background-attachment":"scroll","background-type":"","background-media":"","overlay-type":"","overlay-color":"","overlay-opacity":"","overlay-gradient":""},"tablet":{"background-color":"var(--ast-global-color-5)","background-image":"","background-repeat":"repeat","background-position":"center center","background-size":"auto","background-attachment":"scroll","background-type":"","background-media":"","overlay-type":"","overlay-color":"","overlay-opacity":"","overlay-gradient":""},"mobile":{"background-color":"var(--ast-global-color-5)","background-image":"","background-repeat":"repeat","background-position":"center center","background-size":"auto","background-attachment":"scroll","background-type":"","background-media":"","overlay-type":"","overlay-color":"","overlay-opacity":"","overlay-gradient":""}}},"product_brand":[],"product_cat":[28],"product_tag":[],"class_list":{"0":"post-534","1":"product","2":"type-product","3":"status-publish","4":"has-post-thumbnail","6":"product_cat-termocicladores","7":"desktop-align-left","8":"tablet-align-left","9":"mobile-align-left","11":"first","12":"instock","13":"shipping-taxable","14":"purchasable","15":"product-type-simple"},"_links":{"self":[{"href":"https:\/\/ineqlab.cl\/en\/wp-json\/wp\/v2\/product\/534","targetHints":{"allow":["GET"]}}],"collection":[{"href":"https:\/\/ineqlab.cl\/en\/wp-json\/wp\/v2\/product"}],"about":[{"href":"https:\/\/ineqlab.cl\/en\/wp-json\/wp\/v2\/types\/product"}],"wp:featuredmedia":[{"embeddable":true,"href":"https:\/\/ineqlab.cl\/en\/wp-json\/wp\/v2\/media\/535"}],"wp:attachment":[{"href":"https:\/\/ineqlab.cl\/en\/wp-json\/wp\/v2\/media?parent=534"}],"wp:term":[{"taxonomy":"product_brand","embeddable":true,"href":"https:\/\/ineqlab.cl\/en\/wp-json\/wp\/v2\/product_brand?post=534"},{"taxonomy":"product_cat","embeddable":true,"href":"https:\/\/ineqlab.cl\/en\/wp-json\/wp\/v2\/product_cat?post=534"},{"taxonomy":"product_tag","embeddable":true,"href":"https:\/\/ineqlab.cl\/en\/wp-json\/wp\/v2\/product_tag?post=534"}],"curies":[{"name":"wp","href":"https:\/\/api.w.org\/{rel}","templated":true}]}}